{"id":53777,"date":"2022-06-21T17:54:42","date_gmt":"2022-06-21T15:54:42","guid":{"rendered":"https:\/\/secureus.se\/produkt\/magicard-600-duo-id-card-printer-dual-sided\/"},"modified":"2026-04-23T12:58:16","modified_gmt":"2026-04-23T10:58:16","slug":"kortskrivare-magicard-600-duo","status":"publish","type":"product","link":"https:\/\/secureus.se\/fr\/kortskrivare-magicard-600-duo\/","title":{"rendered":"Imprimante de cartes Magicard 600 DUO - Imprimante de cartes d&#039;identit\u00e9 (double face)"},"content":{"rendered":"<header class=\"attribute-sleeve-header center\"><\/header>\n<h3 data-section-id=\"rbaclb\" data-start=\"753\" data-end=\"842\">Magicard 600 DUO \u2013 Imprimante de cartes d&#039;identit\u00e9 s\u00e9curis\u00e9e et haute r\u00e9solution pour usage professionnel<\/h3>\n<p data-start=\"844\" data-end=\"1207\">L&#039;imprimante Magicard 600 DUO est l&#039;une des imprimantes directes sur carte les plus performantes du march\u00e9. Con\u00e7ue pour les organisations exigeant un niveau maximal de s\u00e9curit\u00e9, de performance et de qualit\u00e9 d&#039;impression, elle allie rapidit\u00e9 d&#039;impression, haute r\u00e9solution et protection multicouche des donn\u00e9es, ce qui en fait le choix id\u00e9al pour les entreprises, les administrations, les \u00e9tablissements scolaires et les environnements \u00e0 haute s\u00e9curit\u00e9.<\/p>\n<hr data-start=\"1209\" data-end=\"1212\" \/>\n<h3 data-section-id=\"2cw7l6\" data-start=\"1214\" data-end=\"1251\">Cartes nettes avec un niveau de d\u00e9tail \u00e9lev\u00e9<\/h3>\n<p data-start=\"1253\" data-end=\"1405\">Avec une r\u00e9solution de 600 x 300 ppp (r\u00e9sine), la Magicard 600 peut imprimer des textes tr\u00e8s petits et nets, jusqu&#039;\u00e0 environ 5 points. Elle est donc id\u00e9ale pour\u00a0:<\/p>\n<ul data-start=\"1407\" data-end=\"1534\">\n<li data-section-id=\"1oyl7dz\" data-start=\"1407\" data-end=\"1441\">Carte d&#039;identit\u00e9 avec beaucoup d&#039;informations<\/li>\n<li data-section-id=\"5bh5s9\" data-start=\"1442\" data-end=\"1486\">Cartes comportant des microtextes et des \u00e9l\u00e9ments de s\u00e9curit\u00e9<\/li>\n<li data-section-id=\"1lzosh9\" data-start=\"1487\" data-end=\"1534\">Cartes d&#039;acc\u00e8s professionnelles de haute pr\u00e9cision<\/li>\n<\/ul>\n<p data-start=\"1536\" data-end=\"1673\">Le r\u00e9sultat est une carte aux d\u00e9tails pr\u00e9cis, aux lignes nettes et \u00e0 la lisibilit\u00e9 optimale, m\u00eame avec des mises en page complexes.<\/p>\n<hr data-start=\"1675\" data-end=\"1678\" \/>\n<h3 data-section-id=\"18lu4i3\" data-start=\"1680\" data-end=\"1725\">Impression recto verso pour une fonctionnalit\u00e9 maximale<\/h3>\n<p data-start=\"1727\" data-end=\"1796\">Ce mod\u00e8le DUO est dot\u00e9 d&#039;une impression recto verso automatique, vous offrant :<\/p>\n<ul data-start=\"1798\" data-end=\"1920\">\n<li data-section-id=\"l5vk6r\" data-start=\"1798\" data-end=\"1829\">Plus d&#039;espace pour les informations<\/li>\n<li data-section-id=\"yh27do\" data-start=\"1830\" data-end=\"1876\">Possibilit\u00e9 de dissocier design et fonction<\/li>\n<li data-section-id=\"1itnfsn\" data-start=\"1877\" data-end=\"1920\">Cartes professionnelles \u00e0 la structure claire<\/li>\n<\/ul>\n<p data-start=\"1922\" data-end=\"2046\">Id\u00e9al, par exemple, pour les cartes d&#039;identit\u00e9 du personnel, o\u00f9 le recto affiche l&#039;identit\u00e9 et le verso contient les r\u00e8gles, le code-barres ou l&#039;autorisation.<\/p>\n<hr data-start=\"2048\" data-end=\"2051\" \/>\n<h3 data-section-id=\"195pgvj\" data-start=\"2053\" data-end=\"2094\">Vitesse \u00e9lev\u00e9e pour une production efficace<\/h3>\n<p data-start=\"2096\" data-end=\"2128\">La Magicard 600 est con\u00e7ue pour la vitesse\u00a0:<\/p>\n<ul data-start=\"2130\" data-end=\"2262\">\n<li data-section-id=\"49htln\" data-start=\"2130\" data-end=\"2168\">Jusqu&#039;\u00e0 190 cartes par heure en couleur<\/li>\n<li data-section-id=\"xo7jkt\" data-start=\"2169\" data-end=\"2220\">Impression rapide en moins de 20 secondes par carte<\/li>\n<li data-section-id=\"3ymz0y\" data-start=\"2221\" data-end=\"2262\">Fonctionnement stable dans des environnements \u00e0 d\u00e9bit \u00e9lev\u00e9<\/li>\n<\/ul>\n<p data-start=\"2264\" data-end=\"2391\">Cela la rend id\u00e9ale pour les entreprises qui produisent des cartes en continu ou en grandes quantit\u00e9s.<\/p>\n<hr data-start=\"2393\" data-end=\"2396\" \/>\n<h3 data-section-id=\"1m7zz6t\" data-start=\"2398\" data-end=\"2433\">S\u00e9curit\u00e9 avanc\u00e9e \u2013 pour de vrai<\/h3>\n<p data-start=\"2435\" data-end=\"2501\">C\u2019est l\u00e0 que la Magicard 600 se distingue par rapport aux imprimantes plus simples.<\/p>\n<h4 data-start=\"2503\" data-end=\"2529\">Protection des donn\u00e9es int\u00e9gr\u00e9e<\/h4>\n<ul data-start=\"2530\" data-end=\"2649\">\n<li data-section-id=\"1wwna9j\" data-start=\"2530\" data-end=\"2597\"><strong data-start=\"2532\" data-end=\"2553\">Destruction num\u00e9rique<\/strong> efface les donn\u00e9es sensibles apr\u00e8s chaque impression<\/li>\n<li data-section-id=\"1gfn1kc\" data-start=\"2598\" data-end=\"2649\">Emp\u00eache l&#039;imprimante de stocker des donn\u00e9es personnelles<\/li>\n<\/ul>\n<h4 data-start=\"2651\" data-end=\"2683\">Plateforme v\u00e9rifi\u00e9e en mati\u00e8re de s\u00e9curit\u00e9<\/h4>\n<ul data-start=\"2684\" data-end=\"2818\">\n<li data-section-id=\"1jymvo1\" data-start=\"2684\" data-end=\"2763\"><strong data-start=\"2686\" data-end=\"2709\">Analyse comparative des menaces<\/strong> signifie que l&#039;imprimante est test\u00e9e contre les menaces de s\u00e9curit\u00e9 connues<\/li>\n<li data-section-id=\"jsmiz\" data-start=\"2764\" data-end=\"2818\">Mises \u00e0 jour r\u00e9guli\u00e8res pour une s\u00e9curit\u00e9 optimale<\/li>\n<\/ul>\n<h4 data-start=\"2820\" data-end=\"2845\">Transfert de donn\u00e9es s\u00e9curis\u00e9<\/h4>\n<ul data-start=\"2846\" data-end=\"2924\">\n<li data-section-id=\"ww1if7\" data-start=\"2846\" data-end=\"2924\"><strong data-start=\"2848\" data-end=\"2872\">Codage sur une seule ligne<\/strong> permet une gestion s\u00e9curis\u00e9e des donn\u00e9es provenant des centres de donn\u00e9es<\/li>\n<\/ul>\n<hr data-start=\"2965\" data-end=\"2968\" \/>\n<h3 data-section-id=\"1lpgvsr\" data-start=\"2970\" data-end=\"3004\">S\u00e9curit\u00e9 visuelle avec HoloKote\u00ae<\/h3>\n<ul data-start=\"3006\" data-end=\"3118\">\n<li data-section-id=\"134ltd2\" data-start=\"3006\" data-end=\"3045\">Filigrane int\u00e9gr\u00e9 sur chaque carte<\/li>\n<li data-section-id=\"1b1gbxs\" data-start=\"3046\" data-end=\"3086\">Jusqu&#039;\u00e0 10 mod\u00e8les pr\u00e9install\u00e9s<\/li>\n<li data-section-id=\"9ybuao\" data-start=\"3087\" data-end=\"3118\">Possibilit\u00e9 d&#039;utiliser votre propre logo<\/li>\n<\/ul>\n<p data-start=\"3120\" data-end=\"3219\">Prot\u00e8ge contre la copie et donne une impression plus professionnelle.<\/p>\n<hr data-start=\"3221\" data-end=\"3224\" \/>\n<h3 data-section-id=\"7tic9w\" data-start=\"3226\" data-end=\"3256\">Wi-Fi et int\u00e9gration facile<\/h3>\n<p data-start=\"3258\" data-end=\"3297\">La Magicard 600 est pr\u00eate \u00e0 l&#039;emploi d\u00e8s sa sortie de la bo\u00eete\u00a0:<\/p>\n<ul data-start=\"3299\" data-end=\"3398\">\n<li data-section-id=\"142d0jd\" data-start=\"3299\" data-end=\"3319\">USB et Ethernet<\/li>\n<li data-section-id=\"bpem8l\" data-start=\"3320\" data-end=\"3354\">Wi-Fi en standard (avec dongle)<\/li>\n<li data-section-id=\"zyvgsx\" data-start=\"3355\" data-end=\"3398\">Installation facile sur les r\u00e9seaux existants<\/li>\n<\/ul>\n<p data-start=\"3400\" data-end=\"3507\">Vous pouvez d\u00e9marrer rapidement sans installation avanc\u00e9e ni ressources informatiques.<\/p>\n<hr data-start=\"3509\" data-end=\"3512\" \/>\n<h3 data-section-id=\"1gnkv0m\" data-start=\"3514\" data-end=\"3560\">Garantie et fiabilit\u00e9 op\u00e9rationnelle de pointe<\/h3>\n<p data-start=\"3562\" data-end=\"3652\">La Magicard 600 est livr\u00e9e avec <strong data-start=\"3589\" data-end=\"3607\">Couverture magique Plus<\/strong>, ce qui constitue l&#039;une des meilleures garanties du march\u00e9\u00a0:<\/p>\n<ul data-start=\"3654\" data-end=\"3769\">\n<li data-section-id=\"l98imx\" data-start=\"3654\" data-end=\"3671\">Garantie de 3 ans<\/li>\n<li data-section-id=\"67xrhw\" data-start=\"3672\" data-end=\"3704\">T\u00eate d&#039;impression incluse sans probl\u00e8me<\/li>\n<li data-section-id=\"1yujaa5\" data-start=\"3705\" data-end=\"3742\">Imprimante de pr\u00eat\/\u00e9change \u00e0 chaud en cas de besoin<\/li>\n<li data-section-id=\"2tjo3t\" data-start=\"3743\" data-end=\"3769\">Assistance technique mondiale<\/li>\n<\/ul>\n<p data-start=\"3812\" data-end=\"3943\">Pour que la garantie s&#039;applique, l&#039;utilisation de consommables d&#039;origine et un entretien r\u00e9gulier sont requis.<\/p>\n<hr data-start=\"3945\" data-end=\"3948\" \/>\n<h3 data-section-id=\"9sdkbe\" data-start=\"3950\" data-end=\"3977\">Production de cartes flexible<\/h3>\n<p data-start=\"3979\" data-end=\"4004\">Prise en charge de plusieurs types de cartes\u00a0:<\/p>\n<ul data-start=\"4006\" data-end=\"4121\">\n<li data-section-id=\"17e25u1\" data-start=\"4006\" data-end=\"4024\">Carte plastique CR80<\/li>\n<li data-section-id=\"m77ese\" data-start=\"4025\" data-end=\"4039\">Carte magn\u00e9tique<\/li>\n<li data-section-id=\"187qey3\" data-start=\"4040\" data-end=\"4079\">Carte \u00e0 puce \/ carte RFID (MIFARE, DESFire, iClass - Nous en avons la plupart en stock)<\/li>\n<li data-section-id=\"1fozm27\" data-start=\"4080\" data-end=\"4121\">Carte avec puce ou encodage (en option)<\/li>\n<\/ul>\n<p data-start=\"4123\" data-end=\"4189\">\u00c9paisseur de la carte : 0,51 \u2013 1,02 mm<\/p>\n<hr data-start=\"4191\" data-end=\"4194\" \/>\n<h3 data-section-id=\"2s7fqp\" data-start=\"4196\" data-end=\"4237\">Sp\u00e9cifications techniques (en bref)<\/h3>\n<ul data-start=\"4239\" data-end=\"4516\">\n<li data-section-id=\"gpnub3\" data-start=\"4239\" data-end=\"4267\">Mod\u00e8le : Magicard 600 DUO<\/li>\n<li data-section-id=\"gdekxs\" data-start=\"4268\" data-end=\"4302\">Num\u00e9ro d&#039;article : P-MAG-3652-5021<\/li>\n<li data-section-id=\"1vn1bje\" data-start=\"4303\" data-end=\"4328\">Impression recto verso<\/li>\n<li data-section-id=\"5e1idc\" data-start=\"4329\" data-end=\"4358\">R\u00e9solution : 600 x 300 ppp<\/li>\n<li data-section-id=\"17nzkcu\" data-start=\"4359\" data-end=\"4397\">Vitesse : jusqu&#039;\u00e0 190 cartes\/heure<\/li>\n<li data-section-id=\"6qlhy1\" data-start=\"4398\" data-end=\"4427\">Capacit\u00e9 : 100 entr\u00e9es \/ 70 sorties<\/li>\n<li data-section-id=\"16s8c15\" data-start=\"4428\" data-end=\"4463\">Connexion : USB, Ethernet, Wi-Fi<\/li>\n<li data-section-id=\"183q6gj\" data-start=\"4464\" data-end=\"4483\">Poids : environ 4,7 kg<\/li>\n<li data-section-id=\"269k5\" data-start=\"4484\" data-end=\"4516\">Garantie : 3 ans MagiCover Plus<\/li>\n<\/ul>\n<hr data-start=\"4518\" data-end=\"4521\" \/>\n<h3 data-section-id=\"rpfyu3\" data-start=\"4523\" data-end=\"4543\">Important \u00e0 savoir<\/h3>\n<ul data-start=\"4545\" data-end=\"4695\">\n<li data-section-id=\"ddg5am\" data-start=\"4545\" data-end=\"4566\">Ruban non inclus \u2013 \u00e0 acheter s\u00e9par\u00e9ment<\/li>\n<li data-section-id=\"1qloq4v\" data-start=\"4567\" data-end=\"4633\">Pour de meilleurs r\u00e9sultats, il est recommand\u00e9 d&#039;utiliser les consommables Magicard d&#039;origine.<\/li>\n<li data-section-id=\"1dwctm2\" data-start=\"4634\" data-end=\"4695\">Un nettoyage r\u00e9gulier est n\u00e9cessaire pour un fonctionnement optimal et la garantie.<\/li>\n<\/ul>\n<hr data-start=\"4697\" data-end=\"4700\" \/>\n<h3 data-section-id=\"ethgyn\" data-start=\"4702\" data-end=\"4717\">Parfait pour<\/h3>\n<ul data-start=\"4719\" data-end=\"4891\">\n<li data-section-id=\"xat3aq\" data-start=\"4719\" data-end=\"4747\">Entreprises dot\u00e9es de syst\u00e8mes de contr\u00f4le d&#039;acc\u00e8s<\/li>\n<li data-section-id=\"ei9hza\" data-start=\"4748\" data-end=\"4774\">\u00c9coles et universit\u00e9s<\/li>\n<li data-section-id=\"cali8m\" data-start=\"4775\" data-end=\"4820\">Autorit\u00e9s et environnements classifi\u00e9s de s\u00e9curit\u00e9<\/li>\n<li data-section-id=\"uv9a7s\" data-start=\"4821\" data-end=\"4845\">Cartes de membre et d&#039;identit\u00e9<\/li>\n<li data-section-id=\"1lhyh42\" data-start=\"4846\" data-end=\"4891\">\u00c9v\u00e9nements et organisations \u00e0 haute s\u00e9curit\u00e9<\/li>\n<\/ul>\n<hr data-start=\"4893\" data-end=\"4896\" \/>\n<h2 data-section-id=\"ikim3p\" data-start=\"4898\" data-end=\"4960\"><span role=\"text\"><strong data-start=\"4901\" data-end=\"4960\">Qu&#039;est-ce qui rend ce mod\u00e8le r\u00e9ellement meilleur que les mod\u00e8les moins chers ?<\/strong><\/span><\/h2>\n<ul data-start=\"4962\" data-end=\"5137\">\n<li data-section-id=\"mdi6vq\" data-start=\"4962\" data-end=\"5003\">S\u00e9curit\u00e9 r\u00e9elle des donn\u00e9es (et pas seulement des impressions)<\/li>\n<li data-section-id=\"y4bto1\" data-start=\"5004\" data-end=\"5046\">600 ppp pour les petits textes et les d\u00e9tails d&#039;identification<\/li>\n<li data-section-id=\"nbw9w3\" data-start=\"5047\" data-end=\"5068\">Wi-Fi en standard<\/li>\n<li data-section-id=\"1x4dets\" data-start=\"5069\" data-end=\"5104\">MagiCover Plus avec imprimante de pr\u00eat<\/li>\n<li data-section-id=\"7wyiht\" data-start=\"5105\" data-end=\"5137\">Con\u00e7u pour un fonctionnement continu<\/li>\n<\/ul>","protected":false},"excerpt":{"rendered":"<p data-start=\"737\" data-end=\"1000\"><strong data-start=\"737\" data-end=\"1000\">L&#039;imprimante Magicard 600 DUO est une imprimante professionnelle recto verso pour cartes d&#039;identit\u00e9, con\u00e7ue pour les entreprises et les organisations exigeant une s\u00e9curit\u00e9 renforc\u00e9e, une impression de haute qualit\u00e9 et une production rapide. Elle est id\u00e9ale pour les cartes d&#039;identit\u00e9, les cartes d&#039;acc\u00e8s, les cartes de membre et autres cartes plastiques utilis\u00e9es en milieu professionnel.<\/strong><\/p>\n<ul data-start=\"1002\" data-end=\"1303\">\n<li data-section-id=\"n2ztkq\" data-start=\"1002\" data-end=\"1067\">Imprimante de cartes d&#039;identit\u00e9 recto verso pour la production professionnelle de cartes<\/li>\n<li data-section-id=\"1ptcvh5\" data-start=\"1068\" data-end=\"1139\">Haute r\u00e9solution de 600 x 300 ppp pour un texte net et des d\u00e9tails pr\u00e9cis.<\/li>\n<li data-section-id=\"d0p5ki\" data-start=\"1140\" data-end=\"1175\">Jusqu&#039;\u00e0 190 cartes couleur par heure<\/li>\n<li data-section-id=\"1x9ze86\" data-start=\"1176\" data-end=\"1219\">Filigrane de s\u00e9curit\u00e9 HoloKote int\u00e9gr\u00e9<\/li>\n<li data-section-id=\"1bv28rw\" data-start=\"1220\" data-end=\"1270\">Wi-Fi, USB et Ethernet pour une connectivit\u00e9 flexible<\/li>\n<li data-section-id=\"1dn7irl\" data-start=\"1271\" data-end=\"1303\">Garantie MagiCover Plus de 4 ans<\/li>\n<li data-section-id=\"1dn7irl\" data-start=\"1271\" data-end=\"1303\">Logiciel inclus<\/li>\n<\/ul>","protected":false},"featured_media":144196,"template":"","meta":{"_acf_changed":false},"product_brand":[],"product_cat":[3208],"product_tag":[3850,3172,3174,4863,3069],"class_list":{"0":"post-53777","1":"product","2":"type-product","3":"status-publish","4":"has-post-thumbnail","6":"product_cat-magicard","7":"product_tag-bastsaljare","8":"product_tag-dubbelsidig-dual-side","9":"product_tag-magicard","10":"product_tag-pf","11":"product_tag-trade-produkt","12":"product_shipping_class-tunga-paket","13":"pa_brands-magicard","14":"pa_fabrikat-kortskrivare-magicard","15":"tm-no-options","17":"first","18":"instock","19":"sale","20":"taxable","21":"shipping-taxable","22":"purchasable","23":"product-type-simple"},"acf":[],"_links":{"self":[{"href":"https:\/\/secureus.se\/fr\/wp-json\/wp\/v2\/product\/53777","targetHints":{"allow":["GET"]}}],"collection":[{"href":"https:\/\/secureus.se\/fr\/wp-json\/wp\/v2\/product"}],"about":[{"href":"https:\/\/secureus.se\/fr\/wp-json\/wp\/v2\/types\/product"}],"wp:featuredmedia":[{"embeddable":true,"href":"https:\/\/secureus.se\/fr\/wp-json\/wp\/v2\/media\/144196"}],"wp:attachment":[{"href":"https:\/\/secureus.se\/fr\/wp-json\/wp\/v2\/media?parent=53777"}],"wp:term":[{"taxonomy":"product_brand","embeddable":true,"href":"https:\/\/secureus.se\/fr\/wp-json\/wp\/v2\/product_brand?post=53777"},{"taxonomy":"product_cat","embeddable":true,"href":"https:\/\/secureus.se\/fr\/wp-json\/wp\/v2\/product_cat?post=53777"},{"taxonomy":"product_tag","embeddable":true,"href":"https:\/\/secureus.se\/fr\/wp-json\/wp\/v2\/product_tag?post=53777"}],"curies":[{"name":"wp","href":"https:\/\/api.w.org\/{rel}","templated":true}]}}