{"id":54420,"date":"2022-06-04T15:42:35","date_gmt":"2022-06-04T13:42:35","guid":{"rendered":"https:\/\/secureus.se\/produkt\/plastkort-med-rfid-desfire-2k\/"},"modified":"2026-03-04T07:26:46","modified_gmt":"2026-03-04T06:26:46","slug":"passerkort-rfid-kort-med-rfid-desfire-2k","status":"publish","type":"product","link":"https:\/\/secureus.se\/fr\/passerkort-rfid-kort-med-rfid-desfire-2k\/","title":{"rendered":"Carte d&#039;acc\u00e8s \/ carte RFID \u2013 DESFire\u00ae 2K EV2"},"content":{"rendered":"<p>Comme tous nos produits RFID, nos cartes Passerkort \/ RFID sont \u00e9quip\u00e9es de puces originales de haute qualit\u00e9. Nous accordons une grande importance \u00e0 la fiabilit\u00e9 et \u00e0 la s\u00e9curit\u00e9 et utilisons uniquement des puces originales provenant de fabricants reconnus. Avec nos cartes Passerkort \/ RFID, vous pouvez \u00eatre s\u00fbr d&#039;obtenir un produit qui r\u00e9pond aux normes les plus \u00e9lev\u00e9es et offre des performances fiables et efficaces. Nous nous effor\u00e7ons toujours de vous offrir la meilleure technologie et compatibilit\u00e9 pour garantir que nos cartes Passerkort \/ RFID fonctionnent en toute s\u00e9curit\u00e9 et r\u00e9pondent \u00e0 vos besoins \u00e0 long terme.<\/p>\n<p>La carte d&#039;acc\u00e8s\/carte RFID au format standard CR80 peut \u00eatre utilis\u00e9e \u00e0 diverses fins, notamment le syst\u00e8me d&#039;acc\u00e8s, le syst\u00e8me de visiteurs, la r\u00e9servation de blanchisserie, l&#039;alarme et la s\u00e9curit\u00e9.<br \/>\nAvec nos cartes Passerkort \/ RFID, vous pouvez choisir le design de votre choix et la possibilit\u00e9 de relecture jusqu&#039;\u00e0 ce que vous soyez satisfait.<br \/>\nNous accordons une grande importance \u00e0 la fiabilit\u00e9 et \u00e0 la s\u00e9curit\u00e9, c&#039;est pourquoi nous utilisons uniquement des puces originales provenant de fabricants reconnus.<\/p>\n<p>Nous disposons \u00e9galement d&#039;un certain nombre de puces qui peuvent \u00eatre install\u00e9es dans les cartes RFID en plus de la puce standard que vous voyez en magasin. Cela s&#039;applique \u00e9galement \u00e0 tous nos autres supports RFID. <\/p>\n<p>Nous offrons flexibilit\u00e9 et adaptabilit\u00e9 en ce qui concerne la conception de nos cartes Passerkort \/ RFID. Vous pouvez cr\u00e9er des cartes totalement conformes \u00e0 l\u2019identit\u00e9 de votre marque et de votre entreprise. Notre objectif est de fournir des cartes Passerkort\/RFID de la plus haute qualit\u00e9 qui sont non seulement fonctionnelles mais repr\u00e9sentent \u00e9galement votre entreprise de mani\u00e8re professionnelle.<\/p>\n<p>Nos cartes Passerkort \/ RFID sont fabriqu\u00e9es avec pr\u00e9cision et soin pour garantir leur durabilit\u00e9 et leur fiabilit\u00e9. Nous comprenons que la s\u00e9curit\u00e9 est de la plus haute importance lorsqu&#039;il s&#039;agit de la technologie RFID, et nous prenons toutes les mesures n\u00e9cessaires pour prot\u00e9ger vos cartes contre les acc\u00e8s non autoris\u00e9s et les violations de donn\u00e9es.<\/p>\n<p>Nous offrons flexibilit\u00e9 et adaptabilit\u00e9 en ce qui concerne la conception de nos cartes Passerkort \/ RFID. Vous pouvez cr\u00e9er des cartes totalement conformes \u00e0 l\u2019identit\u00e9 de votre marque et de votre entreprise. Notre objectif est de fournir des cartes Passerkort\/RFID de la plus haute qualit\u00e9 qui sont non seulement fonctionnelles mais repr\u00e9sentent \u00e9galement votre entreprise de mani\u00e8re professionnelle.<\/p>\n<p>Nos cartes Passerkort \/ RFID sont fabriqu\u00e9es avec pr\u00e9cision et soin pour garantir leur durabilit\u00e9 et leur fiabilit\u00e9. Nous comprenons que la s\u00e9curit\u00e9 est de la plus haute importance lorsqu&#039;il s&#039;agit de la technologie RFID, et nous prenons toutes les mesures n\u00e9cessaires pour prot\u00e9ger vos cartes contre les acc\u00e8s non autoris\u00e9s et les violations de donn\u00e9es.<\/p>\n<p>Que vous ayez besoin d&#039;une carte Passerkort \/ RFID pour un petit projet ou pour une plus grande entreprise.<\/p>\n<p>Nous sommes pr\u00eats \u00e0 vous aider \u00e0 trouver la meilleure solution de carte Passerkort \/ RFID pour vos besoins et souhaits sp\u00e9cifiques. Contactez-nous d\u00e8s aujourd&#039;hui pour discuter de vos id\u00e9es de projets et obtenir plus d&#039;informations sur nos produits et services. Nous sommes impatients d&#039;\u00eatre votre partenaire fiable pour les cartes Passerkort \/ RFID et de vous fournir des solutions de haute qualit\u00e9 qui r\u00e9pondent \u00e0 vos attentes.<\/p>\n<p>Merci de votre int\u00e9r\u00eat pour nos cartes Passerkort \/ RFID. Visitez notre boutique en ligne ou contactez-nous pour commencer votre commande ou pour obtenir des r\u00e9ponses \u00e0 toutes vos questions. Nous sommes l\u00e0 pour vous fournir le meilleur service possible et vous livrer des cartes Passerkort \/ RFID de la plus haute qualit\u00e9 qui r\u00e9pondent \u00e0 vos besoins sp\u00e9cifiques.<\/p>","protected":false},"excerpt":{"rendered":"<p>Comme tous nos produits RFID, nos cartes Passerkort \/ RFID sont \u00e9quip\u00e9es de puces originales de haute qualit\u00e9. Nous accordons une grande importance \u00e0 la fiabilit\u00e9 et \u00e0 la s\u00e9curit\u00e9 et utilisons uniquement des puces originales provenant de fabricants reconnus. Avec<\/p>","protected":false},"featured_media":144062,"template":"","meta":{"_acf_changed":false},"product_brand":[],"product_cat":[4233,1711],"product_tag":[3138,3077,2958],"class_list":{"0":"post-54420","1":"product","2":"type-product","3":"status-publish","4":"has-post-thumbnail","6":"product_cat-rfid-kort-desfire","7":"product_cat-rfid-kort","8":"product_tag-desfire-ev2-2k","9":"product_tag-rfid-desfire","10":"product_tag-stonehouse-produkt","11":"product_shipping_class-postnord-varubrev","12":"pa_brands-stonehouse-security","13":"pa_farg-vit","14":"pa_plastkort-teknik-desfire","15":"tm-has-options","17":"first","18":"instock","19":"sale","20":"featured","21":"taxable","22":"shipping-taxable","23":"purchasable","24":"product-type-simple"},"acf":[],"_links":{"self":[{"href":"https:\/\/secureus.se\/fr\/wp-json\/wp\/v2\/product\/54420","targetHints":{"allow":["GET"]}}],"collection":[{"href":"https:\/\/secureus.se\/fr\/wp-json\/wp\/v2\/product"}],"about":[{"href":"https:\/\/secureus.se\/fr\/wp-json\/wp\/v2\/types\/product"}],"wp:featuredmedia":[{"embeddable":true,"href":"https:\/\/secureus.se\/fr\/wp-json\/wp\/v2\/media\/144062"}],"wp:attachment":[{"href":"https:\/\/secureus.se\/fr\/wp-json\/wp\/v2\/media?parent=54420"}],"wp:term":[{"taxonomy":"product_brand","embeddable":true,"href":"https:\/\/secureus.se\/fr\/wp-json\/wp\/v2\/product_brand?post=54420"},{"taxonomy":"product_cat","embeddable":true,"href":"https:\/\/secureus.se\/fr\/wp-json\/wp\/v2\/product_cat?post=54420"},{"taxonomy":"product_tag","embeddable":true,"href":"https:\/\/secureus.se\/fr\/wp-json\/wp\/v2\/product_tag?post=54420"}],"curies":[{"name":"wp","href":"https:\/\/api.w.org\/{rel}","templated":true}]}}