{"id":54527,"date":"2022-05-25T12:22:06","date_gmt":"2022-05-25T10:22:06","guid":{"rendered":"https:\/\/secureus.se\/produkt\/bordslasare-access-mifare-1356-mhz-med-programmerade-systemnummer-v2\/"},"modified":"2026-04-02T09:50:56","modified_gmt":"2026-04-02T07:50:56","slug":"rfid-lasare-access-mifare-1356-mhz-med-programmerade-systemnummer-v2","status":"publish","type":"product","link":"https:\/\/secureus.se\/fr\/rfid-lasare-access-mifare-1356-mhz-med-programmerade-systemnummer-v2\/","title":{"rendered":"Lecteur d&#039;acc\u00e8s RFID Mifare - 13,56 MHz programmable"},"content":{"rendered":"<p><strong>ATTENTION! Non compatible avec MAC !<br \/>\n<\/strong><strong>Les lecteurs sont disponibles en version simple ou combin\u00e9e et vous pouvez t\u00e9l\u00e9charger gratuitement le logiciel pour pouvoir programmer les lecteurs sur n&#039;importe quel syst\u00e8me de votre choix.<\/strong><br \/>\nVous choisissez sur quel syst\u00e8me nous programmerons le lecteur et nous le livrerons dans un d\u00e9lai de 1 \u00e0 2 jours ouvrables.<\/p>\n<p><em><strong>Ce lecteur est uniquement destin\u00e9 aux HF et vous n&#039;utilisez donc pas la s\u00e9lection de fr\u00e9quence.<\/strong><\/em><\/p>\n<p><strong>Pour voir quel choix vous devez faire dans le logiciel de votre syst\u00e8me, utilisez notre liste de traduction que vous trouverez sous t\u00e9l\u00e9chargements.<\/strong><\/p>\n<p><strong>Le lecteur est livr\u00e9 avec une garantie de 2 ans.<\/strong><br \/>\nStonehouse Security a d\u00e9velopp\u00e9 la pr\u00e9sentation et le logiciel pour tous les lecteurs ACCESS, ils sont fiables, rapides et adapt\u00e9s au march\u00e9 su\u00e9dois.<br \/>\nLe lecteur est adapt\u00e9 au march\u00e9 de la s\u00e9curit\u00e9 et \u00e0 ses clients finaux, mais \u00e9galement \u00e0 d&#039;autres applications o\u00f9 vous avez besoin de lire le code sur la puce \u00e9lectronique de votre lecteur RFID.<br \/>\nLe lecteur de table ACCESS utilise une connexion USB et est plug and play avec un lecteur d\u00e9j\u00e0 cod\u00e9.<\/p>\n<p>Si vous avez besoin d&#039;aide pour la programmation, contactez-nous et nous vous aiderons gratuitement.<br \/>\nLe programme du lecteur g\u00e8re : RCO, Bewator\/Vanderbilt 8 et 13 chiffres, Axema, Axema VAKA, ASSA, Aptus, Paxton.<\/p>\n<p><strong>\ud83d\udcbe T\u00e9l\u00e9chargez le logiciel :<\/strong><br \/>\n<a href=\"https:\/\/stonehouse.se\/programvaror\/ACCESS%20-%20Version%201.exe\" rel=\"noopener\">\ud83d\udce5 Version 1.exe<\/a><br \/>\n<a href=\"https:\/\/stonehouse.se\/programvaror\/ACCESS%20-%20Version%202.exe\" rel=\"noopener\">\ud83d\udce5 Version 2.exe<\/a><br \/>\n<a href=\"http:\/\/stonehouse.se\/programvaror\/ReaderSetting_Setup_3.0.0.5.exe\" rel=\"noopener\">\ud83d\udce5 Version 3.0.0.5.exe<\/a><\/p>","protected":false},"excerpt":{"rendered":"<p><em><strong>C\u00e2ble USB inclus.<br \/>\nL&#039;important est de savoir quelle puce vous utilisez lors de la configuration du lecteur.<\/strong><\/em><\/p>","protected":false},"featured_media":163619,"template":"","meta":{"_acf_changed":false},"product_brand":[],"product_cat":[1743],"product_tag":[2405,2958],"class_list":{"0":"post-54527","1":"product","2":"type-product","3":"status-publish","4":"has-post-thumbnail","6":"product_cat-rfid-lasare","7":"product_tag-rel-rfid","8":"product_tag-stonehouse-produkt","9":"product_shipping_class-tunga-paket","10":"pa_access-lasare-mifare-mifare-mfd-aptus-9-siffror","11":"pa_access-lasare-mifare-mifare-mfr-axema-vaka-13-siffror","12":"pa_access-lasare-mifare-chippets-uid-kod","13":"pa_access-lasare-mifare-mifare-mfd-assa-10-siffror","14":"pa_access-lasare-mifare-mifare-rco-9-siffror","15":"pa_brands-stonehouse-security","16":"pa_farg-svart","17":"tm-has-options","19":"first","20":"instock","21":"sale","22":"featured","23":"taxable","24":"shipping-taxable","25":"purchasable","26":"product-type-simple"},"acf":[],"_links":{"self":[{"href":"https:\/\/secureus.se\/fr\/wp-json\/wp\/v2\/product\/54527","targetHints":{"allow":["GET"]}}],"collection":[{"href":"https:\/\/secureus.se\/fr\/wp-json\/wp\/v2\/product"}],"about":[{"href":"https:\/\/secureus.se\/fr\/wp-json\/wp\/v2\/types\/product"}],"wp:featuredmedia":[{"embeddable":true,"href":"https:\/\/secureus.se\/fr\/wp-json\/wp\/v2\/media\/163619"}],"wp:attachment":[{"href":"https:\/\/secureus.se\/fr\/wp-json\/wp\/v2\/media?parent=54527"}],"wp:term":[{"taxonomy":"product_brand","embeddable":true,"href":"https:\/\/secureus.se\/fr\/wp-json\/wp\/v2\/product_brand?post=54527"},{"taxonomy":"product_cat","embeddable":true,"href":"https:\/\/secureus.se\/fr\/wp-json\/wp\/v2\/product_cat?post=54527"},{"taxonomy":"product_tag","embeddable":true,"href":"https:\/\/secureus.se\/fr\/wp-json\/wp\/v2\/product_tag?post=54527"}],"curies":[{"name":"wp","href":"https:\/\/api.w.org\/{rel}","templated":true}]}}