{"id":55416,"date":"2022-04-25T12:15:00","date_gmt":"2022-04-25T10:15:00","guid":{"rendered":"https:\/\/secureus.se\/produkt\/exklusiv-jojo-metall-med-ring-och-clips\/"},"modified":"2026-03-16T14:59:18","modified_gmt":"2026-03-16T13:59:18","slug":"utdragbar-nyckelring-jojo-clips-metall-krom","status":"publish","type":"product","link":"https:\/\/secureus.se\/fr\/utdragbar-nyckelring-jojo-clips-metall-krom\/","title":{"rendered":"Porte-cl\u00e9s r\u00e9tractable avec Yo-yo et clips en m\u00e9tal - Chrome"},"content":{"rendered":"<h4><strong>Porte-cl\u00e9s r\u00e9tractable avec Yo-yo et clips en m\u00e9tal - Chrome<\/strong><\/h4>\n<p>Le porte-cl\u00e9s yo-yo extensible avec clip m\u00e9tallique est \u00e0 la fois durable et \u00e9l\u00e9gant, con\u00e7u pour r\u00e9pondre \u00e0 tous vos besoins. Le yoyo est fabriqu\u00e9 en m\u00e9tal et \u00e9quip\u00e9 d&#039;un clip de ceinture solide \u00e0 l&#039;arri\u00e8re pour une fixation s\u00fbre et confortable. Le porte-cl\u00e9s est mont\u00e9 sur une cha\u00eene avec un cordon en nylon solide, ce qui le rend parfait pour un usage quotidien.<\/p>\n<h4><strong>Caract\u00e9ristiques et avantages<\/strong><\/h4>\n<ul>\n<li><strong>Conception durable\u00a0:<\/strong> Le yo-yo est fabriqu\u00e9 en m\u00e9tal, ce qui offre une durabilit\u00e9 durable.<\/li>\n<li><strong>Clip de ceinture solide\u00a0:<\/strong> Le clip de ceinture robuste \u00e0 l&#039;arri\u00e8re garantit que le yoyo reste bien en place sur votre ceinture ou votre poche.<\/li>\n<li><strong>Cha\u00eene solide et cordon en nylon\u00a0:<\/strong> Le porte-cl\u00e9s est mont\u00e9 sur une cha\u00eene avec un cordon en nylon r\u00e9sistant pour une durabilit\u00e9 accrue.<\/li>\n<li><strong>Finition chrom\u00e9e \u00e9l\u00e9gante\u00a0:<\/strong> L&#039;\u00e9l\u00e9gante couleur chrome convient aussi bien aux environnements professionnels que quotidiens.<\/li>\n<li><strong>Personnalisable\u00a0:<\/strong> Peut \u00eatre command\u00e9 avec votre logo, imprim\u00e9 ou grav\u00e9.<\/li>\n<\/ul>\n<h4>Domaines d&#039;utilisation<\/h4>\n<ul>\n<li><strong>Personnel de bureau\u00a0:<\/strong> Parfait pour garder les cl\u00e9s ou les cartes d&#039;identit\u00e9 facilement accessibles.<\/li>\n<li><strong>Personnel de s\u00e9curit\u00e9\u00a0:<\/strong> Assez robuste pour transporter du mat\u00e9riel de s\u00e9curit\u00e9 ou des cl\u00e9s.<\/li>\n<li><strong>Personnel de l&#039;\u00e9v\u00e9nement\u00a0:<\/strong> Id\u00e9al pour garder les cartes d&#039;identit\u00e9 ou les cartes d&#039;acc\u00e8s visibles et facilement accessibles.<\/li>\n<li><strong>Utilisation quotidienne :<\/strong> Une solution pratique pour tous ceux qui ont besoin d&#039;un acc\u00e8s rapide et facile \u00e0 leurs cl\u00e9s ou cartes.<\/li>\n<\/ul>\n<h4><strong>Possibilit\u00e9s de personnalisation<\/strong><\/h4>\n<ul>\n<li><strong>Impression de logos\u00a0:<\/strong> Peut \u00eatre command\u00e9 avec votre logo imprim\u00e9 ou grav\u00e9 pour une touche personnelle.<\/li>\n<\/ul>\n<h4><strong>Sp\u00e9cification technique<\/strong><\/h4>\n<ul>\n<li><strong>Mat\u00e9riel:<\/strong> M\u00e9tal<\/li>\n<li><strong>Dentelle:<\/strong> Nylon 70 cm<\/li>\n<li><strong>Peinture:<\/strong> Chrom\u00e9\/Chrom\u00e9<\/li>\n<li><strong>Extraits\u00a0:<\/strong> Clip de ceinture solide \u00e0 l&#039;arri\u00e8re<\/li>\n<\/ul>","protected":false},"excerpt":{"rendered":"<p><strong>Porte-cl\u00e9s extensible avec yo-yo et clips m\u00e9talliques.<\/strong> Conception durable avec clip de ceinture robuste et cordon en nylon solide, parfait pour un usage quotidien. Finition chrom\u00e9e \u00e9l\u00e9gante, personnalisable avec logo imprim\u00e9 ou grav\u00e9. Id\u00e9al pour le personnel de bureau, le personnel de s\u00e9curit\u00e9 et pour une utilisation quotidienne.<\/p>","protected":false},"featured_media":145815,"template":"","meta":{"_acf_changed":false},"product_brand":[],"product_cat":[1676,2901,1324],"product_tag":[2416,2958],"class_list":{"0":"post-55416","1":"product","2":"type-product","3":"status-publish","4":"has-post-thumbnail","6":"product_cat-jojos-och-nyckelringar","7":"product_cat-jojo-yoyo-alltid-i-lager","8":"product_cat-outlet","9":"product_tag-rel-rfid-tillbehor","10":"product_tag-stonehouse-produkt","11":"product_shipping_class-postnord-varubrev","12":"pa_brands-stonehouse-security","13":"pa_farg-silver","14":"pa_rfid-tillbehor-jojo","15":"tm-no-options","17":"first","18":"instock","19":"sale","20":"featured","21":"taxable","22":"shipping-taxable","23":"purchasable","24":"product-type-simple"},"acf":[],"_links":{"self":[{"href":"https:\/\/secureus.se\/fr\/wp-json\/wp\/v2\/product\/55416","targetHints":{"allow":["GET"]}}],"collection":[{"href":"https:\/\/secureus.se\/fr\/wp-json\/wp\/v2\/product"}],"about":[{"href":"https:\/\/secureus.se\/fr\/wp-json\/wp\/v2\/types\/product"}],"wp:featuredmedia":[{"embeddable":true,"href":"https:\/\/secureus.se\/fr\/wp-json\/wp\/v2\/media\/145815"}],"wp:attachment":[{"href":"https:\/\/secureus.se\/fr\/wp-json\/wp\/v2\/media?parent=55416"}],"wp:term":[{"taxonomy":"product_brand","embeddable":true,"href":"https:\/\/secureus.se\/fr\/wp-json\/wp\/v2\/product_brand?post=55416"},{"taxonomy":"product_cat","embeddable":true,"href":"https:\/\/secureus.se\/fr\/wp-json\/wp\/v2\/product_cat?post=55416"},{"taxonomy":"product_tag","embeddable":true,"href":"https:\/\/secureus.se\/fr\/wp-json\/wp\/v2\/product_tag?post=55416"}],"curies":[{"name":"wp","href":"https:\/\/api.w.org\/{rel}","templated":true}]}}