{"id":55421,"date":"2022-04-21T10:22:00","date_gmt":"2022-04-21T08:22:00","guid":{"rendered":"https:\/\/secureus.se\/produkt\/plastkort-utan-magnetremsa-inget-chip\/"},"modified":"2026-02-16T22:01:56","modified_gmt":"2026-02-16T21:01:56","slug":"plastkort-vit-cr80","status":"publish","type":"product","link":"https:\/\/secureus.se\/fr\/plastkort-vit-cr80\/","title":{"rendered":"Carte plastique Blanc CR80 Premium"},"content":{"rendered":"<h1>Carte plastique Blanc CR80<\/h1>\n<p>Bienvenue dans notre boutique en ligne o\u00f9 vous trouverez des cartes en plastique blanches CR80 de haute qualit\u00e9 pour tous vos besoins en cartes !<\/p>\n<p>Nos cartes en plastique CR80 sont la solution parfaite pour cr\u00e9er des cartes de visite \u00e9l\u00e9gantes et professionnelles, des cartes de visite et bien plus encore. Avec nos cartes en plastique, vous pouvez facilement cr\u00e9er des cartes personnelles avec des images et du texte pour laisser une impression durable.<\/p>\n<p>Nos cartes en plastique CR80 sont con\u00e7ues pour fonctionner de mani\u00e8re transparente avec les imprimantes de cartes, ou comme on les appelle souvent, les imprimantes de cartes en plastique.<\/p>\n<p>Cette compatibilit\u00e9 vous permet d&#039;imprimer facilement vos propres cartes personnalis\u00e9es directement depuis votre propre lieu de travail ou bureau. Que vous ayez besoin de cr\u00e9er des cartes d&#039;identit\u00e9 professionnelles, des cartes de membre ou autre, nos cartes en plastique CR80 sont le choix parfait.<\/p>\n<p>Fabriqu\u00e9es \u00e0 partir de mat\u00e9riaux de haute qualit\u00e9, nos cartes en plastique sont durables et robustes, garantissant qu&#039;elles conservent leur qualit\u00e9 et leur apparence dans le temps.<\/p>\n<p>La surface blanche des cartes en plastique fournit un fond propre et professionnel pour votre design et votre texte, permettant \u00e0 vos cartes de se d\u00e9marquer et de laisser une impression durable.<\/p>\n<p>Ainsi, que vous dirigiez une entreprise, une organisation ou que vous souhaitiez simplement cr\u00e9er des cartes personnalis\u00e9es \u00e0 diverses fins, vous pouvez compter sur nos cartes en plastique blanches CR80 pour offrir une qualit\u00e9 et des performances sup\u00e9rieures \u00e0 chaque fois.<\/p>\n<p>Si vous avez besoin d&#039;une puce RFID, elle est \u00e9galement disponible dans notre magasin, contactez-nous si vous avez des questions.<\/p>\n<p>D\u00e9couvrez notre gamme d\u00e8s aujourd&#039;hui et laissez vos id\u00e9es cr\u00e9atives prendre forme sur les cartes en plastique de haute qualit\u00e9 de notre boutique en ligne !<\/p>","protected":false},"excerpt":{"rendered":"<p>Nos cartes plastiques CR80 sont de qualit\u00e9 premium. Ils constituent la solution parfaite pour cr\u00e9er des cartes de visite \u00e9l\u00e9gantes et professionnelles, des cartes de visite et bien plus encore.<\/p>\n<p>Avec nos cartes en plastique, vous pouvez facilement cr\u00e9er des cartes personnelles avec des images et du texte pour laisser une impression durable.<\/p>\n<p>Nos cartes en plastique CR80 sont con\u00e7ues pour fonctionner de mani\u00e8re transparente avec les imprimantes de cartes, ou comme on les appelle souvent, les imprimantes de cartes en plastique.<\/p>","protected":false},"featured_media":136040,"template":"","meta":{"_acf_changed":false},"product_brand":[],"product_cat":[1711,1653,4235],"product_tag":[3077,2958],"class_list":{"0":"post-55421","1":"product","2":"type-product","3":"status-publish","4":"has-post-thumbnail","6":"product_cat-rfid-kort","7":"product_cat-gor-dina-egna-foretagskort","8":"product_cat-plastkort-utan-chip","9":"product_tag-rfid-desfire","10":"product_tag-stonehouse-produkt","11":"product_shipping_class-postnord-varubrev","12":"pa_brands-stonehouse-security","13":"pa_chip-teknik-inget-chip","14":"pa_plastkort-teknik-kort-utan-chip-endast-plastkort-for-ex-besokskort-medlemskort","15":"tm-no-options","17":"first","18":"instock","19":"sale","20":"featured","21":"taxable","22":"shipping-taxable","23":"purchasable","24":"product-type-simple"},"acf":[],"_links":{"self":[{"href":"https:\/\/secureus.se\/fr\/wp-json\/wp\/v2\/product\/55421","targetHints":{"allow":["GET"]}}],"collection":[{"href":"https:\/\/secureus.se\/fr\/wp-json\/wp\/v2\/product"}],"about":[{"href":"https:\/\/secureus.se\/fr\/wp-json\/wp\/v2\/types\/product"}],"wp:featuredmedia":[{"embeddable":true,"href":"https:\/\/secureus.se\/fr\/wp-json\/wp\/v2\/media\/136040"}],"wp:attachment":[{"href":"https:\/\/secureus.se\/fr\/wp-json\/wp\/v2\/media?parent=55421"}],"wp:term":[{"taxonomy":"product_brand","embeddable":true,"href":"https:\/\/secureus.se\/fr\/wp-json\/wp\/v2\/product_brand?post=55421"},{"taxonomy":"product_cat","embeddable":true,"href":"https:\/\/secureus.se\/fr\/wp-json\/wp\/v2\/product_cat?post=55421"},{"taxonomy":"product_tag","embeddable":true,"href":"https:\/\/secureus.se\/fr\/wp-json\/wp\/v2\/product_tag?post=55421"}],"curies":[{"name":"wp","href":"https:\/\/api.w.org\/{rel}","templated":true}]}}