{"id":55594,"date":"2022-04-12T09:58:00","date_gmt":"2022-04-12T07:58:00","guid":{"rendered":"https:\/\/secureus.se\/produkt\/satel-4g-gsm-larmsandare-4-utgangar-universell-4g-sandare-for-alla-larm-2\/"},"modified":"2026-03-25T20:33:05","modified_gmt":"2026-03-25T19:33:05","slug":"satel-4g-gsm-x-lte-larmsandare","status":"publish","type":"product","link":"https:\/\/secureus.se\/fr\/satel-4g-gsm-x-lte-larmsandare\/","title":{"rendered":"Transmetteur d&#039;alarme SATEL 4G GSM X-LTE"},"content":{"rendered":"<div>\n<h1><strong>Transmetteur d&#039;alarme SATEL 4G GSM X-LTE<\/strong> est un module de communication avanc\u00e9 con\u00e7u pour fournir une transmission d&#039;alarme s\u00e9curis\u00e9e et fiable via LTE, HSPA+, EDGE et GPRS.<\/h1>\n<p>Il est id\u00e9al pour mettre \u00e0 niveau les alarmes existantes qui utilisent la 2G ou la 3G et offre une solution moderne qui peut \u00e9galement remplacer les lignes t\u00e9l\u00e9phoniques fixes. Avec GSM-X LTE, vous pouvez envoyer des alarmes, contr\u00f4ler des appareils \u00e0 distance et recevoir des notifications directement sur votre t\u00e9l\u00e9phone mobile.<\/p>\n<h4>Caract\u00e9ristiques et avantages<\/h4>\n<ul>\n<li><strong>Compatibilit\u00e9 universelle\u00a0:<\/strong> S&#039;adapte \u00e0 tous les syst\u00e8mes d&#039;alarme et panneaux de commande, ce qui le rend id\u00e9al pour les propri\u00e9t\u00e9s r\u00e9sidentielles et commerciales.<\/li>\n<li><strong>Transfert de donn\u00e9es flexible\u00a0:<\/strong> Prend en charge plusieurs technologies de transfert de donn\u00e9es (LTE, HSPA+, EDGE, GPRS) pour une couverture et une vitesse optimales.<\/li>\n<li><strong>T\u00e9l\u00e9commande:<\/strong> Quatre sorties programmables peuvent \u00eatre contr\u00f4l\u00e9es \u00e0 distance via l&#039;application mobile GX Control, facilitant ainsi la gestion de l&#039;\u00e9clairage, des portails, des volets roulants et autres appareils.<\/li>\n<li><strong>Double emplacement pour carte SIM\u00a0:<\/strong> Deux emplacements pour carte SIM pour garantir un fonctionnement continu et une redondance.<\/li>\n<li><strong>Notifications\u00a0:<\/strong> Envoyez des alertes via voix, SMS, PUSH ou CLIP pour vous tenir inform\u00e9 des \u00e9v\u00e9nements en temps r\u00e9el.<\/li>\n<li><strong>R\u00e9sistance \u00e0 la temp\u00e9rature\u00a0:<\/strong> R\u00e9siste \u00e0 des temp\u00e9ratures de travail comprises entre -10 \u00b0C et +55 \u00b0C, ce qui le rend fiable dans diff\u00e9rents environnements.<\/li>\n<\/ul>\n<h4>Sp\u00e9cification technique<\/h4>\n<ul>\n<li><strong>Type d&#039;appareil\u00a0:<\/strong> Module de communication universel<\/li>\n<li><strong>Technologie de transfert de donn\u00e9es\u00a0:<\/strong> LTE\/HSPA+\/BORD\/GPRS<\/li>\n<li><strong>Nombre d&#039;emplacements pour carte SIM\u00a0:<\/strong> 2<\/li>\n<li><strong>Nombre d&#039;entr\u00e9es programmables\u00a0:<\/strong> 8 (NON, NC)<\/li>\n<li><strong>Nombre de sorties\u00a0:<\/strong> 4 (OC)<\/li>\n<li><strong>Tension d&#039;alimentation\u00a0:<\/strong> 12 V CC +\/-15 %<\/li>\n<li><strong>Consommation d&#039;\u00e9nergie en veille\u00a0:<\/strong> 170mA<\/li>\n<li><strong>Consommation d&#039;\u00e9nergie maximale\u00a0:<\/strong> 520mA<\/li>\n<li><strong>Dimensions du bo\u00eetier\u00a0:<\/strong> 126x158x46mm<\/li>\n<li><strong>Dimensions de la carte \u00e9lectronique\u00a0:<\/strong> 141x70mm<\/li>\n<li><strong>Plage de temp\u00e9rature de fonctionnement\u00a0:<\/strong> -10 ~ +55 \u00b0C<\/li>\n<\/ul>\n<h4>Domaines d&#039;utilisation<\/h4>\n<ul>\n<li><strong>R\u00e9sidences :<\/strong> Pour assurer une transmission d\u2019alarme rapide et fiable et un contr\u00f4le \u00e0 distance des appareils \u00e9lectrom\u00e9nagers.<\/li>\n<li><strong>Immobilier commercial\u00a0:<\/strong> Id\u00e9al pour les bureaux, magasins et entrep\u00f4ts qui n\u00e9cessitent une haute s\u00e9curit\u00e9 et une communication fiable.<\/li>\n<li><strong>Environnements industriels\u00a0:<\/strong> Utilis\u00e9 pour surveiller et contr\u00f4ler \u00e0 distance les processus industriels, am\u00e9liorant ainsi la s\u00e9curit\u00e9 et l&#039;efficacit\u00e9.<\/li>\n<\/ul>\n<h4>Guide d&#039;installation plus simple<\/h4>\n<ol>\n<li><strong>Pr\u00e9parations:<\/strong>\n<ul>\n<li>Coupez l\u2019alimentation de votre syst\u00e8me d\u2019alarme actuel.<\/li>\n<li>Retirez l&#039;ancien modem 2G ou 3G de l&#039;unit\u00e9 centrale.<\/li>\n<\/ul>\n<\/li>\n<li><strong>Installation du GSM-X LTE\u00a0:<\/strong>\n<ul>\n<li>Ins\u00e9rez les cartes SIM dans les deux emplacements pour carte SIM.<\/li>\n<li>Connectez le GSM-X LTE au syst\u00e8me d&#039;alarme. Utilisez les entr\u00e9es et sorties programmables pour r\u00e9pondre \u00e0 vos besoins sp\u00e9cifiques.<\/li>\n<\/ul>\n<\/li>\n<li><strong>Alimentation\u00a0:<\/strong>\n<ul>\n<li>Connectez le GSM-X LTE \u00e0 l&#039;alimentation \u00e9lectrique et v\u00e9rifiez que l&#039;appareil d\u00e9marre correctement.<\/li>\n<\/ul>\n<\/li>\n<li><strong>Configuration:<\/strong>\n<ul>\n<li>Utilisez l&#039;application mobile GX Control (disponible sur l&#039;App Store et Google Play) pour configurer l&#039;appareil. Suivez le manuel pour programmer les entr\u00e9es, les sorties et les notifications.<\/li>\n<li>Testez toutes les fonctions pour garantir le bon fonctionnement du syst\u00e8me.<\/li>\n<\/ul>\n<\/li>\n<li><strong>T\u00e9l\u00e9commande et notifications\u00a0:<\/strong>\n<ul>\n<li>Avec l&#039;application GX Control, vous pouvez facilement contr\u00f4ler \u00e0 distance les appareils connect\u00e9s et recevoir des notifications sur les \u00e9v\u00e9nements en temps r\u00e9el.<\/li>\n<\/ul>\n<\/li>\n<\/ol>\n<p><strong>Vous pouvez trouver l&#039;application mobile dans l&#039;Appstore \/ Google Play - Recherchez GX Control satel\u00a0<\/strong><\/p>\n<div>\n<p>&nbsp;<\/p>\n<\/div>\n<p>Une courte vid\u00e9o montrant les avantages de l&#039;\u00e9metteur universel 4g de Satel<\/p>\n<\/div>\n<p><iframe title=\"Module de communication universel GSM-X | SATEL\" width=\"1170\" height=\"658\" src=\"https:\/\/www.youtube.com\/embed\/yOMctBzkGtY?feature=oembed\" frameborder=\"0\" allow=\"accelerometer; autoplay; clipboard-write; encrypted-media; gyroscope; picture-in-picture; web-share\" referrerpolicy=\"strict-origin-when-cross-origin\" allowfullscreen><\/iframe><\/p>\n<h4><\/h4>\n<h4>Pour ceux qui veulent en savoir plus et voir comment programmer via un logiciel.<\/h4>\n<p><iframe title=\"SATEL e-Academy 48\u00a0: Pr\u00e9sentation du module de communication universel GSM-X\" width=\"1170\" height=\"658\" src=\"https:\/\/www.youtube.com\/embed\/Qdmx7okUNA4?feature=oembed\" frameborder=\"0\" allow=\"accelerometer; autoplay; clipboard-write; encrypted-media; gyroscope; picture-in-picture; web-share\" referrerpolicy=\"strict-origin-when-cross-origin\" allowfullscreen><\/iframe><\/p>","protected":false},"excerpt":{"rendered":"<p>SATEL 4G GSM X-LTE est un \u00e9metteur d&#039;alarme universel prenant en charge LTE et HSPA+.<\/p>\n<p>Parfait pour remplacer la 2G\/3G ou les lignes fixes.<\/p>","protected":false},"featured_media":144589,"template":"","meta":{"_acf_changed":false},"product_brand":[],"product_cat":[1551],"product_tag":[2963,2251,2425],"class_list":{"0":"post-55594","1":"product","2":"type-product","3":"status-publish","4":"has-post-thumbnail","6":"product_cat-larmoverforing","7":"product_tag-grade-2","8":"product_tag-larmoverforing-4g-sandare","9":"product_tag-rel-4g-larmoverforing","10":"product_shipping_class-tunga-paket","11":"pa_brands-satel","12":"tm-no-options","14":"first","15":"onbackorder","16":"sale","17":"featured","18":"taxable","19":"shipping-taxable","20":"purchasable","21":"product-type-simple"},"acf":[],"_links":{"self":[{"href":"https:\/\/secureus.se\/fr\/wp-json\/wp\/v2\/product\/55594","targetHints":{"allow":["GET"]}}],"collection":[{"href":"https:\/\/secureus.se\/fr\/wp-json\/wp\/v2\/product"}],"about":[{"href":"https:\/\/secureus.se\/fr\/wp-json\/wp\/v2\/types\/product"}],"wp:featuredmedia":[{"embeddable":true,"href":"https:\/\/secureus.se\/fr\/wp-json\/wp\/v2\/media\/144589"}],"wp:attachment":[{"href":"https:\/\/secureus.se\/fr\/wp-json\/wp\/v2\/media?parent=55594"}],"wp:term":[{"taxonomy":"product_brand","embeddable":true,"href":"https:\/\/secureus.se\/fr\/wp-json\/wp\/v2\/product_brand?post=55594"},{"taxonomy":"product_cat","embeddable":true,"href":"https:\/\/secureus.se\/fr\/wp-json\/wp\/v2\/product_cat?post=55594"},{"taxonomy":"product_tag","embeddable":true,"href":"https:\/\/secureus.se\/fr\/wp-json\/wp\/v2\/product_tag?post=55594"}],"curies":[{"name":"wp","href":"https:\/\/api.w.org\/{rel}","templated":true}]}}