{"id":55601,"date":"2022-04-08T12:25:00","date_gmt":"2022-04-08T10:25:00","guid":{"rendered":"https:\/\/secureus.se\/produkt\/powerseries-power-supply-module-pc5200\/"},"modified":"2026-01-06T20:49:46","modified_gmt":"2026-01-06T19:49:46","slug":"dsc-power-supply-pc5200","status":"publish","type":"product","link":"https:\/\/secureus.se\/fr\/dsc-power-supply-pc5200\/","title":{"rendered":"DSC Power Supply PC5200 Relay 1A \/12V (ce produit est End Of Line)"},"content":{"rendered":"<p><strong>Alimentation DSC PC5200<\/strong> est une source d&#039;alimentation robuste et fiable con\u00e7ue pour fournir une tension constante et stable de 12 V CC avec une capacit\u00e9 allant jusqu&#039;\u00e0 1 A.<\/p>\n<p>Cette carte d&#039;alimentation est id\u00e9ale pour les syst\u00e8mes PowerSeries, permettant une connexion facile de divers appareils et solutions de s\u00e9curit\u00e9.<\/p>\n<p>Avec des entr\u00e9es d&#039;autoprotection s\u00e9par\u00e9es pour les bo\u00eetiers, le PC5200 offre une s\u00e9curit\u00e9 et une surveillance \u00e9lev\u00e9es.<\/p>\n<p>L&#039;unit\u00e9 n\u00e9cessite sa propre batterie de secours (7 Ah) ainsi qu&#039;un transformateur (17 V CA) pour garantir un fonctionnement ininterrompu.<\/p>\n<p>De plus, la carte d&#039;alimentation est enti\u00e8rement surveill\u00e9e pour les d\u00e9fauts CA, la batterie faible et les d\u00e9fauts AUX, ce qui en fait une solution fiable pour les syst\u00e8mes de s\u00e9curit\u00e9 commerciaux et priv\u00e9s.<\/p>\n<p>Le PC5200 peut \u00eatre facilement connect\u00e9 avec 4 conducteurs et offre une vari\u00e9t\u00e9 d&#039;options d&#039;installation.<\/p>\n<p>Il est compatible avec tous les panneaux de commande PowerSeries, ce qui en fait un composant id\u00e9al pour cr\u00e9er un syst\u00e8me de s\u00e9curit\u00e9 personnalis\u00e9 r\u00e9pondant \u00e0 des besoins sp\u00e9cifiques.<\/p>","protected":false},"excerpt":{"rendered":"<p>L&#039;alimentation DSC PC5200 est une carte d&#039;alimentation avec une sortie de 12 V CC et 1 A, id\u00e9ale pour le syst\u00e8me PowerSeries.<\/p>","protected":false},"featured_media":145169,"template":"","meta":{"_acf_changed":false},"product_brand":[],"product_cat":[3330,1322],"product_tag":[3311,3027],"class_list":{"0":"post-55601","1":"product","2":"type-product","3":"status-publish","4":"has-post-thumbnail","6":"product_cat-powerseries-1616-1864","7":"product_cat-dsc-larm-neo-power-hybridlarm","8":"product_tag-dsc-neo-svensk-manual","9":"product_tag-power-pc1616-1864-aldre-versionen-av-neo","10":"product_shipping_class-postnord-varubrev","11":"pa_brands-4dsc","12":"pa_dsc-neo-hybridlarm-power-pc1616-1864-aldre-version-av-neo","13":"tm-has-options","15":"first","16":"outofstock","17":"sale","18":"featured","19":"taxable","20":"shipping-taxable","21":"purchasable","22":"product-type-simple"},"acf":[],"_links":{"self":[{"href":"https:\/\/secureus.se\/fr\/wp-json\/wp\/v2\/product\/55601","targetHints":{"allow":["GET"]}}],"collection":[{"href":"https:\/\/secureus.se\/fr\/wp-json\/wp\/v2\/product"}],"about":[{"href":"https:\/\/secureus.se\/fr\/wp-json\/wp\/v2\/types\/product"}],"wp:featuredmedia":[{"embeddable":true,"href":"https:\/\/secureus.se\/fr\/wp-json\/wp\/v2\/media\/145169"}],"wp:attachment":[{"href":"https:\/\/secureus.se\/fr\/wp-json\/wp\/v2\/media?parent=55601"}],"wp:term":[{"taxonomy":"product_brand","embeddable":true,"href":"https:\/\/secureus.se\/fr\/wp-json\/wp\/v2\/product_brand?post=55601"},{"taxonomy":"product_cat","embeddable":true,"href":"https:\/\/secureus.se\/fr\/wp-json\/wp\/v2\/product_cat?post=55601"},{"taxonomy":"product_tag","embeddable":true,"href":"https:\/\/secureus.se\/fr\/wp-json\/wp\/v2\/product_tag?post=55601"}],"curies":[{"name":"wp","href":"https:\/\/api.w.org\/{rel}","templated":true}]}}