{"id":55603,"date":"2022-04-08T12:21:00","date_gmt":"2022-04-08T10:21:00","guid":{"rendered":"https:\/\/secureus.se\/produkt\/powerseries-pc1616-pcb\/"},"modified":"2026-01-06T20:49:05","modified_gmt":"2026-01-06T19:49:05","slug":"dsc-powerseries-1616-control-panel","status":"publish","type":"product","link":"https:\/\/secureus.se\/fr\/dsc-powerseries-1616-control-panel\/","title":{"rendered":"Panneau de contr\u00f4le DSC PowerSeries 1616 (ce produit est en fin de ligne)"},"content":{"rendered":"<p><strong>DSC puissance s\u00e9rie 1616<\/strong> est un panneau de commande robuste et flexible qui fait partie de la gamme DSC PowerSeries, d\u00e9velopp\u00e9e avant le DSC NEO.<\/p>\n<p>Avec sa configuration de base de 6 zones sur la carte m\u00e8re, le syst\u00e8me peut \u00eatre facilement \u00e9tendu \u00e0 16 zones fixes et prendre en charge jusqu&#039;\u00e0 32 zones sans fil.<\/p>\n<p>Cela fait du PowerSeries 1616 un excellent choix pour les particuliers et les entreprises qui ont besoin d&#039;une solution de s\u00e9curit\u00e9 personnalisable.<\/p>\n<p>Ce panneau de contr\u00f4le a une capacit\u00e9 double zone, permettant de g\u00e9rer des syst\u00e8mes de s\u00e9curit\u00e9 distincts au sein de la m\u00eame installation.<\/p>\n<p>Avec un tampon d&#039;\u00e9v\u00e9nements de 500 \u00e9v\u00e9nements et la prise en charge de 97 codes utilisateur maximum, il offre \u00e0 la fois s\u00e9curit\u00e9 et flexibilit\u00e9 \u00e0 plusieurs utilisateurs.<\/p>\n<p>Le PowerSeries 1616 dispose de deux sorties PGM programmables qui peuvent \u00eatre \u00e9tendues \u00e0 14 avec le PC5204 ou le PC5208, permettant un contr\u00f4le suppl\u00e9mentaire des appareils externes.<\/p>\n<p>Le panneau prend en charge jusqu&#039;\u00e0 8 claviers surveill\u00e9s et est compatible avec les claviers sans fil via l&#039;\u00e9metteur-r\u00e9cepteur TR5164-433, rendant l&#039;installation simple et efficace.<\/p>\n<p>Le PowerSeries 1616 est conforme \u00e0 la norme CP-01 et constitue une solution fiable pour le march\u00e9 de la s\u00e9curit\u00e9 moderne.<\/p>","protected":false},"excerpt":{"rendered":"<p>Le DSC PowerSeries 1616 est un panneau de commande polyvalent prenant en charge 6 \u00e0 16 zones, id\u00e9al pour les syst\u00e8mes de s\u00e9curit\u00e9 comportant jusqu&#039;\u00e0 32 zones sans fil.<\/p>\n<p>&nbsp;<\/p>","protected":false},"featured_media":145176,"template":"","meta":{"_acf_changed":false},"product_brand":[],"product_cat":[3330,1322],"product_tag":[3311,3027],"class_list":{"0":"post-55603","1":"product","2":"type-product","3":"status-publish","4":"has-post-thumbnail","6":"product_cat-powerseries-1616-1864","7":"product_cat-dsc-larm-neo-power-hybridlarm","8":"product_tag-dsc-neo-svensk-manual","9":"product_tag-power-pc1616-1864-aldre-versionen-av-neo","10":"product_shipping_class-postnord-varubrev","11":"pa_brands-4dsc","12":"pa_dsc-neo-hybridlarm-power-pc1616-1864-aldre-version-av-neo","13":"tm-has-options","15":"first","16":"outofstock","17":"sale","18":"featured","19":"taxable","20":"shipping-taxable","21":"purchasable","22":"product-type-simple"},"acf":[],"_links":{"self":[{"href":"https:\/\/secureus.se\/fr\/wp-json\/wp\/v2\/product\/55603","targetHints":{"allow":["GET"]}}],"collection":[{"href":"https:\/\/secureus.se\/fr\/wp-json\/wp\/v2\/product"}],"about":[{"href":"https:\/\/secureus.se\/fr\/wp-json\/wp\/v2\/types\/product"}],"wp:featuredmedia":[{"embeddable":true,"href":"https:\/\/secureus.se\/fr\/wp-json\/wp\/v2\/media\/145176"}],"wp:attachment":[{"href":"https:\/\/secureus.se\/fr\/wp-json\/wp\/v2\/media?parent=55603"}],"wp:term":[{"taxonomy":"product_brand","embeddable":true,"href":"https:\/\/secureus.se\/fr\/wp-json\/wp\/v2\/product_brand?post=55603"},{"taxonomy":"product_cat","embeddable":true,"href":"https:\/\/secureus.se\/fr\/wp-json\/wp\/v2\/product_cat?post=55603"},{"taxonomy":"product_tag","embeddable":true,"href":"https:\/\/secureus.se\/fr\/wp-json\/wp\/v2\/product_tag?post=55603"}],"curies":[{"name":"wp","href":"https:\/\/api.w.org\/{rel}","templated":true}]}}