{"id":55606,"date":"2022-04-08T12:16:00","date_gmt":"2022-04-08T10:16:00","guid":{"rendered":"https:\/\/secureus.se\/produkt\/wireless-key-ws4939\/"},"modified":"2026-01-06T20:48:46","modified_gmt":"2026-01-06T19:48:46","slug":"dsc-4-button-wireless-key-ws4939","status":"publish","type":"product","link":"https:\/\/secureus.se\/fr\/dsc-4-button-wireless-key-ws4939\/","title":{"rendered":"DSC 4-Button Wireless Key - Remote Control WS4939 433 Mhz (this product is End Of Line)"},"content":{"rendered":"<p><strong>Cl\u00e9 sans fil DSC \u00e0 4 boutons WS4939<\/strong> est une t\u00e9l\u00e9commande sans fil fonctionnelle et pratique qui permet aux utilisateurs d&#039;acc\u00e9der et de contr\u00f4ler facilement leur syst\u00e8me de s\u00e9curit\u00e9.<\/p>\n<p>Il dispose de quatre boutons programmables, permettant d&#039;activer rapidement des fonctions sp\u00e9cifiques comme allumer ou \u00e9teindre l&#039;alarme, alerter en cas d&#039;urgence ou contr\u00f4ler d&#039;autres appareils connect\u00e9s.<\/p>\n<p>La t\u00e9l\u00e9commande dispose d&#039;un contr\u00f4le de la tension des piles et est fournie avec deux piles au lithium de type CR2025, garantissant une utilisation \u00e0 long terme.<\/p>\n<p>L&#039;unit\u00e9 peut \u00eatre utilis\u00e9e avec jusqu&#039;\u00e0 16 t\u00e9l\u00e9commandes au sein du syst\u00e8me, sans occuper aucun espace de section, ce qui la rend id\u00e9ale pour les installations complexes.<\/p>\n<p>D&#039;un design compact (dimensions 57x32x11 mm), cette t\u00e9l\u00e9commande est \u00e0 la fois maniable et facile \u00e0 transporter.<\/p>\n<p>Pour garantir un fonctionnement optimal, votre alarme doit disposer d&#039;un \u00e9metteur-r\u00e9cepteur HSM2HOST ou d&#039;un clavier avec technologie RF, qui fait office de r\u00e9cepteur pour les produits sans fil.<\/p>\n<p>La cl\u00e9 sans fil DSC \u00e0 4 boutons est parfaite pour les maisons et les entreprises et offre un moyen pratique de g\u00e9rer le syst\u00e8me de s\u00e9curit\u00e9 de mani\u00e8re conviviale.<\/p>","protected":false},"excerpt":{"rendered":"<p>La cl\u00e9 sans fil DSC \u00e0 4 boutons WS4939 est une t\u00e9l\u00e9commande sans fil avec quatre boutons programmables, parfaite pour contr\u00f4ler les syst\u00e8mes DSC PowerSeries Neo.<\/p>","protected":false},"featured_media":144639,"template":"","meta":{"_acf_changed":false},"product_brand":[],"product_cat":[1322,3327],"product_tag":[3311,3027],"class_list":{"0":"post-55606","1":"product","2":"type-product","3":"status-publish","4":"has-post-thumbnail","6":"product_cat-dsc-larm-neo-power-hybridlarm","7":"product_cat-overfall-fjarrkontrol","8":"product_tag-dsc-neo-svensk-manual","9":"product_tag-power-pc1616-1864-aldre-versionen-av-neo","10":"product_shipping_class-postnord-varubrev","11":"pa_brands-4dsc","12":"pa_dsc-neo-hybridlarm-power-pc1616-1864-aldre-version-av-neo","13":"tm-has-options","15":"first","16":"outofstock","17":"sale","18":"featured","19":"taxable","20":"shipping-taxable","21":"purchasable","22":"product-type-simple"},"acf":[],"_links":{"self":[{"href":"https:\/\/secureus.se\/fr\/wp-json\/wp\/v2\/product\/55606","targetHints":{"allow":["GET"]}}],"collection":[{"href":"https:\/\/secureus.se\/fr\/wp-json\/wp\/v2\/product"}],"about":[{"href":"https:\/\/secureus.se\/fr\/wp-json\/wp\/v2\/types\/product"}],"wp:featuredmedia":[{"embeddable":true,"href":"https:\/\/secureus.se\/fr\/wp-json\/wp\/v2\/media\/144639"}],"wp:attachment":[{"href":"https:\/\/secureus.se\/fr\/wp-json\/wp\/v2\/media?parent=55606"}],"wp:term":[{"taxonomy":"product_brand","embeddable":true,"href":"https:\/\/secureus.se\/fr\/wp-json\/wp\/v2\/product_brand?post=55606"},{"taxonomy":"product_cat","embeddable":true,"href":"https:\/\/secureus.se\/fr\/wp-json\/wp\/v2\/product_cat?post=55606"},{"taxonomy":"product_tag","embeddable":true,"href":"https:\/\/secureus.se\/fr\/wp-json\/wp\/v2\/product_tag?post=55606"}],"curies":[{"name":"wp","href":"https:\/\/api.w.org\/{rel}","templated":true}]}}