{"id":55617,"date":"2022-04-08T11:12:00","date_gmt":"2022-04-08T09:12:00","guid":{"rendered":"https:\/\/secureus.se\/produkt\/wireless-pir-detector-ws4904pw\/"},"modified":"2025-12-31T19:58:01","modified_gmt":"2025-12-31T18:58:01","slug":"dsc-pet-pir-motion-ws4904p","status":"publish","type":"product","link":"https:\/\/secureus.se\/fr\/dsc-pet-pir-motion-ws4904p\/","title":{"rendered":"D\u00e9tecteur de mouvement sans fil DSC PET PIR WS4904P"},"content":{"rendered":"<p><strong>D\u00e9tecteur de mouvement sans fil DSC PET PIR WS4904P<\/strong> est la solution id\u00e9ale pour les propri\u00e9taires d&#039;animaux \u00e0 la recherche d&#039;un d\u00e9tecteur de mouvement efficace et fiable.<\/p>\n<p>Ce d\u00e9tecteur sans fil utilise la technologie 433 MHz et poss\u00e8de un rayon de couverture impressionnant de 15,2 x 18,3 m\u00e8tres, assurant une protection compl\u00e8te de votre maison.<\/p>\n<p>Avec une immunit\u00e9 contre les animaux pesant jusqu&#039;\u00e0 27 kg, vous pouvez l&#039;utiliser en toute s\u00e9curit\u00e9 dans des environnements o\u00f9 les animaux se d\u00e9placent, sans avoir \u00e0 vous soucier des fausses alarmes.<\/p>\n<p>Il dispose d&#039;un engagement automatique pour le test de marche et d&#039;une fonction d&#039;\u00e9conomie de batterie qui s&#039;active apr\u00e8s 3 minutes d&#039;inactivit\u00e9, ce qui contribue \u00e0 une longue dur\u00e9e de vie de la batterie d&#039;environ 5 ans avec la pile au lithium de type CR123A incluse.<\/p>\n<p>La configuration et l&#039;installation du WS4904P sont tr\u00e8s simples, vous permettant de mettre rapidement en place votre syst\u00e8me de s\u00e9curit\u00e9.<\/p>\n<p>Le d\u00e9tecteur surveille \u00e9galement les alt\u00e9rations, la tension de la batterie et la communication pour garantir un haut niveau de s\u00e9curit\u00e9.<\/p>\n<p>Il est important de noter que pour utiliser les produits sans fil PowerG, un \u00e9metteur-r\u00e9cepteur HSM2HOST ou un clavier dot\u00e9 de la technologie RF est n\u00e9cessaire pour faire office de r\u00e9cepteur.<\/p>\n<p>Le DSC PET PIR WS4904P est id\u00e9al pour les applications r\u00e9sidentielles et commerciales, offrant une solution de s\u00e9curit\u00e9 efficace et fiable.<\/p>","protected":false},"excerpt":{"rendered":"<p>DSC PET PIR WS4904P est un d\u00e9tecteur d&#039;animaux sans fil avec immunit\u00e9 aux animaux jusqu&#039;\u00e0 27 kg, parfait pour les syst\u00e8mes de s\u00e9curit\u00e9 des maisons avec des animaux domestiques.<\/p>","protected":false},"featured_media":144872,"template":"","meta":{"_acf_changed":false},"product_brand":[],"product_cat":[1322],"product_tag":[3152,3311],"class_list":{"0":"post-55617","1":"product","2":"type-product","3":"status-publish","4":"has-post-thumbnail","6":"product_cat-dsc-larm-neo-power-hybridlarm","7":"product_tag-cr123-tillbehor","8":"product_tag-dsc-neo-svensk-manual","9":"product_shipping_class-postnord-varubrev","10":"pa_brands-4dsc","11":"pa_dsc-neo-hybridlarm-power-pc1616-1864-aldre-version-av-neo","12":"tm-has-options","14":"first","15":"instock","16":"sale","17":"featured","18":"taxable","19":"shipping-taxable","20":"purchasable","21":"product-type-simple"},"acf":[],"_links":{"self":[{"href":"https:\/\/secureus.se\/fr\/wp-json\/wp\/v2\/product\/55617","targetHints":{"allow":["GET"]}}],"collection":[{"href":"https:\/\/secureus.se\/fr\/wp-json\/wp\/v2\/product"}],"about":[{"href":"https:\/\/secureus.se\/fr\/wp-json\/wp\/v2\/types\/product"}],"wp:featuredmedia":[{"embeddable":true,"href":"https:\/\/secureus.se\/fr\/wp-json\/wp\/v2\/media\/144872"}],"wp:attachment":[{"href":"https:\/\/secureus.se\/fr\/wp-json\/wp\/v2\/media?parent=55617"}],"wp:term":[{"taxonomy":"product_brand","embeddable":true,"href":"https:\/\/secureus.se\/fr\/wp-json\/wp\/v2\/product_brand?post=55617"},{"taxonomy":"product_cat","embeddable":true,"href":"https:\/\/secureus.se\/fr\/wp-json\/wp\/v2\/product_cat?post=55617"},{"taxonomy":"product_tag","embeddable":true,"href":"https:\/\/secureus.se\/fr\/wp-json\/wp\/v2\/product_tag?post=55617"}],"curies":[{"name":"wp","href":"https:\/\/api.w.org\/{rel}","templated":true}]}}