{"id":55618,"date":"2022-03-24T12:58:00","date_gmt":"2022-03-24T11:58:00","guid":{"rendered":"https:\/\/secureus.se\/produkt\/tagg-glassfibre-kombi-em4200-mifare-1k-svart\/"},"modified":"2026-03-09T14:47:03","modified_gmt":"2026-03-09T13:47:03","slug":"rfid-tagg-glasfiber-kombi","status":"publish","type":"product","link":"https:\/\/secureus.se\/fr\/rfid-tagg-glasfiber-kombi\/","title":{"rendered":"Tag Combi EM4200 + Mifare1k\u00ae Noir \u2013 Fibre de verre HD anti-vandalisme"},"content":{"rendered":"<h1>Tag Combi EM4200\/Mifare1k Fibre de verre HD<\/h1>\n<h3>\u00c9tiquette pour syst\u00e8me d&#039;alarme\/passeur et r\u00e9servation.<\/h3>\n<div>\n<h3><strong style=\"font-size: 16px\">Ici avec des num\u00e9ros standard grav\u00e9s sur l&#039;\u00e9tiquette pour pratiquement tous les syst\u00e8mes de s\u00e9curit\u00e9.<\/strong><\/h3>\n<div>\n<p><span style=\"text-decoration: underline\"><strong>RCO (MFR), Axema VAKA (MFV)<\/strong><\/span><\/p>\n<p><span style=\"text-decoration: underline\"><strong>(MFD) ASSA, Aptus, Bewator, Axema, Axema VAKA, Vanderbilt<\/strong><\/span><\/p>\n<p><span style=\"text-decoration: underline\"><strong>A = Aptus, R = RCO, AX = Axema, S = ASSA<\/strong><\/span><\/p>\n<p><span style=\"text-decoration: underline\"><strong>V=Axema VAKA et B= Bewator\/Vanderbilt.<\/strong><\/span><\/p>\n<\/div>\n<p>Notre \u00ab\u00a0Tagg Fiberglass HD\u00a0\u00bb n&#039;est pas seulement techniquement avanc\u00e9, il est \u00e9galement extr\u00eamement durable et fiable.<\/p>\n<p>Fabriqu\u00e9 \u00e0 partir d&#039;un mat\u00e9riau en fibre de verre\/\u00e9poxy extra renforc\u00e9 et d&#039;une \u00e9paisseur de seulement 1,6 mm, il peut r\u00e9sister aux environnements et aux contraintes difficiles sans compromettre les performances.<\/p>\n<p>De plus, l&#039;\u00e9tiquette est \u00e9tanche, ce qui offre une protection contre l&#039;humidit\u00e9 et la rend adapt\u00e9e \u00e0 une utilisation int\u00e9rieure et ext\u00e9rieure.<\/p>\n<p>Ce porte-cl\u00e9s innovant est sp\u00e9cialement con\u00e7u pour r\u00e9pondre \u00e0 vos besoins en mati\u00e8re de s\u00e9curit\u00e9 et d&#039;identification.<\/p>\n<p>Avec sa construction robuste et ses fonctionnalit\u00e9s impressionnantes, l&#039;\u00e9tiquette RFID \u00ab Glasfiber HD \u00bb offre une solution fiable et efficace pour diverses applications.<\/p>\n<p>Nous proposons plusieurs variantes de \u00ab Fibre de verre HD \u00bb pour r\u00e9pondre \u00e0 vos exigences sp\u00e9cifiques.<\/p>\n<p>Vous pouvez choisir parmi plusieurs produits parmi EM4200, Mifare1k, la combinaison de Mifare1k et EM4200, Mifare4k et la combinaison de Mifare4k et EM4200.<\/p>\n<p>Chaque variante poss\u00e8de ses propres caract\u00e9ristiques et fonctions, vous offrant flexibilit\u00e9 et polyvalence.<\/p>\n<p>Pour personnaliser davantage le porte-cl\u00e9s, nous offrons la possibilit\u00e9 de graver des num\u00e9ros tels que des num\u00e9ros de s\u00e9rie,<\/p>\n<p>ou des num\u00e9ros de vos syst\u00e8mes d&#039;acc\u00e8s (RCO, Vanderbilt, Bewator, Axema Aptus ASSA, etc.).<\/p>\n<p>Cela facilite l\u2019identification et la gestion de vos balises, permettant ainsi de gagner du temps et d\u2019augmenter l\u2019efficacit\u00e9 de votre flux de travail.<\/p>\n<h3>Comme toujours chez nous, puce originale de<a href=\"https:\/\/www.nxp.com\/\" rel=\"noopener\"> NXP<\/a> et <a href=\"https:\/\/www.emmicroelectronic.com\/\" rel=\"noopener\">EM Micro\u00e9lectronique.<\/a><\/h3>\n<p><strong>Convient \u00e0 tout et \u00e0 tous !<\/strong><\/p>\n<ul>\n<li>Syst\u00e8me de laissez-passer<\/li>\n<li>Syst\u00e8me de visiteur<\/li>\n<li>R\u00e9servation de blanchisserie<\/li>\n<li>Syst\u00e8me d&#039;alarme et de s\u00e9curit\u00e9<\/li>\n<\/ul>\n<p>&nbsp;<\/p>\n<\/div>","protected":false},"excerpt":{"rendered":"<p>\u00c9tiquette RFID &quot;Fibre de verre HD&quot; - Anti-vandalisme et \u00e9tanche ! \u2013 la solution parfaite pour les syst\u00e8mes de s\u00e9curit\u00e9 et d\u2019identification. Puce Mifare1k pr\u00eate pour la gravure ou le logo en couleur. Ce produit est dot\u00e9 d&#039;une puce certifi\u00e9e par NXP\u00ae, une entreprise technologique mondiale dont le si\u00e8ge est aux Pays-Bas. NXP\u00ae est sp\u00e9cialis\u00e9 dans la RFID et le NFC et propose une gamme de produits en mati\u00e8re de s\u00e9curit\u00e9, de connectivit\u00e9 et de solutions embarqu\u00e9es<\/p>","protected":false},"featured_media":133934,"template":"","meta":{"_acf_changed":false},"product_brand":[],"product_cat":[1349,4786],"product_tag":[2436,4146,2958],"class_list":{"0":"post-55618","1":"product","2":"type-product","3":"status-publish","4":"has-post-thumbnail","6":"product_cat-rfid-tag-glasfiber","7":"product_cat-mifare1kem4200-tagg","8":"product_tag-250-moq-hd","9":"product_tag-nxp","10":"product_tag-stonehouse-produkt","11":"product_shipping_class-postnord-varubrev","12":"pa_brands-stonehouse-security","13":"pa_chip-teknik-kombi-em4200mifare1k","14":"pa_farg-svart","15":"pa_sakerhetssystem-aptus-mfd","16":"pa_sakerhetssystem-assa-arx-solid","17":"pa_sakerhetssystem-axema","18":"pa_sakerhetssystem-axema-vaka-access","19":"pa_sakerhetssystem-bewator-vanderbilt-entro-8-siffror","20":"pa_sakerhetssystem-bewator-vanderbilt-omnis-13-siffror","21":"pa_sakerhetssystem-blank-inga-nummer","22":"pa_sakerhetssystem-chipnummer-decimalt","23":"pa_sakerhetssystem-chipnummer-hexadecimalt","24":"pa_sakerhetssystem-paxton","25":"pa_sakerhetssystem-rco","26":"pa_sakerhetssystem-tidomat","27":"pa_tagg-glasfiber-tagg-glasfiber-hd","28":"tm-no-options","30":"first","31":"instock","32":"sale","33":"featured","34":"taxable","35":"shipping-taxable","36":"purchasable","37":"product-type-simple"},"acf":[],"_links":{"self":[{"href":"https:\/\/secureus.se\/fr\/wp-json\/wp\/v2\/product\/55618","targetHints":{"allow":["GET"]}}],"collection":[{"href":"https:\/\/secureus.se\/fr\/wp-json\/wp\/v2\/product"}],"about":[{"href":"https:\/\/secureus.se\/fr\/wp-json\/wp\/v2\/types\/product"}],"wp:featuredmedia":[{"embeddable":true,"href":"https:\/\/secureus.se\/fr\/wp-json\/wp\/v2\/media\/133934"}],"wp:attachment":[{"href":"https:\/\/secureus.se\/fr\/wp-json\/wp\/v2\/media?parent=55618"}],"wp:term":[{"taxonomy":"product_brand","embeddable":true,"href":"https:\/\/secureus.se\/fr\/wp-json\/wp\/v2\/product_brand?post=55618"},{"taxonomy":"product_cat","embeddable":true,"href":"https:\/\/secureus.se\/fr\/wp-json\/wp\/v2\/product_cat?post=55618"},{"taxonomy":"product_tag","embeddable":true,"href":"https:\/\/secureus.se\/fr\/wp-json\/wp\/v2\/product_tag?post=55618"}],"curies":[{"name":"wp","href":"https:\/\/api.w.org\/{rel}","templated":true}]}}