{"id":55619,"date":"2022-03-23T12:51:00","date_gmt":"2022-03-23T11:51:00","guid":{"rendered":"https:\/\/secureus.se\/produkt\/tagg-droppen-em4200-svart\/"},"modified":"2026-03-27T13:45:13","modified_gmt":"2026-03-27T12:45:13","slug":"tagg-em4200-svart-droppen","status":"publish","type":"product","link":"https:\/\/secureus.se\/fr\/tagg-em4200-svart-droppen\/","title":{"rendered":"EM4200 Droppen Noir \u2013 Porte-cl\u00e9s (EM 125 kHz)"},"content":{"rendered":"<h1>EM4200 Droppen \u2013 Porte-cl\u00e9s classique (EM 125 kHz)<\/h1>\n<p><strong>Celle que tout le monde reconna\u00eet et \u00e0 laquelle tout le monde fait confiance depuis plus de 20 ans.<\/strong><br \/>\nEn forme de goutte d&#039;eau, extr\u00eamement r\u00e9sistant et toujours disponible en 7 couleurs. Le porte-cl\u00e9s le plus vendu en Su\u00e8de, et de loin\u00a0! Personnalisable avec une gravure et un num\u00e9ro (en option).<\/p>\n<div style=\"background: #f4f9ff;border: 2px solid #0066cc;border-radius: 12px;padding: 20px;margin: 30px 0;text-align: center\">\n<h3 style=\"margin: 0 0 12px 0;color: #003366\">Vous ne savez pas si vous avez EM ou Mifare ?<\/h3>\n<p style=\"margin: 8px 0;font-size: 1.05em;color: #333\">Essayez les deux techniques \u00e0 la maison pour seulement <strong>69 kr<\/strong><br \/>\nRemboursement garanti pour l&#039;achat de 100 unit\u00e9s ou plus<\/p>\n<p><a style=\"display: inline-block;background: #0066cc;color: white;font-weight: bold;padding: 14px 32px;border-radius: 8px;text-decoration: none;margin: 15px 0;font-size: 1.1em\" href=\"\/fr\/testtagg-em-mifare\/\" target=\"_blank\" rel=\"noopener\">Achetez l&#039;\u00e9tiquette de test maintenant \u2013 69 kr<br \/>\n<\/a><\/p>\n<p style=\"margin: 8px 0 0;font-size: 0.9em;color: #555\">Liste de tous les num\u00e9ros de syst\u00e8me su\u00e9dois courants incluse \u2219 Livraison gratuite<\/p>\n<\/div>\n<h2>Syst\u00e8mes compatibles et pr\u00e9fixes EM les plus courants<\/h2>\n<table style=\"width: 100%;border-collapse: collapse;font-size: 0.96em;margin: 20px 0\">\n<tbody>\n<tr style=\"background: #f5f5f5\">\n<th style=\"text-align: left;padding: 10px\">Syst\u00e8me<\/th>\n<th style=\"text-align: left;padding: 10px\">Pr\u00e9fixe le plus courant<\/th>\n<\/tr>\n<tr>\n<td style=\"padding: 10px\">Aptus<\/td>\n<td><strong>UN<\/strong> + nombre<\/td>\n<\/tr>\n<tr style=\"background: #f9f9f9\">\n<td>ASSA ARX \/ Solide \/ Entr\u00e9e<\/td>\n<td><strong>S<\/strong> + nombre<\/td>\n<\/tr>\n<tr>\n<td>Axema R\u00c9VEILL\u00c9<\/td>\n<td><strong>V<\/strong> + nombre<\/td>\n<\/tr>\n<tr style=\"background: #f9f9f9\">\n<td>Axema (autre)<\/td>\n<td><strong>OREILLE<\/strong> + nombre<\/td>\n<\/tr>\n<tr>\n<td>Paxton<\/td>\n<td><strong>P<\/strong> + nombre<\/td>\n<\/tr>\n<tr style=\"background: #f9f9f9\">\n<td>S\u00e9curit\u00e9 RCO<\/td>\n<td><strong>R<\/strong> + nombre<\/td>\n<\/tr>\n<tr>\n<td>Minuteur<\/td>\n<td><strong>T<\/strong> + nombre<\/td>\n<\/tr>\n<tr style=\"background: #f9f9f9\">\n<td>Entr\u00e9e Vanderbilt\/Bewator<\/td>\n<td><strong>B<\/strong> + nombre<\/td>\n<\/tr>\n<tr>\n<td>Vanderbilt\/Bewator Omnis \/ 2010<\/td>\n<td><strong>B<\/strong> + nombre<\/td>\n<\/tr>\n<tr style=\"background: #f5f5f5\">\n<td>Syst\u00e8me propre<\/td>\n<td>Saisir les informations facultatives<\/td>\n<\/tr>\n<\/tbody>\n<\/table>\n<h2>C\u2019est pourquoi tout le monde choisit Droppen<\/h2>\n<ul>\n<li>Le porte-cl\u00e9s \u00e9lectronique le plus utilis\u00e9 en Su\u00e8de \u2013 reconnu partout<\/li>\n<li>ABS extr\u00eamement r\u00e9sistant avec anneau m\u00e9tallique<\/li>\n<li>Distance de lecture et surface de gravure id\u00e9ales<\/li>\n<li>Toujours disponible en 7 couleurs<\/li>\n<\/ul>\n<h2>Personnalisez exactement comme vous le souhaitez<\/h2>\n<ul>\n<li>Num\u00e9ro de s\u00e9rie (saisissez le num\u00e9ro de d\u00e9but)<\/li>\n<li>Pr\u00e9fixe propre + num\u00e9ro<\/li>\n<li>Gravure laser ou logo couleur sur la surface ronde<\/li>\n<li>UID d\u00e9cimal, hexad\u00e9cimal ou \u00e0 puce<\/li>\n<\/ul>\n<p>\u2714\ufe0f Relecture de logos et de commandes importantes<\/p>\n<h2>Sp\u00e9cification technique<\/h2>\n<table style=\"width: 100%;border-collapse: collapse;margin: 20px 0\">\n<tbody>\n<tr>\n<td><strong>\u00c9br\u00e9cher<\/strong><\/td>\n<td>EM4200 original<\/td>\n<\/tr>\n<tr>\n<td><strong>Fr\u00e9quence<\/strong><\/td>\n<td>125 kHz<\/td>\n<\/tr>\n<tr>\n<td><strong>Mat\u00e9riel<\/strong><\/td>\n<td>ABS durable + anneau en m\u00e9tal<\/td>\n<\/tr>\n<tr>\n<td><strong>Formulaire<\/strong><\/td>\n<td>Porte-cl\u00e9s en forme de larme<\/td>\n<\/tr>\n<tr>\n<td><strong>Couleurs<\/strong><\/td>\n<td>Noir \u2219 blanc \u2219 bleu \u2219 rouge \u2219 vert \u2219 jaune \u2219 gris<\/td>\n<\/tr>\n<\/tbody>\n<\/table>\n<h2>Livraison<\/h2>\n<ul>\n<li>1 \u00e0 3 jours ouvrables pour les articles en stock \u2219 Livraison gratuite d\u00e8s 1000 SEK<\/li>\n<\/ul>","protected":false},"excerpt":{"rendered":"<p><strong>EM4200 Droppen \u2013 Le porte-cl\u00e9s le plus utilis\u00e9 en Su\u00e8de (EM 125 kHz)<\/strong><\/p>\n<p>Forme classique en goutte d&#039;eau \u2219 ABS r\u00e9sistant \u2219 Puce EM Micro\u00e9lectronique d&#039;origine<br \/>\nId\u00e9al pour la gravure, un logo ou un num\u00e9ro de s\u00e9rie<\/p>\n<p style=\"color: #d32f2f;font-size: 0.95em;margin-top: 8px\">Funkar <strong>pas<\/strong> dans les syst\u00e8mes Mifare<\/p>","protected":false},"featured_media":163669,"template":"","meta":{"_acf_changed":false},"product_brand":[],"product_cat":[1352,4783,2354],"product_tag":[2074,2433,2430,2093,2958],"class_list":{"0":"post-55619","1":"product","2":"type-product","3":"status-publish","4":"has-post-thumbnail","6":"product_cat-rfid-tagg-droppen","7":"product_cat-em4200-tagg","8":"product_cat-rfid-taggar","9":"product_tag-ej-lagerfraga","10":"product_tag-em4200-standard-blank-alpha","11":"product_tag-em4200-standard-blank-dtc","12":"product_tag-rfid-100","13":"product_tag-stonehouse-produkt","14":"product_shipping_class-postnord-varubrev","15":"pa_brands-stonehouse-security","16":"pa_chip-teknik-em4200-kompatibelt-med-4100-4102-och-4305","17":"pa_farg-svart","18":"pa_taggar-larmsystem-aptus","19":"pa_taggar-larmsystem-assa-arx-solid-entro","20":"pa_taggar-larmsystem-axema","21":"pa_taggar-larmsystem-axema-vaka","22":"pa_taggar-larmsystem-blank-inga-nummer","23":"pa_taggar-larmsystem-cdvi","24":"pa_taggar-larmsystem-decimala-nummer","25":"pa_taggar-larmsystem-enstaka-siffor-valfria","26":"pa_taggar-larmsystem-hexadecimala-nummer","27":"pa_taggar-larmsystem-lopnummer-valfria","28":"pa_taggar-larmsystem-paxton","29":"pa_taggar-larmsystem-rco-security","30":"pa_taggar-larmsystem-tidomat","31":"pa_taggar-larmsystem-val-av-fler-an-1-nummer-gor-dina-val-nedan-i-rott","32":"pa_taggar-larmsystem-vanderbilt-bewator-entro-8-siffor","33":"pa_taggar-larmsystem-vanderbilt-bewator-omnis-bewator-2010-13-siffor","34":"tm-has-options","36":"first","37":"instock","38":"sale","39":"featured","40":"taxable","41":"shipping-taxable","42":"purchasable","43":"product-type-simple"},"acf":[],"_links":{"self":[{"href":"https:\/\/secureus.se\/fr\/wp-json\/wp\/v2\/product\/55619","targetHints":{"allow":["GET"]}}],"collection":[{"href":"https:\/\/secureus.se\/fr\/wp-json\/wp\/v2\/product"}],"about":[{"href":"https:\/\/secureus.se\/fr\/wp-json\/wp\/v2\/types\/product"}],"wp:featuredmedia":[{"embeddable":true,"href":"https:\/\/secureus.se\/fr\/wp-json\/wp\/v2\/media\/163669"}],"wp:attachment":[{"href":"https:\/\/secureus.se\/fr\/wp-json\/wp\/v2\/media?parent=55619"}],"wp:term":[{"taxonomy":"product_brand","embeddable":true,"href":"https:\/\/secureus.se\/fr\/wp-json\/wp\/v2\/product_brand?post=55619"},{"taxonomy":"product_cat","embeddable":true,"href":"https:\/\/secureus.se\/fr\/wp-json\/wp\/v2\/product_cat?post=55619"},{"taxonomy":"product_tag","embeddable":true,"href":"https:\/\/secureus.se\/fr\/wp-json\/wp\/v2\/product_tag?post=55619"}],"curies":[{"name":"wp","href":"https:\/\/api.w.org\/{rel}","templated":true}]}}