{"id":56178,"date":"2022-03-17T10:55:00","date_gmt":"2022-03-17T09:55:00","guid":{"rendered":"https:\/\/secureus.se\/produkt\/tagg-abs-pro-mifare-1k-vit\/"},"modified":"2026-04-01T11:21:08","modified_gmt":"2026-04-01T09:21:08","slug":"mifare4k-abs-pro-vit-2-9mm","status":"publish","type":"product","link":"https:\/\/secureus.se\/fr\/mifare4k-abs-pro-vit-2-9mm\/","title":{"rendered":"Mifare 4k ABS Pro Blanc \u2013 2,9 mm (Mifare 13,56 MHz)"},"content":{"rendered":"<h1>Mifare 4k ABS Pro Blanc \u2013 2,9 mm (Mifare 13,56 MHz)<\/h1>\n<p><strong>L&#039;\u00e9tiquette la plus populaire de Su\u00e8de - maintenant dot\u00e9e de la puissante puce Mifare 4K Classic et d&#039;une m\u00e9moire de 4 ko.<\/strong><br \/>\nCompl\u00e8tement vierge et pr\u00eat \u00e0 accueillir vos propres cl\u00e9s, une grande quantit\u00e9 de donn\u00e9es, de multiples applications, votre logo et votre num\u00e9ro de s\u00e9rie \u2013 id\u00e9al lorsque vous souhaitez un contr\u00f4le total.<\/p>\n<div style=\"background: #f4f9ff;border: 2px solid #0066cc;border-radius: 12px;padding: 20px;margin: 30px 0;text-align: center\">\n<h3 style=\"margin: 0 0 12px 0;color: #003366\">Vous h\u00e9sitez entre EM et Mifare ?<\/h3>\n<p style=\"margin: 8px 0;font-size: 1.05em;color: #333\">Essayez les deux techniques \u00e0 la maison pour seulement <strong>69 SEK. Livraison gratuite.<\/strong><br \/>\nRemboursement garanti pour l&#039;achat de 100 unit\u00e9s ou plus<\/p>\n<p><a style=\"display: inline-block;background: #0066cc;color: white;font-weight: bold;padding: 14px 32px;border-radius: 8px;text-decoration: none;margin: 15px 0;font-size: 1.1em\" href=\"\/fr\/testtagg-em-mifare\/\">Achetez l&#039;\u00e9tiquette de test maintenant \u2013 69 kr<\/a><\/p>\n<\/div>\n<h2>Pr\u00e9fixes Mifare courants (s\u00e9lectionn\u00e9s sous \u00ab Personnaliser le produit \u00bb)<\/h2>\n<table style=\"width: 100%;border-collapse: collapse;font-size: 0.96em;margin: 20px 0\">\n<tbody>\n<tr style=\"background: #f5f5f5\">\n<th style=\"text-align: left;padding: 10px\">Syst\u00e8me<\/th>\n<th style=\"text-align: left;padding: 10px\">Pr\u00e9fixe<\/th>\n<\/tr>\n<tr>\n<td style=\"padding: 10px\">Aptus<\/td>\n<td><strong>MFD<\/strong> + 9 chiffres<\/td>\n<\/tr>\n<tr style=\"background: #f9f9f9\">\n<td>S\u00e9curit\u00e9 RCO (par d\u00e9faut)<\/td>\n<td><strong>MFR<\/strong> + 9 chiffres<\/td>\n<\/tr>\n<tr>\n<td>S\u00e9curit\u00e9 RCO (10 chiffres)<\/td>\n<td><strong>MFL<\/strong> + 10 chiffres<\/td>\n<\/tr>\n<tr style=\"background: #f9f9f9\">\n<td>Axema R\u00c9VEILL\u00c9<\/td>\n<td><strong>MFV<\/strong> + nombre<\/td>\n<\/tr>\n<tr>\n<td>ASSA \/ Vanderbilt et autres.<\/td>\n<td><strong>MFD<\/strong> + 10 chiffres<\/td>\n<\/tr>\n<\/tbody>\n<\/table>\n<h2>Pourquoi les professionnels choisissent Mifare 4K ABS Pro<\/h2>\n<ul>\n<li><strong>4 Ko de m\u00e9moire<\/strong> \u2013 40 secteurs, parfaits pour de multiples applications sur la m\u00eame \u00e9tiquette<\/li>\n<li>Seulement <strong>2,9 mm<\/strong> mince \u2013 le format le plus populaire en Su\u00e8de<\/li>\n<li>Puce NXP Mifare Classic 4K d&#039;origine<\/li>\n<li>Compl\u00e8tement vierge \u2013 pr\u00eat \u00e0 accueillir vos propres cl\u00e9s et de grandes quantit\u00e9s de donn\u00e9es<\/li>\n<li>Des milliers en stock en 8 couleurs.<\/li>\n<\/ul>\n<h2>Personnalisez exactement comme vous le souhaitez<\/h2>\n<p>Cliquez sur \u00ab Personnaliser le produit \u00bb et s\u00e9lectionnez\u00a0:<\/p>\n<ul>\n<li>Logo grav\u00e9 au laser (+5,00 SEK)<\/li>\n<li>Num\u00e9ros grav\u00e9s (+3,75 kr)<\/li>\n<li>Num\u00e9ro + logo (+7,50 SEK)<\/li>\n<li>Logo couleur + num\u00e9ro (min 500 pi\u00e8ces, +10,00 SEK)<\/li>\n<li>Num\u00e9ro de s\u00e9rie ou UID de la puce en hexad\u00e9cimal<\/li>\n<li>Programmation des secteurs et cl\u00e9s optionnels<\/li>\n<\/ul>\n<p>\u2714\ufe0f Nous vous contactons toujours pour vous fournir des \u00e9preuves avant la production.<\/p>\n<h2>Sp\u00e9cification technique<\/h2>\n<table style=\"width: 100%;border-collapse: collapse;margin: 20px 0\">\n<tbody>\n<tr>\n<td><strong>\u00c9br\u00e9cher<\/strong><\/td>\n<td>Mifare Classic 4k original (NXP)<\/td>\n<\/tr>\n<tr>\n<td><strong>Fr\u00e9quence<\/strong><\/td>\n<td>13,56 MHz<\/td>\n<\/tr>\n<tr>\n<td><strong>M\u00e9moire<\/strong><\/td>\n<td>4 Ko (40 secteurs)<\/td>\n<\/tr>\n<tr>\n<td><strong>Mat\u00e9riel<\/strong><\/td>\n<td>Plastique ABS durable<\/td>\n<\/tr>\n<tr>\n<td><strong>\u00c9paisseur<\/strong><\/td>\n<td>2,9 mm<\/td>\n<\/tr>\n<tr>\n<td><strong>Standard<\/strong><\/td>\n<td>Compl\u00e8tement vierge<\/td>\n<\/tr>\n<tr>\n<td><strong>Couleurs<\/strong><\/td>\n<td>Noir \u2219 Blanc \u2219 Bleu \u2219 Rouge \u2219 Vert \u2219 Jaune<\/td>\n<\/tr>\n<\/tbody>\n<\/table>\n<h2>Livraison et assistance<\/h2>\n<ul>\n<li>Normalement <strong>1 \u00e0 3 jours ouvrables<\/strong><\/li>\n<li><strong>Livraison gratuite<\/strong> plus de 1000 SEK<\/li>\n<li>Besoin d&#039;aide avec les cl\u00e9s\/formats\u00a0? On s&#039;en occupe\u00a0!<\/li>\n<\/ul>","protected":false},"excerpt":{"rendered":"<p><strong>Mifare 4k ABS Pro \u2013 2,9 mm (Mifare 13,56 MHz)<\/strong><br \/>\nM\u00e9moire de 4 ko \u2219 40 secteurs \u2219 Puce NXP d&#039;origine \u2219 Enti\u00e8rement vierge \u2219 Programmation et gravure personnalis\u00e9es<\/p>","protected":false},"featured_media":163678,"template":"","meta":{"_acf_changed":false},"product_brand":[],"product_cat":[1340,4792,2354],"product_tag":[2074,2434,2431,4146,2091,2958],"class_list":{"0":"post-56178","1":"product","2":"type-product","3":"status-publish","4":"has-post-thumbnail","6":"product_cat-rfid-tagg-abs-pro","7":"product_cat-mifare4k-tagg","8":"product_cat-rfid-taggar","9":"product_tag-ej-lagerfraga","10":"product_tag-mifare-standard-blank-alpha","11":"product_tag-mifare-standard-blank-dtc","12":"product_tag-nxp","13":"product_tag-rfid-ordervara","14":"product_tag-stonehouse-produkt","15":"product_shipping_class-postnord-varubrev","16":"pa_brands-stonehouse-security","17":"pa_chip-teknik-mifare4k","18":"pa_farg-vit","19":"pa_pro-larmsystem-aptus","20":"pa_pro-larmsystem-assa-abs-pro-system","21":"pa_pro-larmsystem-axema","22":"pa_pro-larmsystem-axema-vaka","23":"pa_pro-larmsystem-blank-inga-nummer","24":"pa_pro-larmsystem-cdvi","25":"pa_pro-larmsystem-decimala-nummer","26":"pa_pro-larmsystem-enstaka-siffror-valfria","27":"pa_pro-larmsystem-hexadecimal-nummer","28":"pa_pro-larmsystem-lopnummer-valfria","29":"pa_pro-larmsystem-paxton","30":"pa_pro-larmsystem-rco-abs-pro-system","31":"pa_pro-larmsystem-tidomat","32":"pa_pro-larmsystem-vanderbilt-bewator-entro-8-siffror","33":"pa_pro-larmsystem-vanderbilt-bewator-omnis-bewator-2010-13-siffror","34":"tm-has-options","36":"first","37":"instock","38":"sale","39":"featured","40":"taxable","41":"shipping-taxable","42":"purchasable","43":"product-type-simple"},"acf":[],"_links":{"self":[{"href":"https:\/\/secureus.se\/fr\/wp-json\/wp\/v2\/product\/56178","targetHints":{"allow":["GET"]}}],"collection":[{"href":"https:\/\/secureus.se\/fr\/wp-json\/wp\/v2\/product"}],"about":[{"href":"https:\/\/secureus.se\/fr\/wp-json\/wp\/v2\/types\/product"}],"wp:featuredmedia":[{"embeddable":true,"href":"https:\/\/secureus.se\/fr\/wp-json\/wp\/v2\/media\/163678"}],"wp:attachment":[{"href":"https:\/\/secureus.se\/fr\/wp-json\/wp\/v2\/media?parent=56178"}],"wp:term":[{"taxonomy":"product_brand","embeddable":true,"href":"https:\/\/secureus.se\/fr\/wp-json\/wp\/v2\/product_brand?post=56178"},{"taxonomy":"product_cat","embeddable":true,"href":"https:\/\/secureus.se\/fr\/wp-json\/wp\/v2\/product_cat?post=56178"},{"taxonomy":"product_tag","embeddable":true,"href":"https:\/\/secureus.se\/fr\/wp-json\/wp\/v2\/product_tag?post=56178"}],"curies":[{"name":"wp","href":"https:\/\/api.w.org\/{rel}","templated":true}]}}