{"id":56504,"date":"2022-03-11T07:13:00","date_gmt":"2022-03-11T06:13:00","guid":{"rendered":"https:\/\/secureus.se\/produkt\/stonehouse-telebox-10-par-slits-slits\/"},"modified":"2025-12-31T19:54:52","modified_gmt":"2025-12-31T18:54:52","slug":"stonehouse-telebox-10-par-slits-slits","status":"publish","type":"product","link":"https:\/\/secureus.se\/fr\/stonehouse-telebox-10-par-slits-slits\/","title":{"rendered":"Stonehouse Telebox 10 paires emplacement\/emplacement"},"content":{"rendered":"<p>Cabine t\u00e9l\u00e9phonique 10 paires avec borne de connexion s\u00e9par\u00e9e pour c\u00e2ble d&#039;alimentation entrant.<\/p>\n<p>Borne de connexion s\u00e9par\u00e9e pour \u00e9cran.<\/p>\n<p>Connexion par fente entr\u00e9e et connexion par fente.<\/p>\n<p>Veuillez noter que vous pouvez \u00e9galement faire graver des num\u00e9ros ou votre logo sur la bo\u00eete selon les options ci-dessous.<\/p>\n<p>Fournisseur\u00a0: Stonehouse<\/p>\n<p>Connexion : Fente\/Fente<\/p>\n<p>Paires de p\u00f4les\u00a0: 10<\/p>\n<p>Dimensions : 133x72x50 mm<\/p>","protected":false},"excerpt":{"rendered":"<p>10 paires d&#039;alarmes et de t\u00e9l\u00e9box aux prix les plus bas de Su\u00e8de - Pour les professionnels par des professionnels<\/p>","protected":false},"featured_media":144877,"template":"","meta":{"_acf_changed":false},"product_brand":[],"product_cat":[1547],"product_tag":[2207,2989,2958],"class_list":{"0":"post-56504","1":"product","2":"type-product","3":"status-publish","4":"has-post-thumbnail","6":"product_cat-plint-larm-telebox","7":"product_tag-box-telebox-teleplint","8":"product_tag-egen-logo-ej-taggar-kort","9":"product_tag-stonehouse-produkt","10":"product_shipping_class-postnord-varubrev","11":"pa_brands-stonehouse-security","12":"tm-no-options","14":"first","15":"instock","16":"sale","17":"featured","18":"taxable","19":"shipping-taxable","20":"purchasable","21":"product-type-simple"},"acf":[],"_links":{"self":[{"href":"https:\/\/secureus.se\/fr\/wp-json\/wp\/v2\/product\/56504","targetHints":{"allow":["GET"]}}],"collection":[{"href":"https:\/\/secureus.se\/fr\/wp-json\/wp\/v2\/product"}],"about":[{"href":"https:\/\/secureus.se\/fr\/wp-json\/wp\/v2\/types\/product"}],"wp:featuredmedia":[{"embeddable":true,"href":"https:\/\/secureus.se\/fr\/wp-json\/wp\/v2\/media\/144877"}],"wp:attachment":[{"href":"https:\/\/secureus.se\/fr\/wp-json\/wp\/v2\/media?parent=56504"}],"wp:term":[{"taxonomy":"product_brand","embeddable":true,"href":"https:\/\/secureus.se\/fr\/wp-json\/wp\/v2\/product_brand?post=56504"},{"taxonomy":"product_cat","embeddable":true,"href":"https:\/\/secureus.se\/fr\/wp-json\/wp\/v2\/product_cat?post=56504"},{"taxonomy":"product_tag","embeddable":true,"href":"https:\/\/secureus.se\/fr\/wp-json\/wp\/v2\/product_tag?post=56504"}],"curies":[{"name":"wp","href":"https:\/\/api.w.org\/{rel}","templated":true}]}}