{"id":56506,"date":"2022-03-11T07:13:00","date_gmt":"2022-03-11T06:13:00","guid":{"rendered":"https:\/\/secureus.se\/produkt\/brandlarmssiren-24v-ip54-en54-3\/"},"modified":"2026-03-12T13:14:19","modified_gmt":"2026-03-12T12:14:19","slug":"siren-brandlarmssiren-18-28v","status":"publish","type":"product","link":"https:\/\/secureus.se\/fr\/siren-brandlarmssiren-18-28v\/","title":{"rendered":"Sir\u00e8ne Sir\u00e8ne d&#039;alarme incendie 18-28V avec certificat IP54 EN54-3"},"content":{"rendered":"<h1>\u00a0Sir\u00e8ne Sir\u00e8ne d&#039;alarme incendie SATEL IP54 EN54-3 avec fonctions flexibles<\/h1>\n<p>Ce <strong>sir\u00e8ne d&#039;alarme incendie certifi\u00e9e<\/strong> de SATEL est con\u00e7u pour r\u00e9pondre aux exigences les plus \u00e9lev\u00e9es en mati\u00e8re de s\u00e9curit\u00e9 et de fiabilit\u00e9.<\/p>\n<p>Avec la possibilit\u00e9 de choisir entre 32 sons diff\u00e9rents et un contr\u00f4le de volume r\u00e9glable, la sir\u00e8ne peut \u00eatre adapt\u00e9e \u00e0 une vari\u00e9t\u00e9 d&#039;applications et d&#039;environnements.<\/p>\n<p>Sa conception robuste et sa certification IP54 le rendent parfait pour les alarmes incendie et antivol.<\/p>\n<p><strong>Principales caract\u00e9ristiques\u00a0:<\/strong><\/p>\n<ul>\n<li><strong>Attestation\u00a0:<\/strong> Conforme \u00e0 la norme EN54-3 pour les syst\u00e8mes d&#039;alarme incendie.<\/li>\n<li><strong>Options sonores\u00a0:<\/strong> Choisissez entre 32 signaux sonores diff\u00e9rents pour une flexibilit\u00e9 maximale.<\/li>\n<li><strong>Double fonction audio\u00a0:<\/strong> Possibilit\u00e9 d&#039;activer deux sons distincts pour diff\u00e9rentes alertes.<\/li>\n<li><strong>Contr\u00f4le du volume\u00a0:<\/strong> Ajustez le niveau sonore en fonction de l&#039;environnement d&#039;installation.<\/li>\n<li><strong>Construction robuste :<\/strong> Certifi\u00e9 IP54 pour la r\u00e9sistance \u00e0 la poussi\u00e8re et \u00e0 l&#039;eau.<\/li>\n<\/ul>\n<p><strong>Avantages :<\/strong><\/p>\n<ul>\n<li>\u00c9conome en \u00e9nergie avec une consommation de courant maximale de seulement 32 mA.<\/li>\n<li>R\u00e9siste \u00e0 des temp\u00e9ratures comprises entre -25\u00b0C et +70\u00b0C, ce qui le rend id\u00e9al pour diverses conditions environnementales.<\/li>\n<li>Construction inviolable qui emp\u00eache toute manipulation non autoris\u00e9e.<\/li>\n<\/ul>\n<p>Cette sir\u00e8ne est id\u00e9ale pour une utilisation dans les propri\u00e9t\u00e9s commerciales, les entrep\u00f4ts et les b\u00e2timents publics o\u00f9 une signalisation fiable est essentielle.<\/p>\n<p>Avec sa conception personnalisable et ses fonctionnalit\u00e9s flexibles, c&#039;est une solution \u00e0 laquelle vous pouvez faire confiance.<\/p>","protected":false},"excerpt":{"rendered":"<p>Sir\u00e8ne d&#039;alarme incendie certifi\u00e9e de SATEL avec la norme EN54-3.<\/p>\n<p>\u00c9quip\u00e9 de 32 options sonores, d&#039;une double fonction sonore et d&#039;un contr\u00f4le du volume pour une flexibilit\u00e9 maximale.<\/p>\n<p>Parfait pour les syst\u00e8mes d&#039;incendie et de s\u00e9curit\u00e9.<\/p>","protected":false},"featured_media":144772,"template":"","meta":{"_acf_changed":false},"product_brand":[],"product_cat":[1825,1562,5098],"product_tag":[2959,2269,2422,2420],"class_list":{"0":"post-56506","1":"product","2":"type-product","3":"status-publish","4":"has-post-thumbnail","6":"product_cat-sirener-brand","7":"product_cat-larmdon-blixtljus","8":"product_cat-siren-brand","9":"product_tag-certifierad-en54","10":"product_tag-larmdon-brand-rod","11":"product_tag-rel-brand","12":"product_tag-rel-larmdonblixt","13":"product_shipping_class-tunga-paket","14":"pa_brands-satel","15":"tm-no-options","17":"first","18":"outofstock","19":"sale","20":"featured","21":"taxable","22":"shipping-taxable","23":"purchasable","24":"product-type-simple"},"acf":[],"_links":{"self":[{"href":"https:\/\/secureus.se\/fr\/wp-json\/wp\/v2\/product\/56506","targetHints":{"allow":["GET"]}}],"collection":[{"href":"https:\/\/secureus.se\/fr\/wp-json\/wp\/v2\/product"}],"about":[{"href":"https:\/\/secureus.se\/fr\/wp-json\/wp\/v2\/types\/product"}],"wp:featuredmedia":[{"embeddable":true,"href":"https:\/\/secureus.se\/fr\/wp-json\/wp\/v2\/media\/144772"}],"wp:attachment":[{"href":"https:\/\/secureus.se\/fr\/wp-json\/wp\/v2\/media?parent=56506"}],"wp:term":[{"taxonomy":"product_brand","embeddable":true,"href":"https:\/\/secureus.se\/fr\/wp-json\/wp\/v2\/product_brand?post=56506"},{"taxonomy":"product_cat","embeddable":true,"href":"https:\/\/secureus.se\/fr\/wp-json\/wp\/v2\/product_cat?post=56506"},{"taxonomy":"product_tag","embeddable":true,"href":"https:\/\/secureus.se\/fr\/wp-json\/wp\/v2\/product_tag?post=56506"}],"curies":[{"name":"wp","href":"https:\/\/api.w.org\/{rel}","templated":true}]}}