{"id":56508,"date":"2022-03-11T07:13:00","date_gmt":"2022-03-11T06:13:00","guid":{"rendered":"https:\/\/secureus.se\/produkt\/kopplingsdosa-38-skruvar-2-5-mm2-sabotage\/"},"modified":"2026-04-01T14:11:49","modified_gmt":"2026-04-01T12:11:49","slug":"kopplingsdosa-mz-3-l-38-skruvar","status":"publish","type":"product","link":"https:\/\/secureus.se\/fr\/kopplingsdosa-mz-3-l-38-skruvar\/","title":{"rendered":"Bo\u00eete de jonction MZ-3 L 38 vis 2,5 mm2 + autoprotection"},"content":{"rendered":"<h1>MZ-3 L \u2013 Bo\u00eete de jonction pour la s\u00e9curit\u00e9 et la simplicit\u00e9<\/h1>\n<p>MZ-3 L de SATEL est une bo\u00eete de jonction qui allie fiabilit\u00e9 et simplicit\u00e9 d&#039;utilisation.<\/p>\n<p>Il est con\u00e7u pour les installations \u00e9lectriques basse tension et les syst\u00e8mes de s\u00e9curit\u00e9, ce qui le rend id\u00e9al pour les propri\u00e9t\u00e9s r\u00e9sidentielles et commerciales.<\/p>\n<p>Avec ses 38 bornes \u00e0 vis num\u00e9rot\u00e9es et son interrupteur anti-sabotage, il offre un haut niveau de s\u00e9curit\u00e9 et de flexibilit\u00e9.<\/p>\n<p><strong>Caract\u00e9ristiques qui se d\u00e9marquent\u00a0:<\/strong><\/p>\n<ul>\n<li><strong>La s\u00e9curit\u00e9 avant tout :<\/strong> Un interrupteur anti-sabotage int\u00e9gr\u00e9 prot\u00e8ge le syst\u00e8me contre tout acc\u00e8s non autoris\u00e9.<\/li>\n<li><strong>Haute capacit\u00e9\u00a0:<\/strong> G\u00e8re une tension maximale de 24 V AC\/DC et jusqu&#039;\u00e0 500 mA.<\/li>\n<li><strong>Bornes num\u00e9rot\u00e9es\u00a0:<\/strong> Identification facile des connexions pour une installation plus fluide.<\/li>\n<li><strong>Conception robuste\u00a0:<\/strong> Construction durable adapt\u00e9e aux environnements r\u00e9sidentiels et commerciaux.<\/li>\n<\/ul>\n<p><strong>Installation rapide et facile<\/strong> Le MZ-3 L est facile \u00e0 installer gr\u00e2ce \u00e0 sa conception intuitive.<\/p>\n<p>Il est \u00e9quip\u00e9 de bornes \u00e0 vis num\u00e9rot\u00e9es qui rendent la gestion des c\u00e2bles efficace et rapide. De plus, le contact anti-sabotage simplifie la surveillance de la s\u00e9curit\u00e9 de l&#039;installation.<\/p>\n<p><strong>Domaines d&#039;utilisation<\/strong><\/p>\n<ul>\n<li>Syst\u00e8me d&#039;alarme et de surveillance de s\u00e9curit\u00e9.<\/li>\n<li>Installations basse tension dans les syst\u00e8mes d&#039;interphonie.<\/li>\n<li>Maisons intelligentes et autres appareils connect\u00e9s.<\/li>\n<\/ul>\n<p>Avec le MZ-3 L, vous obtenez une solution fiable qui rend les installations \u00e0 la fois s\u00fbres et efficaces.<\/p>","protected":false},"excerpt":{"rendered":"<p><strong>MZ-3 L \u2013 Bo\u00eete de jonction pour la s\u00e9curit\u00e9 et la flexibilit\u00e9<\/strong><br \/>\nMZ-3 L est une bo\u00eete de jonction fiable avec 38 bornes \u00e0 vis num\u00e9rot\u00e9es et un interrupteur anti-sabotage.<\/p>\n<p>Id\u00e9al pour les installations basse tension telles que les alarmes de s\u00e9curit\u00e9 et les syst\u00e8mes d&#039;interphone.<\/p>\n<p>Facile \u00e0 installer et adapt\u00e9 aussi bien \u00e0 un usage professionnel que priv\u00e9.<\/p>","protected":false},"featured_media":144652,"template":"","meta":{"_acf_changed":false},"product_brand":[],"product_cat":[1545],"product_tag":[2220,2421],"class_list":{"0":"post-56508","1":"product","2":"type-product","3":"status-publish","4":"has-post-thumbnail","6":"product_cat-kopplingsdosa-larmdosa","7":"product_tag-dosor-rekommenderade-lagt-pris","8":"product_tag-rel-installationstillbehor","9":"product_shipping_class-postnord-varubrev","10":"pa_brands-satel","11":"tm-no-options","13":"first","14":"instock","15":"sale","16":"featured","17":"taxable","18":"shipping-taxable","19":"purchasable","20":"product-type-simple"},"acf":[],"_links":{"self":[{"href":"https:\/\/secureus.se\/fr\/wp-json\/wp\/v2\/product\/56508","targetHints":{"allow":["GET"]}}],"collection":[{"href":"https:\/\/secureus.se\/fr\/wp-json\/wp\/v2\/product"}],"about":[{"href":"https:\/\/secureus.se\/fr\/wp-json\/wp\/v2\/types\/product"}],"wp:featuredmedia":[{"embeddable":true,"href":"https:\/\/secureus.se\/fr\/wp-json\/wp\/v2\/media\/144652"}],"wp:attachment":[{"href":"https:\/\/secureus.se\/fr\/wp-json\/wp\/v2\/media?parent=56508"}],"wp:term":[{"taxonomy":"product_brand","embeddable":true,"href":"https:\/\/secureus.se\/fr\/wp-json\/wp\/v2\/product_brand?post=56508"},{"taxonomy":"product_cat","embeddable":true,"href":"https:\/\/secureus.se\/fr\/wp-json\/wp\/v2\/product_cat?post=56508"},{"taxonomy":"product_tag","embeddable":true,"href":"https:\/\/secureus.se\/fr\/wp-json\/wp\/v2\/product_tag?post=56508"}],"curies":[{"name":"wp","href":"https:\/\/api.w.org\/{rel}","templated":true}]}}