{"id":56509,"date":"2022-03-11T07:13:00","date_gmt":"2022-03-11T06:13:00","guid":{"rendered":"https:\/\/secureus.se\/produkt\/spw-100-siren-inomhus-med-kraftigt-120-db-ljud\/"},"modified":"2026-04-01T14:10:21","modified_gmt":"2026-04-01T12:10:21","slug":"spw-100-siren-inomhus","status":"publish","type":"product","link":"https:\/\/secureus.se\/fr\/spw-100-siren-inomhus\/","title":{"rendered":"Sir\u00e8ne d&#039;int\u00e9rieur Satel SPW-100 \u2013 Son puissant de 120 dB"},"content":{"rendered":"<h1>Sir\u00e8ne int\u00e9rieure SPW-100 \u2013 Indication d&#039;alarme efficace et fiable<\/h1>\n<p>Le SPW-100 de SATEL est une sir\u00e8ne int\u00e9rieure puissante et flexible, con\u00e7ue pour r\u00e9pondre aux exigences des solutions de s\u00e9curit\u00e9 modernes.<\/p>\n<p>Avec un niveau sonore impressionnant allant jusqu&#039;\u00e0 120 dB, il garantit une signalisation efficace m\u00eame dans les grands b\u00e2timents tels que les entrep\u00f4ts, les parkings et les bureaux.<\/p>\n<p>Cette sir\u00e8ne propose trois tonalit\u00e9s s\u00e9lectionnables, permettant d&#039;adapter l&#039;alarme aux diff\u00e9rents besoins.<\/p>\n<p>Le bo\u00eetier ovale \u00e9l\u00e9gant permet un montage mural et au plafond, rendant l&#039;installation simple et flexible.<\/p>\n<p><strong>Principales caract\u00e9ristiques\u00a0:<\/strong><\/p>\n<ul>\n<li><strong>Volume \u00e9lev\u00e9\u00a0:<\/strong> Le signal sonore de 120 dB garantit l&#039;audibilit\u00e9 dans les environnements vastes et bruyants.<\/li>\n<li><strong>Signalisation personnalisable :<\/strong> Trois tons diff\u00e9rents pour correspondre \u00e0 des applications sp\u00e9cifiques.<\/li>\n<li><strong>Protection contre les manipulations\u00a0:<\/strong> Protection int\u00e9gr\u00e9e contre les acc\u00e8s non autoris\u00e9s en ouvrant le bo\u00eetier ou en le d\u00e9tachant du mur.<\/li>\n<li><strong>Conception compacte\u00a0:<\/strong> S&#039;int\u00e8gre facilement dans diff\u00e9rents environnements int\u00e9rieurs.<\/li>\n<\/ul>\n<p>Le SPW-100 est une solution robuste et \u00e9conome en \u00e9nergie avec une faible consommation de courant de 320 mA.<\/p>\n<p>Il offre une s\u00e9curit\u00e9 \u00e9lev\u00e9e et une facilit\u00e9 d\u2019utilisation pour les propri\u00e9t\u00e9s r\u00e9sidentielles et commerciales.<\/p>\n<p>&nbsp;<\/p>","protected":false},"excerpt":{"rendered":"<p>La sir\u00e8ne int\u00e9rieure SPW-100 de SATEL offre un volume \u00e9lev\u00e9 de 120 dB et trois tonalit\u00e9s s\u00e9lectionnables.<\/p>\n<p>Avec une protection contre les alt\u00e9rations et une conception compacte, il est id\u00e9al pour les environnements int\u00e9rieurs qui n\u00e9cessitent une fonctionnalit\u00e9 d&#039;alarme fiable.<\/p>","protected":false},"featured_media":144900,"template":"","meta":{"_acf_changed":false},"product_brand":[],"product_cat":[1306,1562],"product_tag":[2268],"class_list":{"0":"post-56509","1":"product","2":"type-product","3":"status-publish","4":"has-post-thumbnail","6":"product_cat-larm-sakerhet","7":"product_cat-larmdon-blixtljus","8":"product_tag-larmdon-siren-inomhus","9":"product_shipping_class-postnord-varubrev","10":"pa_brands-satel","11":"tm-no-options","13":"first","14":"instock","15":"sale","16":"featured","17":"taxable","18":"shipping-taxable","19":"purchasable","20":"product-type-simple"},"acf":[],"_links":{"self":[{"href":"https:\/\/secureus.se\/fr\/wp-json\/wp\/v2\/product\/56509","targetHints":{"allow":["GET"]}}],"collection":[{"href":"https:\/\/secureus.se\/fr\/wp-json\/wp\/v2\/product"}],"about":[{"href":"https:\/\/secureus.se\/fr\/wp-json\/wp\/v2\/types\/product"}],"wp:featuredmedia":[{"embeddable":true,"href":"https:\/\/secureus.se\/fr\/wp-json\/wp\/v2\/media\/144900"}],"wp:attachment":[{"href":"https:\/\/secureus.se\/fr\/wp-json\/wp\/v2\/media?parent=56509"}],"wp:term":[{"taxonomy":"product_brand","embeddable":true,"href":"https:\/\/secureus.se\/fr\/wp-json\/wp\/v2\/product_brand?post=56509"},{"taxonomy":"product_cat","embeddable":true,"href":"https:\/\/secureus.se\/fr\/wp-json\/wp\/v2\/product_cat?post=56509"},{"taxonomy":"product_tag","embeddable":true,"href":"https:\/\/secureus.se\/fr\/wp-json\/wp\/v2\/product_tag?post=56509"}],"curies":[{"name":"wp","href":"https:\/\/api.w.org\/{rel}","templated":true}]}}