{"id":56511,"date":"2022-03-11T07:13:00","date_gmt":"2022-03-11T06:13:00","guid":{"rendered":"https:\/\/secureus.se\/produkt\/stonehouse-telebox-10-par-skruv-skruv\/"},"modified":"2026-04-27T14:57:08","modified_gmt":"2026-04-27T12:57:08","slug":"stonehouse-telebox-10-par-skruv-skruv","status":"publish","type":"product","link":"https:\/\/secureus.se\/fr\/stonehouse-telebox-10-par-skruv-skruv\/","title":{"rendered":"Stonehouse Telebox 10 paires vis\/vis"},"content":{"rendered":"<p>Fournisseur\u00a0: Stonehouse<\/p>\n<p>Veuillez noter que vous pouvez \u00e9galement faire graver des num\u00e9ros ou votre logo sur la bo\u00eete selon les options ci-dessous.<\/p>\n<p>Description du type : 5438-S<\/p>\n<p>Connexion: Vis \/ Vis<\/p>\n<p>Paires de p\u00f4les\u00a0: 10<\/p>\n<p>Dimensions : 133x72x50 mm<\/p>","protected":false},"excerpt":{"rendered":"<p>10 paires d&#039;alarmes et de t\u00e9l\u00e9box aux prix les plus bas de Su\u00e8de - Pour les professionnels par des professionnels<\/p>","protected":false},"featured_media":144627,"template":"","meta":{"_acf_changed":false},"product_brand":[],"product_cat":[1547],"product_tag":[2207,2989,2421,2958],"class_list":{"0":"post-56511","1":"product","2":"type-product","3":"status-publish","4":"has-post-thumbnail","6":"product_cat-plint-larm-telebox","7":"product_tag-box-telebox-teleplint","8":"product_tag-egen-logo-ej-taggar-kort","9":"product_tag-rel-installationstillbehor","10":"product_tag-stonehouse-produkt","11":"product_shipping_class-postnord-varubrev","12":"pa_brands-stonehouse-security","13":"tm-no-options","15":"first","16":"instock","17":"sale","18":"featured","19":"taxable","20":"shipping-taxable","21":"purchasable","22":"product-type-simple"},"acf":[],"_links":{"self":[{"href":"https:\/\/secureus.se\/fr\/wp-json\/wp\/v2\/product\/56511","targetHints":{"allow":["GET"]}}],"collection":[{"href":"https:\/\/secureus.se\/fr\/wp-json\/wp\/v2\/product"}],"about":[{"href":"https:\/\/secureus.se\/fr\/wp-json\/wp\/v2\/types\/product"}],"wp:featuredmedia":[{"embeddable":true,"href":"https:\/\/secureus.se\/fr\/wp-json\/wp\/v2\/media\/144627"}],"wp:attachment":[{"href":"https:\/\/secureus.se\/fr\/wp-json\/wp\/v2\/media?parent=56511"}],"wp:term":[{"taxonomy":"product_brand","embeddable":true,"href":"https:\/\/secureus.se\/fr\/wp-json\/wp\/v2\/product_brand?post=56511"},{"taxonomy":"product_cat","embeddable":true,"href":"https:\/\/secureus.se\/fr\/wp-json\/wp\/v2\/product_cat?post=56511"},{"taxonomy":"product_tag","embeddable":true,"href":"https:\/\/secureus.se\/fr\/wp-json\/wp\/v2\/product_tag?post=56511"}],"curies":[{"name":"wp","href":"https:\/\/api.w.org\/{rel}","templated":true}]}}