{"id":56514,"date":"2022-03-11T07:13:00","date_gmt":"2022-03-11T06:13:00","guid":{"rendered":"https:\/\/secureus.se\/produkt\/armerad-slang-2-m-alarmtech\/"},"modified":"2025-12-31T19:51:40","modified_gmt":"2025-12-31T18:51:40","slug":"armerad-slang-2-m-alarmtech","status":"publish","type":"product","link":"https:\/\/secureus.se\/fr\/armerad-slang-2-m-alarmtech\/","title":{"rendered":"Tuyau renforc\u00e9 2 m\u00e8tres \u2013 MC T7 Alarmtech"},"content":{"rendered":"<p>Pour la protection du c\u00e2ble, par ex. jeu de contacts pour les environnements expos\u00e9s. Diam\u00e8tre int\u00e9rieur 6 mm, diam\u00e8tre ext\u00e9rieur 8,2 mm<\/p>","protected":false},"excerpt":{"rendered":"<p>Pour la protection du c\u00e2ble, par ex. jeu de contacts pour les environnements expos\u00e9s. Diam\u00e8tre int\u00e9rieur 6 mm, diam\u00e8tre ext\u00e9rieur 8,2 mm<\/p>","protected":false},"featured_media":144806,"template":"","meta":{"_acf_changed":false},"product_brand":[],"product_cat":[1508,1546],"product_tag":[],"class_list":{"0":"post-56514","1":"product","2":"type-product","3":"status-publish","4":"has-post-thumbnail","6":"product_cat-kabel-installation","7":"product_cat-kabeloverforing","8":"product_shipping_class-postnord-varubrev","9":"pa_brands-alarmtech","10":"tm-no-options","12":"first","13":"instock","14":"sale","15":"featured","16":"taxable","17":"shipping-taxable","18":"purchasable","19":"product-type-simple"},"acf":[],"_links":{"self":[{"href":"https:\/\/secureus.se\/fr\/wp-json\/wp\/v2\/product\/56514","targetHints":{"allow":["GET"]}}],"collection":[{"href":"https:\/\/secureus.se\/fr\/wp-json\/wp\/v2\/product"}],"about":[{"href":"https:\/\/secureus.se\/fr\/wp-json\/wp\/v2\/types\/product"}],"wp:featuredmedia":[{"embeddable":true,"href":"https:\/\/secureus.se\/fr\/wp-json\/wp\/v2\/media\/144806"}],"wp:attachment":[{"href":"https:\/\/secureus.se\/fr\/wp-json\/wp\/v2\/media?parent=56514"}],"wp:term":[{"taxonomy":"product_brand","embeddable":true,"href":"https:\/\/secureus.se\/fr\/wp-json\/wp\/v2\/product_brand?post=56514"},{"taxonomy":"product_cat","embeddable":true,"href":"https:\/\/secureus.se\/fr\/wp-json\/wp\/v2\/product_cat?post=56514"},{"taxonomy":"product_tag","embeddable":true,"href":"https:\/\/secureus.se\/fr\/wp-json\/wp\/v2\/product_tag?post=56514"}],"curies":[{"name":"wp","href":"https:\/\/api.w.org\/{rel}","templated":true}]}}