{"id":56517,"date":"2022-03-11T07:13:00","date_gmt":"2022-03-11T06:13:00","guid":{"rendered":"https:\/\/secureus.se\/produkt\/tidrela-10-14v-dc-1-sek-5-min-med-indikering\/"},"modified":"2026-04-17T14:47:10","modified_gmt":"2026-04-17T12:47:10","slug":"tidrela-10-14v-dc-1-sek-5-min-med-indikering","status":"publish","type":"product","link":"https:\/\/secureus.se\/fr\/tidrela-10-14v-dc-1-sek-5-min-med-indikering\/","title":{"rendered":"Relais temporis\u00e9 10-14V DC 1 sec \u2013 5 min avec indication"},"content":{"rendered":"<h1>Relais temporis\u00e9 10-14V DC \u2013 Flexible et pr\u00e9cis<\/h1>\n<p>Le <strong>Relais temporis\u00e9 10-14V DC<\/strong> est une solution innovante pour le contr\u00f4le de synchronisation dans les applications d&#039;automatisation, de s\u00e9curit\u00e9 et autres applications basse tension.<\/p>\n<p>Avec sa large plage de temps r\u00e9glable et son indication LED, il donne \u00e0 l&#039;utilisateur un contr\u00f4le total sur les processus logiques temporels.<\/p>\n<h5>Fonctions principales<\/h5>\n<ul>\n<li><strong>Intervalle de temps 1 s \u00e0 5 min<\/strong>: R\u00e9glable via un simple potentiom\u00e8tre pour r\u00e9pondre \u00e0 diff\u00e9rents besoins.<\/li>\n<li><strong>Haute capacit\u00e9<\/strong>: Courant de commutation maximum 1A \u00e0 30VDC ou 50VAC.<\/li>\n<li><strong>Indication optique LED<\/strong>: Indique l\u2019\u00e9tat de l\u2019alimentation, du d\u00e9clencheur et du relais.<\/li>\n<li><strong>Plusieurs modes de fonctionnement<\/strong>: Peut prolonger une impulsion ou \u00eatre contr\u00f4l\u00e9 par perte de signal, ce qui le rend polyvalent pour diff\u00e9rentes applications.<\/li>\n<li><strong>Conception compacte<\/strong>: Petit et facile \u00e0 monter avec du ruban adh\u00e9sif ou des vis.<\/li>\n<\/ul>\n<h5>Avantages<\/h5>\n<ul>\n<li><strong>Utilisation flexible<\/strong>: Convient pour le contr\u00f4le de l&#039;\u00e9clairage, les syst\u00e8mes \u00e9lectrom\u00e9caniques et les solutions de s\u00e9curit\u00e9.<\/li>\n<li><strong>Programmation facile \u00e0 utiliser<\/strong>: Le r\u00e9glage de l&#039;heure et le mode de fonctionnement se g\u00e8rent facilement gr\u00e2ce au potentiom\u00e8tre et aux cavaliers.<\/li>\n<li><strong>Construction durable<\/strong>: Certifi\u00e9 CE avec une conception robuste et une garantie de 2 ans.<\/li>\n<\/ul>\n<h5>Caract\u00e9ristiques<\/h5>\n<ul>\n<li><strong>Tension de fonctionnement<\/strong>: 10\u201314 V CC<\/li>\n<li><strong>Courant de commutation maximum<\/strong>: 1A<\/li>\n<li><strong>Dimensions<\/strong>: 60x43x23mm<\/li>\n<li><strong>Montage<\/strong>: Trous de ruban adh\u00e9sif ou de vis<\/li>\n<li><strong>Temp\u00e9rature de fonctionnement<\/strong>: -10\u00b0C \u00e0 +40\u00b0C<\/li>\n<\/ul>\n<p>Avec \u00e7a <strong>minuteur<\/strong> vous pouvez am\u00e9liorer le contr\u00f4le et l&#039;efficacit\u00e9 de vos syst\u00e8mes, qu&#039;il s&#039;agisse d&#039;automatisation ou de s\u00e9curit\u00e9.<\/p>","protected":false},"excerpt":{"rendered":"<p>Relais temporis\u00e9 10-14V DC avec intervalle de temps r\u00e9glable de 1 seconde \u00e0 5 minutes.<\/p>\n<p>Sa programmation facile et son indication LED le rendent id\u00e9al pour les syst\u00e8mes d&#039;automatisation et de s\u00e9curit\u00e9.<\/p>","protected":false},"featured_media":144905,"template":"","meta":{"_acf_changed":false},"product_brand":[],"product_cat":[4154,1548],"product_tag":[2427,2231],"class_list":{"0":"post-56517","1":"product","2":"type-product","3":"status-publish","4":"has-post-thumbnail","6":"product_cat-tidrela","7":"product_cat-relaer-elektronik","8":"product_tag-rel-relaelektonik","9":"product_tag-tidrelaer","10":"product_shipping_class-postnord-varubrev","11":"pa_brands-pulsar","12":"tm-no-options","14":"first","15":"instock","16":"sale","17":"featured","18":"taxable","19":"shipping-taxable","20":"purchasable","21":"product-type-simple"},"acf":[],"_links":{"self":[{"href":"https:\/\/secureus.se\/fr\/wp-json\/wp\/v2\/product\/56517","targetHints":{"allow":["GET"]}}],"collection":[{"href":"https:\/\/secureus.se\/fr\/wp-json\/wp\/v2\/product"}],"about":[{"href":"https:\/\/secureus.se\/fr\/wp-json\/wp\/v2\/types\/product"}],"wp:featuredmedia":[{"embeddable":true,"href":"https:\/\/secureus.se\/fr\/wp-json\/wp\/v2\/media\/144905"}],"wp:attachment":[{"href":"https:\/\/secureus.se\/fr\/wp-json\/wp\/v2\/media?parent=56517"}],"wp:term":[{"taxonomy":"product_brand","embeddable":true,"href":"https:\/\/secureus.se\/fr\/wp-json\/wp\/v2\/product_brand?post=56517"},{"taxonomy":"product_cat","embeddable":true,"href":"https:\/\/secureus.se\/fr\/wp-json\/wp\/v2\/product_cat?post=56517"},{"taxonomy":"product_tag","embeddable":true,"href":"https:\/\/secureus.se\/fr\/wp-json\/wp\/v2\/product_tag?post=56517"}],"curies":[{"name":"wp","href":"https:\/\/api.w.org\/{rel}","templated":true}]}}