{"id":56518,"date":"2022-03-11T07:13:00","date_gmt":"2022-03-11T06:13:00","guid":{"rendered":"https:\/\/secureus.se\/produkt\/oppnaknapp-touch-exklusive-silver-aluminium\/"},"modified":"2025-12-31T19:51:47","modified_gmt":"2025-12-31T18:51:47","slug":"oppnaknapp-touch-exklusive-silver-aluminium","status":"publish","type":"product","link":"https:\/\/secureus.se\/fr\/oppnaknapp-touch-exklusive-silver-aluminium\/","title":{"rendered":"Bouton d&#039;ouverture Touch Exclusive Argent \u2013 Aluminium"},"content":{"rendered":"<p>Le MTT fait partie des produits de la gamme Mini.<\/p>\n<p>Cette gamme offre des caract\u00e9ristiques uniques telles que la m\u00eame apparence esth\u00e9tique de bo\u00eetier compact et diff\u00e9rents choix de couleurs adapt\u00e9s \u00e0 tout environnement.<\/p>\n<p>Le bouton tactile sensible MTT est un dispositif de commande Stonehouse ACCESS enti\u00e8rement \u00e9lectronique, non m\u00e9canique et ergonomique.<\/p>\n<p>Il peut soit fonctionner comme un bouton-poussoir ind\u00e9pendant \u00e0 commande manuelle, soit \u00eatre connect\u00e9 \u00e0 un contr\u00f4leur pour faciliter l&#039;ACC\u00c8S \u00e0 Stonehouse depuis une zone s\u00e9curis\u00e9e.<\/p>","protected":false},"excerpt":{"rendered":"<p>Boutons d&#039;ouverture \/ boutons trcy pour alarmes, contr\u00f4le d&#039;acc\u00e8s - Contr\u00f4lez votre serrure avec l&#039;\u00e9lectronique - 500 000 ouvertures !<\/p>","protected":false},"featured_media":144686,"template":"","meta":{"_acf_changed":false},"product_brand":[],"product_cat":[4867],"product_tag":[3068,2937,2958],"class_list":{"0":"post-56518","1":"product","2":"type-product","3":"status-publish","4":"has-post-thumbnail","6":"product_cat-oppnaknappar-kategorier","7":"product_tag-oppnaknapp-beroringsfria","8":"product_tag-oppnaknappar","9":"product_tag-stonehouse-produkt","10":"product_shipping_class-postnord-varubrev","11":"pa_brands-stonehouse-security","12":"tm-no-options","14":"first","15":"instock","16":"sale","17":"featured","18":"taxable","19":"shipping-taxable","20":"purchasable","21":"product-type-simple"},"acf":[],"_links":{"self":[{"href":"https:\/\/secureus.se\/fr\/wp-json\/wp\/v2\/product\/56518","targetHints":{"allow":["GET"]}}],"collection":[{"href":"https:\/\/secureus.se\/fr\/wp-json\/wp\/v2\/product"}],"about":[{"href":"https:\/\/secureus.se\/fr\/wp-json\/wp\/v2\/types\/product"}],"wp:featuredmedia":[{"embeddable":true,"href":"https:\/\/secureus.se\/fr\/wp-json\/wp\/v2\/media\/144686"}],"wp:attachment":[{"href":"https:\/\/secureus.se\/fr\/wp-json\/wp\/v2\/media?parent=56518"}],"wp:term":[{"taxonomy":"product_brand","embeddable":true,"href":"https:\/\/secureus.se\/fr\/wp-json\/wp\/v2\/product_brand?post=56518"},{"taxonomy":"product_cat","embeddable":true,"href":"https:\/\/secureus.se\/fr\/wp-json\/wp\/v2\/product_cat?post=56518"},{"taxonomy":"product_tag","embeddable":true,"href":"https:\/\/secureus.se\/fr\/wp-json\/wp\/v2\/product_tag?post=56518"}],"curies":[{"name":"wp","href":"https:\/\/api.w.org\/{rel}","templated":true}]}}