{"id":56521,"date":"2022-03-11T07:13:00","date_gmt":"2022-03-11T06:13:00","guid":{"rendered":"https:\/\/secureus.se\/produkt\/tidrela-12v-0-45-sekunder-1-st-vxl-rela-m-ind\/"},"modified":"2026-03-13T19:01:57","modified_gmt":"2026-03-13T18:01:57","slug":"tidrela-12v-0-45-sekunder-1-st-vxl-rela-m-ind","status":"publish","type":"product","link":"https:\/\/secureus.se\/fr\/tidrela-12v-0-45-sekunder-1-st-vxl-rela-m-ind\/","title":{"rendered":"Relais temporis\u00e9 12V \u2013 0-45 secondes 1 pc relais xxl m ind."},"content":{"rendered":"<p>Le temps de fonctionnement du relais peut \u00eatre r\u00e9gl\u00e9 de 0 \u00e0 environ 45 secondes (\/ \u2013 15 secondes).<\/p>\n<p>La LED indique que le relais est activ\u00e9.<\/p>\n<p>Sortie relais<\/p>\n<p>Description des contacts\u00a0:<\/p>\n<p>\u00ab COM \u00bb \u2013 sortie commune pour sortie NO\/NC<\/p>\n<p>\u00ab\u00a0NON\u00a0\u00bb \u2013\u00a0sortie NO (normalement ouverte)<\/p>\n<p>\u00abNC\u00bb \u2013 sortie NC (normalement ferm\u00e9e)<\/p>\n<p>Tension d&#039;alimentation : 12-16 VCC<\/p>\n<p>\u00ab\u00a0S\u00a0\u00bb \u2013 entr\u00e9e de contr\u00f4le.<\/p>\n<p>\u00ab-S\u00bb \u2013 entr\u00e9e de contr\u00f4le.<\/p>","protected":false},"excerpt":{"rendered":"<p>Le temps de fonctionnement du relais peut \u00eatre r\u00e9gl\u00e9 de 0 \u00e0 environ 45 secondes (\/ \u2013 15 secondes). La LED indique que le relais est activ\u00e9. Sortie relais Description des contacts : \u00ab COM \u00bb \u2013 sortie commune pour NO \/<\/p>","protected":false},"featured_media":144666,"template":"","meta":{"_acf_changed":false},"product_brand":[],"product_cat":[4154,1548],"product_tag":[2427,2231],"class_list":{"0":"post-56521","1":"product","2":"type-product","3":"status-publish","4":"has-post-thumbnail","6":"product_cat-tidrela","7":"product_cat-relaer-elektronik","8":"product_tag-rel-relaelektonik","9":"product_tag-tidrelaer","10":"product_shipping_class-postnord-varubrev","11":"pa_brands-stonehouse-security","12":"tm-no-options","14":"first","15":"instock","16":"sale","17":"featured","18":"taxable","19":"shipping-taxable","20":"purchasable","21":"product-type-simple"},"acf":[],"_links":{"self":[{"href":"https:\/\/secureus.se\/fr\/wp-json\/wp\/v2\/product\/56521","targetHints":{"allow":["GET"]}}],"collection":[{"href":"https:\/\/secureus.se\/fr\/wp-json\/wp\/v2\/product"}],"about":[{"href":"https:\/\/secureus.se\/fr\/wp-json\/wp\/v2\/types\/product"}],"wp:featuredmedia":[{"embeddable":true,"href":"https:\/\/secureus.se\/fr\/wp-json\/wp\/v2\/media\/144666"}],"wp:attachment":[{"href":"https:\/\/secureus.se\/fr\/wp-json\/wp\/v2\/media?parent=56521"}],"wp:term":[{"taxonomy":"product_brand","embeddable":true,"href":"https:\/\/secureus.se\/fr\/wp-json\/wp\/v2\/product_brand?post=56521"},{"taxonomy":"product_cat","embeddable":true,"href":"https:\/\/secureus.se\/fr\/wp-json\/wp\/v2\/product_cat?post=56521"},{"taxonomy":"product_tag","embeddable":true,"href":"https:\/\/secureus.se\/fr\/wp-json\/wp\/v2\/product_tag?post=56521"}],"curies":[{"name":"wp","href":"https:\/\/api.w.org\/{rel}","templated":true}]}}