{"id":56522,"date":"2022-03-11T07:13:00","date_gmt":"2022-03-11T06:13:00","guid":{"rendered":"https:\/\/secureus.se\/produkt\/oppnaknapp-touch-standard-smalprofil-metall\/"},"modified":"2025-12-31T20:00:22","modified_gmt":"2025-12-31T19:00:22","slug":"oppnaknapp-touch-standard-smalprofil-metall","status":"publish","type":"product","link":"https:\/\/secureus.se\/fr\/oppnaknapp-touch-standard-smalprofil-metall\/","title":{"rendered":"Bouton d&#039;ouverture tactile standard - Profil \u00e9troit M\u00e9tal, IP65, 12-36V (NO\/NC\/COM)"},"content":{"rendered":"<p data-start=\"731\" data-end=\"1026\"><strong data-start=\"731\" data-end=\"780\">Bouton d&#039;ouverture Touch Standard \u2013 Profil \u00e9troit M\u00e9tal<\/strong> est un bouton d&#039;ouverture robuste et \u00e9l\u00e9gant con\u00e7u pour les syst\u00e8mes de contr\u00f4le d&#039;acc\u00e8s professionnels et la commande de portes.<br data-start=\"876\" data-end=\"879\" \/>Le bouton s&#039;active par une simple pression et commute le relais entre NO\/NC\/COM \u2013 sans pi\u00e8ces m\u00e9caniques, ce qui garantit une longue dur\u00e9e de vie et une grande fiabilit\u00e9 de fonctionnement.<\/p>\n<p data-start=\"1028\" data-end=\"1254\">Le voyant LED int\u00e9gr\u00e9 alterne entre <strong data-start=\"1072\" data-end=\"1090\">rouge (veille)<\/strong> et <strong data-start=\"1095\" data-end=\"1116\">vert (activ\u00e9)<\/strong> pour un retour visuel clair.<br data-start=\"1145\" data-end=\"1148\" \/>La construction dans <strong data-start=\"1165\" data-end=\"1179\">alliage de zinc<\/strong> avec <strong data-start=\"1184\" data-end=\"1209\">\u00e9lectronique remplie d&#039;\u00e9poxy<\/strong> prot\u00e8ge contre l&#039;humidit\u00e9, la poussi\u00e8re et les influences ext\u00e9rieures.<\/p>\n<p data-start=\"1256\" data-end=\"1484\">Gr\u00e2ce \u00e0 son <strong data-start=\"1270\" data-end=\"1288\">Indice de protection IP65<\/strong> et <strong data-start=\"1293\" data-end=\"1316\">profil compact et mince<\/strong> Il peut \u00eatre install\u00e9 aussi bien \u00e0 l&#039;int\u00e9rieur qu&#039;\u00e0 l&#039;ext\u00e9rieur, m\u00eame dans des espaces restreints.<br data-start=\"1383\" data-end=\"1386\" \/>Aucune programmation requise \u2013 il suffit de connecter les fils d&#039;alimentation et de relais, et c&#039;est pr\u00eat \u00e0 l&#039;emploi.<\/p>\n<hr data-start=\"1486\" data-end=\"1489\" \/>\n<h3 data-start=\"1491\" data-end=\"1526\"><strong data-start=\"1498\" data-end=\"1526\">Sp\u00e9cifications techniques<\/strong><\/h3>\n<div class=\"_tableContainer_1rjym_1\">\n<div class=\"group _tableWrapper_1rjym_13 flex w-fit flex-col-reverse\">\n<table class=\"w-fit min-w-(--thread-content-width)\" data-start=\"1527\" data-end=\"2096\">\n<thead data-start=\"1527\" data-end=\"1547\">\n<tr data-start=\"1527\" data-end=\"1547\">\n<th data-start=\"1527\" data-end=\"1538\" data-col-size=\"sm\">Propri\u00e9t\u00e9<\/th>\n<th data-start=\"1538\" data-end=\"1547\" data-col-size=\"md\">Valeur<\/th>\n<\/tr>\n<\/thead>\n<tbody data-start=\"1571\" data-end=\"2096\">\n<tr data-start=\"1571\" data-end=\"1608\">\n<td data-start=\"1571\" data-end=\"1577\" data-col-size=\"sm\">Taper<\/td>\n<td data-col-size=\"md\" data-start=\"1577\" data-end=\"1608\">Bouton d&#039;ouverture tactile<\/td>\n<\/tr>\n<tr data-start=\"1609\" data-end=\"1647\">\n<td data-start=\"1609\" data-end=\"1618\" data-col-size=\"sm\">Mod\u00e8le<\/td>\n<td data-col-size=\"md\" data-start=\"1618\" data-end=\"1647\">Profil \u00e9troit standard tactile<\/td>\n<\/tr>\n<tr data-start=\"1648\" data-end=\"1682\">\n<td data-start=\"1648\" data-end=\"1659\" data-col-size=\"sm\">Mat\u00e9riel<\/td>\n<td data-col-size=\"md\" data-start=\"1659\" data-end=\"1682\">Alliage de zinc (m\u00e9tal)<\/td>\n<\/tr>\n<tr data-start=\"1683\" data-end=\"1720\">\n<td data-start=\"1683\" data-end=\"1691\" data-col-size=\"sm\">Protection<\/td>\n<td data-start=\"1691\" data-end=\"1720\" data-col-size=\"md\">\u00c9lectronique scell\u00e9e \u00e0 l&#039;\u00e9poxy<\/td>\n<\/tr>\n<tr data-start=\"1721\" data-end=\"1746\">\n<td data-start=\"1721\" data-end=\"1732\" data-col-size=\"sm\">Tension<\/td>\n<td data-start=\"1732\" data-end=\"1746\" data-col-size=\"md\">12\u201336 V CC<\/td>\n<\/tr>\n<tr data-start=\"1747\" data-end=\"1781\">\n<td data-start=\"1747\" data-end=\"1764\" data-col-size=\"sm\">Capacit\u00e9 actuelle<\/td>\n<td data-start=\"1764\" data-end=\"1781\" data-col-size=\"md\">3 A \u00e0 36 V CC<\/td>\n<\/tr>\n<tr data-start=\"1782\" data-end=\"1812\">\n<td data-start=\"1782\" data-end=\"1795\" data-col-size=\"sm\">Sortie relais<\/td>\n<td data-start=\"1795\" data-end=\"1812\" data-col-size=\"md\">NON \/ NC \/ COM<\/td>\n<\/tr>\n<tr data-start=\"1813\" data-end=\"1866\">\n<td data-start=\"1813\" data-end=\"1826\" data-col-size=\"sm\">Indication<\/td>\n<td data-start=\"1826\" data-end=\"1866\" data-col-size=\"md\">LED : Rouge (veille), Verte (activ\u00e9e)<\/td>\n<\/tr>\n<tr data-start=\"1867\" data-end=\"1902\">\n<td data-start=\"1867\" data-end=\"1882\" data-col-size=\"sm\">Indice IP<\/td>\n<td data-start=\"1882\" data-end=\"1902\" data-col-size=\"md\">IP65 (r\u00e9sistant aux \u00e9claboussures)<\/td>\n<\/tr>\n<tr data-start=\"1903\" data-end=\"1941\">\n<td data-start=\"1903\" data-end=\"1915\" data-col-size=\"sm\">Vie<\/td>\n<td data-start=\"1915\" data-end=\"1941\" data-col-size=\"md\">&gt; 500 000 activations<\/td>\n<\/tr>\n<tr data-start=\"1942\" data-end=\"1968\">\n<td data-start=\"1942\" data-end=\"1949\" data-col-size=\"sm\">Mesure<\/td>\n<td data-start=\"1949\" data-end=\"1968\" data-col-size=\"md\">80 \u00d7 32 \u00d7 16 mm<\/td>\n<\/tr>\n<tr data-start=\"1969\" data-end=\"2004\">\n<td data-start=\"1969\" data-end=\"1982\" data-col-size=\"sm\">Temp\u00e9rature<\/td>\n<td data-col-size=\"md\" data-start=\"1982\" data-end=\"2004\">\u201320\u00b0C \u00e0 +55\u00b0C<\/td>\n<\/tr>\n<tr data-start=\"2005\" data-end=\"2070\">\n<td data-start=\"2005\" data-end=\"2017\" data-col-size=\"sm\">Montage<\/td>\n<td data-col-size=\"md\" data-start=\"2017\" data-end=\"2070\">Fixation facile par vis sur un mur ou un cadre de porte<\/td>\n<\/tr>\n<tr data-start=\"2071\" data-end=\"2096\">\n<td data-start=\"2071\" data-end=\"2084\" data-col-size=\"sm\">Certificat<\/td>\n<td data-start=\"2084\" data-end=\"2096\" data-col-size=\"md\">CE, RoHS<\/td>\n<\/tr>\n<\/tbody>\n<\/table>\n<\/div>\n<\/div>\n<hr data-start=\"2098\" data-end=\"2101\" \/>\n<h3 data-start=\"2103\" data-end=\"2122\"><strong data-start=\"2110\" data-end=\"2122\">Avantages<\/strong><\/h3>\n<ul data-start=\"2123\" data-end=\"2474\">\n<li data-start=\"2123\" data-end=\"2183\">\n<p data-start=\"2125\" data-end=\"2183\">Bo\u00eetier m\u00e9tallique (alliage de zinc) \u2013 r\u00e9sistant \u00e0 l&#039;usure et aux influences environnementales<\/p>\n<\/li>\n<li data-start=\"2184\" data-end=\"2233\">\n<p data-start=\"2186\" data-end=\"2233\">Indice de protection IP65 et scellage \u00e9poxy pour une protection optimale contre l&#039;humidit\u00e9<\/p>\n<\/li>\n<li data-start=\"2234\" data-end=\"2263\">\n<p data-start=\"2236\" data-end=\"2263\">Aucune programmation requise<\/p>\n<\/li>\n<li data-start=\"2264\" data-end=\"2308\">\n<p data-start=\"2266\" data-end=\"2308\">Voyant LED pour retour visuel (rouge\/vert)<\/p>\n<\/li>\n<li data-start=\"2309\" data-end=\"2360\">\n<p data-start=\"2311\" data-end=\"2360\">Installation facile \u2013 id\u00e9al pour la r\u00e9novation<\/p>\n<\/li>\n<li data-start=\"2361\" data-end=\"2421\">\n<p data-start=\"2363\" data-end=\"2421\">Son format compact et fin s&#039;adapte m\u00eame aux espaces restreints.<\/p>\n<\/li>\n<li data-start=\"2422\" data-end=\"2474\">\n<p data-start=\"2424\" data-end=\"2474\">Compatible avec tous les contr\u00f4leurs standard dot\u00e9s d&#039;une entr\u00e9e NO\/NC<\/p>\n<\/li>\n<\/ul>\n<hr data-start=\"2476\" data-end=\"2479\" \/>\n<h3 data-start=\"2481\" data-end=\"2510\"><strong data-start=\"2488\" data-end=\"2510\">Domaines d&#039;utilisation<\/strong><\/h3>\n<ul data-start=\"2511\" data-end=\"2679\">\n<li data-start=\"2511\" data-end=\"2549\">\n<p data-start=\"2513\" data-end=\"2549\">ouverture de porte dans un syst\u00e8me de contr\u00f4le d&#039;acc\u00e8s<\/p>\n<\/li>\n<li data-start=\"2550\" data-end=\"2589\">\n<p data-start=\"2552\" data-end=\"2589\">Portails, portails et automatisation de portes<\/p>\n<\/li>\n<li data-start=\"2590\" data-end=\"2619\">\n<p data-start=\"2592\" data-end=\"2619\">Syst\u00e8mes d&#039;alarme et de s\u00e9curit\u00e9<\/p>\n<\/li>\n<li data-start=\"2620\" data-end=\"2679\">\n<p data-start=\"2622\" data-end=\"2679\">H\u00f4pitaux, bureaux, industrie, \u00e9coles, b\u00e2timents publics<\/p>\n<\/li>\n<\/ul>","protected":false},"excerpt":{"rendered":"<p>Bouton d&#039;ouverture tactile en m\u00e9tal avec indication LED (rouge\/vert).<br data-start=\"551\" data-end=\"554\" \/>Construction robuste certifi\u00e9e IP65, avec 500 000 activations.<br data-start=\"616\" data-end=\"619\" \/>Convient aux portes, portails et syst\u00e8mes de contr\u00f4le d&#039;acc\u00e8s - installation facile, 12-36 V.<\/p>","protected":false},"featured_media":159140,"template":"","meta":{"_acf_changed":false},"product_brand":[],"product_cat":[4867],"product_tag":[3068,2937,2958],"class_list":{"0":"post-56522","1":"product","2":"type-product","3":"status-publish","4":"has-post-thumbnail","6":"product_cat-oppnaknappar-kategorier","7":"product_tag-oppnaknapp-beroringsfria","8":"product_tag-oppnaknappar","9":"product_tag-stonehouse-produkt","10":"product_shipping_class-postnord-varubrev","11":"pa_brands-stonehouse-security","12":"tm-no-options","14":"first","15":"instock","16":"sale","17":"featured","18":"taxable","19":"shipping-taxable","20":"purchasable","21":"product-type-simple"},"acf":[],"_links":{"self":[{"href":"https:\/\/secureus.se\/fr\/wp-json\/wp\/v2\/product\/56522","targetHints":{"allow":["GET"]}}],"collection":[{"href":"https:\/\/secureus.se\/fr\/wp-json\/wp\/v2\/product"}],"about":[{"href":"https:\/\/secureus.se\/fr\/wp-json\/wp\/v2\/types\/product"}],"wp:featuredmedia":[{"embeddable":true,"href":"https:\/\/secureus.se\/fr\/wp-json\/wp\/v2\/media\/159140"}],"wp:attachment":[{"href":"https:\/\/secureus.se\/fr\/wp-json\/wp\/v2\/media?parent=56522"}],"wp:term":[{"taxonomy":"product_brand","embeddable":true,"href":"https:\/\/secureus.se\/fr\/wp-json\/wp\/v2\/product_brand?post=56522"},{"taxonomy":"product_cat","embeddable":true,"href":"https:\/\/secureus.se\/fr\/wp-json\/wp\/v2\/product_cat?post=56522"},{"taxonomy":"product_tag","embeddable":true,"href":"https:\/\/secureus.se\/fr\/wp-json\/wp\/v2\/product_tag?post=56522"}],"curies":[{"name":"wp","href":"https:\/\/api.w.org\/{rel}","templated":true}]}}