{"id":56523,"date":"2022-03-11T07:13:00","date_gmt":"2022-03-11T06:13:00","guid":{"rendered":"https:\/\/secureus.se\/produkt\/signering-till-stonehouse-modulplintar\/"},"modified":"2026-01-19T12:42:29","modified_gmt":"2026-01-19T11:42:29","slug":"signering-till-stonehouse-modulplintar","status":"publish","type":"product","link":"https:\/\/secureus.se\/fr\/signering-till-stonehouse-modulplintar\/","title":{"rendered":"Signature pour les terminaux modulaires Stonehouse."},"content":{"rendered":"<p>Terminal de signature fourni avec 1 morceau d&#039;\u00e9tiquette papier.<\/p>\n<p>Le terminal de signature est destin\u00e9 \u00e0 \u00eatre mont\u00e9 sur les borniers des coffrets d&#039;alarme Stonehouse, mais s&#039;adapte \u00e9galement \u00e0 d&#039;autres marques.<\/p>\n<p><strong>Vous pouvez acheter ce produit chez Solar. Num\u00e9ro de courrier \u00e9lectronique 50 104 09<\/strong><\/p>","protected":false},"excerpt":{"rendered":"<p>24 paires d&#039;alarmes et de t\u00e9l\u00e9box aux prix les plus bas de Su\u00e8de - Pour les professionnels par les professionnels<\/p>","protected":false},"featured_media":144997,"template":"","meta":{"_acf_changed":false},"product_brand":[],"product_cat":[1547],"product_tag":[2205,2207,2211,2958],"class_list":{"0":"post-56523","1":"product","2":"type-product","3":"status-publish","4":"has-post-thumbnail","6":"product_cat-plint-larm-telebox","7":"product_tag-box-larmbox-larmplint","8":"product_tag-box-telebox-teleplint","9":"product_tag-box-tillbehor","10":"product_tag-stonehouse-produkt","11":"product_shipping_class-postnord-varubrev","12":"pa_brands-stonehouse-security","13":"tm-no-options","15":"first","16":"instock","17":"sale","18":"featured","19":"taxable","20":"shipping-taxable","21":"purchasable","22":"product-type-simple"},"acf":[],"_links":{"self":[{"href":"https:\/\/secureus.se\/fr\/wp-json\/wp\/v2\/product\/56523","targetHints":{"allow":["GET"]}}],"collection":[{"href":"https:\/\/secureus.se\/fr\/wp-json\/wp\/v2\/product"}],"about":[{"href":"https:\/\/secureus.se\/fr\/wp-json\/wp\/v2\/types\/product"}],"wp:featuredmedia":[{"embeddable":true,"href":"https:\/\/secureus.se\/fr\/wp-json\/wp\/v2\/media\/144997"}],"wp:attachment":[{"href":"https:\/\/secureus.se\/fr\/wp-json\/wp\/v2\/media?parent=56523"}],"wp:term":[{"taxonomy":"product_brand","embeddable":true,"href":"https:\/\/secureus.se\/fr\/wp-json\/wp\/v2\/product_brand?post=56523"},{"taxonomy":"product_cat","embeddable":true,"href":"https:\/\/secureus.se\/fr\/wp-json\/wp\/v2\/product_cat?post=56523"},{"taxonomy":"product_tag","embeddable":true,"href":"https:\/\/secureus.se\/fr\/wp-json\/wp\/v2\/product_tag?post=56523"}],"curies":[{"name":"wp","href":"https:\/\/api.w.org\/{rel}","templated":true}]}}