{"id":56525,"date":"2022-03-11T07:13:00","date_gmt":"2022-03-11T06:13:00","guid":{"rendered":"https:\/\/secureus.se\/produkt\/oppnaknapp-touch-standard-metall\/"},"modified":"2025-12-31T19:49:19","modified_gmt":"2025-12-31T18:49:19","slug":"oppnaknapp-touch-standard-metall","status":"publish","type":"product","link":"https:\/\/secureus.se\/fr\/oppnaknapp-touch-standard-metall\/","title":{"rendered":"Bouton tactile standard - M\u00e9tal, 12-24 V, IP65, CE\/ROHS"},"content":{"rendered":"<p data-start=\"806\" data-end=\"1128\"><strong data-start=\"806\" data-end=\"844\">Bouton Ouvrir Tactile Standard \u2013 M\u00e9tal<\/strong> est un bouton d&#039;ouverture durable et moderne pour les syst\u00e8mes d&#039;alarme, de contr\u00f4le de porte et de contr\u00f4le d&#039;acc\u00e8s.<br data-start=\"931\" data-end=\"934\" \/>Le bouton s&#039;active par simple contact \u2013 aucune pression m\u00e9canique n&#039;est requise. Lorsqu&#039;il est activ\u00e9, le relais commute avec un clic net et un <strong data-start=\"1074\" data-end=\"1097\">Voyant LED vert<\/strong> S&#039;allume pour confirmation visuelle.<\/p>\n<p data-start=\"1130\" data-end=\"1380\">Le bouton est con\u00e7u pour r\u00e9sister aux environnements difficiles et \u00e0 une utilisation \u00e0 long terme \u2013 jusqu&#039;\u00e0 <strong data-start=\"1211\" data-end=\"1235\">500 000 activations<\/strong>.<br data-start=\"1236\" data-end=\"1239\" \/>Le bo\u00eetier est fait de <strong data-start=\"1262\" data-end=\"1291\">alliage de zinc<\/strong> et tous les composants internes sont <strong data-start=\"1324\" data-end=\"1339\">rempli d&#039;\u00e9poxy<\/strong> Pour r\u00e9sister \u00e0 l&#039;humidit\u00e9, \u00e0 la poussi\u00e8re et \u00e0 l&#039;usure.<\/p>\n<h3 data-start=\"1382\" data-end=\"1400\"><strong data-start=\"1386\" data-end=\"1400\">Caract\u00e9ristiques<\/strong><\/h3>\n<ul data-start=\"1401\" data-end=\"1855\">\n<li data-start=\"1401\" data-end=\"1458\">\n<p data-start=\"1403\" data-end=\"1458\">Activation tactile \u2013 sans bouton m\u00e9canique<\/p>\n<\/li>\n<li data-start=\"1459\" data-end=\"1496\">\n<p data-start=\"1461\" data-end=\"1496\">Jusqu&#039;\u00e0 <strong data-start=\"1470\" data-end=\"1494\">500 000 activations<\/strong><\/p>\n<\/li>\n<li data-start=\"1497\" data-end=\"1524\">\n<p data-start=\"1499\" data-end=\"1524\">tension: <strong data-start=\"1509\" data-end=\"1522\">12\u201324 V CC<\/strong><\/p>\n<\/li>\n<li data-start=\"1525\" data-end=\"1562\">\n<p data-start=\"1527\" data-end=\"1562\">Sortie relais : <strong data-start=\"1539\" data-end=\"1560\">jusqu&#039;\u00e0 36 V \/ 3 A<\/strong><\/p>\n<\/li>\n<li data-start=\"1563\" data-end=\"1600\">\n<p data-start=\"1565\" data-end=\"1600\">Mat\u00e9riel: <strong data-start=\"1575\" data-end=\"1598\">M\u00e9tal (alliage de zinc)<\/strong><\/p>\n<\/li>\n<li data-start=\"1601\" data-end=\"1641\">\n<p data-start=\"1603\" data-end=\"1641\"><strong data-start=\"1603\" data-end=\"1620\">Remplissage \u00e9poxy<\/strong> pour prot\u00e9ger contre l&#039;humidit\u00e9<\/p>\n<\/li>\n<li data-start=\"1642\" data-end=\"1692\">\n<p data-start=\"1644\" data-end=\"1692\"><strong data-start=\"1644\" data-end=\"1660\">Indice de protection IP65<\/strong> \u2013 \u00e9tanche \u00e0 l&#039;eau<\/p>\n<\/li>\n<li data-start=\"1693\" data-end=\"1725\">\n<p data-start=\"1695\" data-end=\"1725\"><strong data-start=\"1695\" data-end=\"1723\">Certifi\u00e9 CE et RoHS<\/strong><\/p>\n<\/li>\n<li data-start=\"1726\" data-end=\"1789\">\n<p data-start=\"1728\" data-end=\"1789\">Installation facile gr\u00e2ce \u00e0 la plaque de base et \u00e0 la vis incluses.<\/p>\n<\/li>\n<li data-start=\"1790\" data-end=\"1855\">\n<p data-start=\"1792\" data-end=\"1855\">Compatible avec la plupart des syst\u00e8mes de contr\u00f4le d&#039;acc\u00e8s, alarmes et dispositifs de commande de portes<\/p>\n<\/li>\n<\/ul>\n<h3 data-start=\"1857\" data-end=\"1874\"><strong data-start=\"1861\" data-end=\"1874\">Montage<\/strong><\/h3>\n<p data-start=\"1875\" data-end=\"2109\">Le bouton s&#039;installe rapidement en desserrant la plaque de base \u00e0 l&#039;aide d&#039;une vis, en fixant la plaque au mur puis en connectant les c\u00e2bles. Une fois les fils connect\u00e9s, le bouton se remet simplement en place d&#039;un clic. <strong data-start=\"2057\" data-end=\"2108\">Aucune programmation ni outil sp\u00e9cial requis<\/strong>.<\/p>","protected":false},"excerpt":{"rendered":"<p>Bouton d&#039;ouverture m\u00e9tallique robuste pour syst\u00e8mes d&#039;alarme et de contr\u00f4le d&#039;acc\u00e8s.<br data-start=\"567\" data-end=\"570\" \/>Activation par simple contact \u2013 aucune pression n\u00e9cessaire.<br data-start=\"614\" data-end=\"617\" \/>Indice de protection IP65, fonctionnement 12\u201324 V, jusqu&#039;\u00e0 <strong data-start=\"654\" data-end=\"678\">500 000 activations<\/strong>.<br data-start=\"679\" data-end=\"682\" \/>Fabriqu\u00e9 en mat\u00e9riau durable <strong data-start=\"705\" data-end=\"721\">alliage de zinc<\/strong> avec remplissage \u00e9poxy pour une protection maximale contre l&#039;humidit\u00e9.<\/p>","protected":false},"featured_media":159126,"template":"","meta":{"_acf_changed":false},"product_brand":[],"product_cat":[4867],"product_tag":[3068,2937,2958],"class_list":{"0":"post-56525","1":"product","2":"type-product","3":"status-publish","4":"has-post-thumbnail","6":"product_cat-oppnaknappar-kategorier","7":"product_tag-oppnaknapp-beroringsfria","8":"product_tag-oppnaknappar","9":"product_tag-stonehouse-produkt","10":"product_shipping_class-postnord-varubrev","11":"pa_brands-stonehouse-security","12":"tm-no-options","14":"first","15":"instock","16":"sale","17":"featured","18":"taxable","19":"shipping-taxable","20":"purchasable","21":"product-type-simple"},"acf":[],"_links":{"self":[{"href":"https:\/\/secureus.se\/fr\/wp-json\/wp\/v2\/product\/56525","targetHints":{"allow":["GET"]}}],"collection":[{"href":"https:\/\/secureus.se\/fr\/wp-json\/wp\/v2\/product"}],"about":[{"href":"https:\/\/secureus.se\/fr\/wp-json\/wp\/v2\/types\/product"}],"wp:featuredmedia":[{"embeddable":true,"href":"https:\/\/secureus.se\/fr\/wp-json\/wp\/v2\/media\/159126"}],"wp:attachment":[{"href":"https:\/\/secureus.se\/fr\/wp-json\/wp\/v2\/media?parent=56525"}],"wp:term":[{"taxonomy":"product_brand","embeddable":true,"href":"https:\/\/secureus.se\/fr\/wp-json\/wp\/v2\/product_brand?post=56525"},{"taxonomy":"product_cat","embeddable":true,"href":"https:\/\/secureus.se\/fr\/wp-json\/wp\/v2\/product_cat?post=56525"},{"taxonomy":"product_tag","embeddable":true,"href":"https:\/\/secureus.se\/fr\/wp-json\/wp\/v2\/product_tag?post=56525"}],"curies":[{"name":"wp","href":"https:\/\/api.w.org\/{rel}","templated":true}]}}