{"id":56526,"date":"2022-03-11T07:13:00","date_gmt":"2022-03-11T06:13:00","guid":{"rendered":"https:\/\/secureus.se\/produkt\/krone-sla-verktyg-for-larm-teleplintar\/"},"modified":"2025-12-31T19:55:21","modified_gmt":"2025-12-31T18:55:21","slug":"krone-sla-verktyg-for-larm-teleplintar","status":"publish","type":"product","link":"https:\/\/secureus.se\/fr\/krone-sla-verktyg-for-larm-teleplintar\/","title":{"rendered":"Outils Krone\/SLA pour alarmes et t\u00e9l\u00e9terminaux"},"content":{"rendered":"<p>Outil de contact pour les bo\u00eetes SLA\/krone de toutes marques.<\/p>","protected":false},"excerpt":{"rendered":"<p>25 paires d&#039;alarmes et de t\u00e9l\u00e9box ainsi que des outils de refendage aux prix les plus bas de Su\u00e8de - Pour les pros par les pros <\/p>","protected":false},"featured_media":144635,"template":"","meta":{"_acf_changed":false},"product_brand":[],"product_cat":[1547],"product_tag":[2211,2421,2958],"class_list":{"0":"post-56526","1":"product","2":"type-product","3":"status-publish","4":"has-post-thumbnail","6":"product_cat-plint-larm-telebox","7":"product_tag-box-tillbehor","8":"product_tag-rel-installationstillbehor","9":"product_tag-stonehouse-produkt","10":"product_shipping_class-postnord-varubrev","11":"pa_brands-stonehouse-security","12":"tm-no-options","14":"first","15":"instock","16":"sale","17":"featured","18":"taxable","19":"shipping-taxable","20":"purchasable","21":"product-type-simple"},"acf":[],"_links":{"self":[{"href":"https:\/\/secureus.se\/fr\/wp-json\/wp\/v2\/product\/56526","targetHints":{"allow":["GET"]}}],"collection":[{"href":"https:\/\/secureus.se\/fr\/wp-json\/wp\/v2\/product"}],"about":[{"href":"https:\/\/secureus.se\/fr\/wp-json\/wp\/v2\/types\/product"}],"wp:featuredmedia":[{"embeddable":true,"href":"https:\/\/secureus.se\/fr\/wp-json\/wp\/v2\/media\/144635"}],"wp:attachment":[{"href":"https:\/\/secureus.se\/fr\/wp-json\/wp\/v2\/media?parent=56526"}],"wp:term":[{"taxonomy":"product_brand","embeddable":true,"href":"https:\/\/secureus.se\/fr\/wp-json\/wp\/v2\/product_brand?post=56526"},{"taxonomy":"product_cat","embeddable":true,"href":"https:\/\/secureus.se\/fr\/wp-json\/wp\/v2\/product_cat?post=56526"},{"taxonomy":"product_tag","embeddable":true,"href":"https:\/\/secureus.se\/fr\/wp-json\/wp\/v2\/product_tag?post=56526"}],"curies":[{"name":"wp","href":"https:\/\/api.w.org\/{rel}","templated":true}]}}