{"id":56528,"date":"2022-03-11T07:13:00","date_gmt":"2022-03-11T06:13:00","guid":{"rendered":"https:\/\/secureus.se\/produkt\/stonehouse-larmplint-10-par-slits-slits-med-sabotage\/"},"modified":"2026-04-17T14:44:54","modified_gmt":"2026-04-17T12:44:54","slug":"stonehouse-larmplint-10-par-slits-slits-med-sabotage","status":"publish","type":"product","link":"https:\/\/secureus.se\/fr\/stonehouse-larmplint-10-par-slits-slits-med-sabotage\/","title":{"rendered":"Stonehouse Terminal d&#039;alarme 10 paires slot\/slot avec autoprotection"},"content":{"rendered":"<p>Borne d&#039;alarme \u00e0 10 paires avec borne de connexion s\u00e9par\u00e9e pour le c\u00e2ble d&#039;alimentation entrant.<\/p>\n<p>Bornier s\u00e9par\u00e9 pour l&#039;interrupteur anti-sabotage et l&#039;\u00e9cran.<\/p>\n<p>Connexion par fente entr\u00e9e et connexion par fente.<\/p>\n<p>Fournisseur\u00a0: Stonehouse<\/p>\n<p>Connexion : Fente\/Fente<\/p>\n<p>Paires de p\u00f4les\u00a0: 10<\/p>\n<p>Dimensions : 116x40x12 mm<\/p>","protected":false},"excerpt":{"rendered":"<p>10 paires d&#039;alarmes et de t\u00e9l\u00e9box aux prix les plus bas de Su\u00e8de - Pour les professionnels par des professionnels<\/p>","protected":false},"featured_media":144606,"template":"","meta":{"_acf_changed":false},"product_brand":[],"product_cat":[1547],"product_tag":[2205,2421,2958],"class_list":{"0":"post-56528","1":"product","2":"type-product","3":"status-publish","4":"has-post-thumbnail","6":"product_cat-plint-larm-telebox","7":"product_tag-box-larmbox-larmplint","8":"product_tag-rel-installationstillbehor","9":"product_tag-stonehouse-produkt","10":"product_shipping_class-postnord-varubrev","11":"pa_brands-stonehouse-security","12":"tm-no-options","14":"first","15":"instock","16":"sale","17":"featured","18":"taxable","19":"shipping-taxable","20":"purchasable","21":"product-type-simple"},"acf":[],"_links":{"self":[{"href":"https:\/\/secureus.se\/fr\/wp-json\/wp\/v2\/product\/56528","targetHints":{"allow":["GET"]}}],"collection":[{"href":"https:\/\/secureus.se\/fr\/wp-json\/wp\/v2\/product"}],"about":[{"href":"https:\/\/secureus.se\/fr\/wp-json\/wp\/v2\/types\/product"}],"wp:featuredmedia":[{"embeddable":true,"href":"https:\/\/secureus.se\/fr\/wp-json\/wp\/v2\/media\/144606"}],"wp:attachment":[{"href":"https:\/\/secureus.se\/fr\/wp-json\/wp\/v2\/media?parent=56528"}],"wp:term":[{"taxonomy":"product_brand","embeddable":true,"href":"https:\/\/secureus.se\/fr\/wp-json\/wp\/v2\/product_brand?post=56528"},{"taxonomy":"product_cat","embeddable":true,"href":"https:\/\/secureus.se\/fr\/wp-json\/wp\/v2\/product_cat?post=56528"},{"taxonomy":"product_tag","embeddable":true,"href":"https:\/\/secureus.se\/fr\/wp-json\/wp\/v2\/product_tag?post=56528"}],"curies":[{"name":"wp","href":"https:\/\/api.w.org\/{rel}","templated":true}]}}