{"id":56531,"date":"2022-03-11T07:13:00","date_gmt":"2022-03-11T06:13:00","guid":{"rendered":"https:\/\/secureus.se\/produkt\/stonehouse-larmplint-10-par-slits-skruv-med-sabotage\/"},"modified":"2025-12-31T19:52:14","modified_gmt":"2025-12-31T18:52:14","slug":"stonehouse-larmplint-10-par-slits-skruv-med-sabotage","status":"publish","type":"product","link":"https:\/\/secureus.se\/fr\/stonehouse-larmplint-10-par-slits-skruv-med-sabotage\/","title":{"rendered":"Borne d&#039;alarme Stonehouse 10 paires fente\/vis avec autoprotection"},"content":{"rendered":"<p>Borne d&#039;alarme \u00e0 10 paires avec borne de connexion s\u00e9par\u00e9e pour le c\u00e2ble d&#039;alimentation entrant.<\/p>\n<p>Bornier s\u00e9par\u00e9 pour contact anti-sabotage et \u00e9cran.<\/p>\n<p>Connexion par fente et connexion par vis.<\/p>\n<p>Fournisseur\u00a0: Stonehouse<\/p>\n<p>Connexion : Fente \/ Vis<\/p>\n<p>Paires de p\u00f4les\u00a0: 10<\/p>\n<p>Dimensions : 116x40x12 mm<\/p>","protected":false},"excerpt":{"rendered":"<p>11 paires d&#039;alarmes et de t\u00e9l\u00e9box aux prix les plus bas de Su\u00e8de - Pour les professionnels par des professionnels<\/p>","protected":false},"featured_media":144702,"template":"","meta":{"_acf_changed":false},"product_brand":[],"product_cat":[1547],"product_tag":[2205,2958],"class_list":{"0":"post-56531","1":"product","2":"type-product","3":"status-publish","4":"has-post-thumbnail","6":"product_cat-plint-larm-telebox","7":"product_tag-box-larmbox-larmplint","8":"product_tag-stonehouse-produkt","9":"product_shipping_class-postnord-varubrev","10":"pa_brands-stonehouse-security","11":"tm-no-options","13":"first","14":"instock","15":"sale","16":"featured","17":"taxable","18":"shipping-taxable","19":"purchasable","20":"product-type-simple"},"acf":[],"_links":{"self":[{"href":"https:\/\/secureus.se\/fr\/wp-json\/wp\/v2\/product\/56531","targetHints":{"allow":["GET"]}}],"collection":[{"href":"https:\/\/secureus.se\/fr\/wp-json\/wp\/v2\/product"}],"about":[{"href":"https:\/\/secureus.se\/fr\/wp-json\/wp\/v2\/types\/product"}],"wp:featuredmedia":[{"embeddable":true,"href":"https:\/\/secureus.se\/fr\/wp-json\/wp\/v2\/media\/144702"}],"wp:attachment":[{"href":"https:\/\/secureus.se\/fr\/wp-json\/wp\/v2\/media?parent=56531"}],"wp:term":[{"taxonomy":"product_brand","embeddable":true,"href":"https:\/\/secureus.se\/fr\/wp-json\/wp\/v2\/product_brand?post=56531"},{"taxonomy":"product_cat","embeddable":true,"href":"https:\/\/secureus.se\/fr\/wp-json\/wp\/v2\/product_cat?post=56531"},{"taxonomy":"product_tag","embeddable":true,"href":"https:\/\/secureus.se\/fr\/wp-json\/wp\/v2\/product_tag?post=56531"}],"curies":[{"name":"wp","href":"https:\/\/api.w.org\/{rel}","templated":true}]}}