{"id":56539,"date":"2022-03-11T07:13:00","date_gmt":"2022-03-11T06:13:00","guid":{"rendered":"https:\/\/secureus.se\/produkt\/rela-12-vdc-2-stycken-separat-styrda-relaer-med-varsin-ingang\/"},"modified":"2025-12-31T20:02:12","modified_gmt":"2025-12-31T19:02:12","slug":"rela-12-vdc-2-stycken-separat-styrda-relaer-med-varsin-ingang","status":"publish","type":"product","link":"https:\/\/secureus.se\/fr\/rela-12-vdc-2-stycken-separat-styrda-relaer-med-varsin-ingang\/","title":{"rendered":"Relais 12 VDC 2 relais contr\u00f4l\u00e9s s\u00e9par\u00e9ment avec chaque entr\u00e9e"},"content":{"rendered":"<p>12 V CA\/CC<\/p>\n<p>Tension commutable maximale\u00a0: 30\u00a0VDC\/AC<\/p>\n<p>Sortir: 1A<\/p>\n<p>Courant maximum du fusible\u00a0: 2\u00a0A \u00e0 12\u00a0V\u00a0CC<\/p>\n<p>Consommation de courant\u00a0: 25\u00a0mA \u00e0 12\u00a0V\u00a0CC<\/p>","protected":false},"excerpt":{"rendered":"<p>12 V AC\/DC Tension commutable maximale : 30 V CC \/ CA Puissance de sortie : 1 A Courant maximum du fusible : 2 A \u00e0 12 V CC Consommation de courant : 25 mA \u00e0 12 V CC<\/p>","protected":false},"featured_media":144661,"template":"","meta":{"_acf_changed":false},"product_brand":[],"product_cat":[4151,1548],"product_tag":[2427,2229],"class_list":{"0":"post-56539","1":"product","2":"type-product","3":"status-publish","4":"has-post-thumbnail","6":"product_cat-rela-12-volt","7":"product_cat-relaer-elektronik","8":"product_tag-rel-relaelektonik","9":"product_tag-rela-12v","10":"product_shipping_class-postnord-varubrev","11":"pa_brands-ewimar","12":"tm-no-options","14":"first","15":"instock","16":"sale","17":"featured","18":"taxable","19":"shipping-taxable","20":"purchasable","21":"product-type-simple"},"acf":[],"_links":{"self":[{"href":"https:\/\/secureus.se\/fr\/wp-json\/wp\/v2\/product\/56539","targetHints":{"allow":["GET"]}}],"collection":[{"href":"https:\/\/secureus.se\/fr\/wp-json\/wp\/v2\/product"}],"about":[{"href":"https:\/\/secureus.se\/fr\/wp-json\/wp\/v2\/types\/product"}],"wp:featuredmedia":[{"embeddable":true,"href":"https:\/\/secureus.se\/fr\/wp-json\/wp\/v2\/media\/144661"}],"wp:attachment":[{"href":"https:\/\/secureus.se\/fr\/wp-json\/wp\/v2\/media?parent=56539"}],"wp:term":[{"taxonomy":"product_brand","embeddable":true,"href":"https:\/\/secureus.se\/fr\/wp-json\/wp\/v2\/product_brand?post=56539"},{"taxonomy":"product_cat","embeddable":true,"href":"https:\/\/secureus.se\/fr\/wp-json\/wp\/v2\/product_cat?post=56539"},{"taxonomy":"product_tag","embeddable":true,"href":"https:\/\/secureus.se\/fr\/wp-json\/wp\/v2\/product_tag?post=56539"}],"curies":[{"name":"wp","href":"https:\/\/api.w.org\/{rel}","templated":true}]}}