{"id":56545,"date":"2022-03-11T07:13:00","date_gmt":"2022-03-11T06:13:00","guid":{"rendered":"https:\/\/secureus.se\/produkt\/sakringsmodul-5x0-5-a-eller-5x1a-med-inbyggt-felrela-och-indikeringar\/"},"modified":"2025-12-31T20:02:29","modified_gmt":"2025-12-31T19:02:29","slug":"sakringsmodul-5x0-5-a-eller-5x1a","status":"publish","type":"product","link":"https:\/\/secureus.se\/fr\/sakringsmodul-5x0-5-a-eller-5x1a\/","title":{"rendered":"Module fusible 5\u00d70,5 A ou 5x1A avec relais de d\u00e9faut et indications int\u00e9gr\u00e9s"},"content":{"rendered":"<h1>Module fusible 5 \u00d7 0,5 A\/1 A \u2013 Distribution d&#039;\u00e9nergie s\u00fbre et fiable<\/h1>\n<p>Le module fusible avec relais de d\u00e9faut int\u00e9gr\u00e9 et indication LED constitue une solution polyvalente et fiable pour les syst\u00e8mes basse tension.<\/p>\n<p>Il est id\u00e9al pour les applications qui n\u00e9cessitent une distribution et une protection s\u00fbres de l&#039;alimentation de plusieurs appareils.<\/p>\n<h5>Fonctions principales<\/h5>\n<ul>\n<li><strong>Cinq sorties ind\u00e9pendantes<\/strong>: Chaque sortie est \u00e9quip\u00e9e d&#039;une protection contre les courts-circuits (SCP) et peut utiliser des fusibles de 0,5A (standard) ou 1A (en option).<\/li>\n<li><strong>Relais de d\u00e9faut int\u00e9gr\u00e9<\/strong>: Technologie FPS pour la surveillance et l&#039;indication \u00e0 distance de l&#039;\u00e9tat des d\u00e9fauts.<\/li>\n<li><strong>Indications LED<\/strong>: Chaque sortie poss\u00e8de une LED verte qui indique l&#039;\u00e9tat, tandis qu&#039;une LED rouge indique une erreur.<\/li>\n<li><strong>Fonctions de protection robustes<\/strong>: Protection contre les courts-circuits, les surcharges et les surtensions via des varistances.<\/li>\n<li><strong>Type de fusible personnalisable<\/strong>: Cavalier permettant de choisir entre des fusibles en polym\u00e8re ou en verre.<\/li>\n<\/ul>\n<h5>Avantages<\/h5>\n<ul>\n<li><strong>Utilisation flexible<\/strong>: Parfait pour les alarmes, les syst\u00e8mes de surveillance et les installations basse tension.<\/li>\n<li><strong>Installation facile<\/strong>: Fourni avec du ruban adh\u00e9sif et des trous de montage pour une installation rapide et s\u00e9curis\u00e9e.<\/li>\n<li><strong>Conception durable<\/strong>: Marqu\u00e9 CE et fourni avec une garantie de 2 ans.<\/li>\n<\/ul>\n<h5>Caract\u00e9ristiques<\/h5>\n<ul>\n<li><strong>Tension de fonctionnement<\/strong>: 10\u201330 V CC ou 10\u201324 V CA<\/li>\n<li><strong>Courant de sortie maximal<\/strong>: 0,5A\/1A par sortie<\/li>\n<li><strong>Dimensions<\/strong>: 150x43x30mm<\/li>\n<li><strong>Consommation d&#039;\u00e9nergie<\/strong>: 6\u201341 mA selon la tension d&#039;entr\u00e9e<\/li>\n<\/ul>\n<p>Le module fusible est la solution parfaite pour s\u00e9curiser et distribuer l&#039;alimentation \u00e0 plusieurs appareils, avec des performances fiables et une facilit\u00e9 d&#039;utilisation.<\/p>","protected":false},"excerpt":{"rendered":"<p>Module de fusibles efficace pour les syst\u00e8mes basse tension avec 5 fusibles et relais de d\u00e9faut int\u00e9gr\u00e9.<\/p>\n<p>L&#039;indication LED et les protections avanc\u00e9es garantissent la fiabilit\u00e9 op\u00e9rationnelle.<\/p>","protected":false},"featured_media":144752,"template":"","meta":{"_acf_changed":false},"product_brand":[],"product_cat":[4153,1548],"product_tag":[2427,2232],"class_list":{"0":"post-56545","1":"product","2":"type-product","3":"status-publish","4":"has-post-thumbnail","6":"product_cat-sakringsmodul","7":"product_cat-relaer-elektronik","8":"product_tag-rel-relaelektonik","9":"product_tag-rela-sakringsmodul","10":"product_shipping_class-postnord-varubrev","11":"pa_brands-pulsar","12":"tm-no-options","14":"first","15":"instock","16":"sale","17":"featured","18":"taxable","19":"shipping-taxable","20":"purchasable","21":"product-type-simple"},"acf":[],"_links":{"self":[{"href":"https:\/\/secureus.se\/fr\/wp-json\/wp\/v2\/product\/56545","targetHints":{"allow":["GET"]}}],"collection":[{"href":"https:\/\/secureus.se\/fr\/wp-json\/wp\/v2\/product"}],"about":[{"href":"https:\/\/secureus.se\/fr\/wp-json\/wp\/v2\/types\/product"}],"wp:featuredmedia":[{"embeddable":true,"href":"https:\/\/secureus.se\/fr\/wp-json\/wp\/v2\/media\/144752"}],"wp:attachment":[{"href":"https:\/\/secureus.se\/fr\/wp-json\/wp\/v2\/media?parent=56545"}],"wp:term":[{"taxonomy":"product_brand","embeddable":true,"href":"https:\/\/secureus.se\/fr\/wp-json\/wp\/v2\/product_brand?post=56545"},{"taxonomy":"product_cat","embeddable":true,"href":"https:\/\/secureus.se\/fr\/wp-json\/wp\/v2\/product_cat?post=56545"},{"taxonomy":"product_tag","embeddable":true,"href":"https:\/\/secureus.se\/fr\/wp-json\/wp\/v2\/product_tag?post=56545"}],"curies":[{"name":"wp","href":"https:\/\/api.w.org\/{rel}","templated":true}]}}