{"id":56549,"date":"2022-03-11T07:13:00","date_gmt":"2022-03-11T06:13:00","guid":{"rendered":"https:\/\/secureus.se\/produkt\/stonehouse-teleplint-10-par-slits-skruv\/"},"modified":"2025-12-31T20:01:01","modified_gmt":"2025-12-31T19:01:01","slug":"stonehouse-teleplint-10-par-slits-skruv","status":"publish","type":"product","link":"https:\/\/secureus.se\/fr\/stonehouse-teleplint-10-par-slits-skruv\/","title":{"rendered":"Stonehouse Teleplint 10 paires fente\/vis"},"content":{"rendered":"<p>Terminal t\u00e9l\u00e9phonique \u00e0 10 paires avec borne de connexion s\u00e9par\u00e9e pour le c\u00e2ble d&#039;alimentation entrant.<\/p>\n<p>Borne de connexion s\u00e9par\u00e9e pour \u00e9cran.<\/p>\n<p>Connexion par fente et connexion par vis.<\/p>\n<p>Fournisseur\u00a0: Stonehouse<\/p>\n<p>Connexion : Fente \/ Vis<\/p>\n<p>Paires de p\u00f4les\u00a0: 10<\/p>\n<p>Dimensions : 116x40x12 mm<\/p>","protected":false},"excerpt":{"rendered":"<p>10 paires d&#039;alarmes et de t\u00e9l\u00e9box aux prix les plus bas de Su\u00e8de - Pour les professionnels par des professionnels<\/p>","protected":false},"featured_media":144852,"template":"","meta":{"_acf_changed":false},"product_brand":[],"product_cat":[1547],"product_tag":[2207,2958],"class_list":{"0":"post-56549","1":"product","2":"type-product","3":"status-publish","4":"has-post-thumbnail","6":"product_cat-plint-larm-telebox","7":"product_tag-box-telebox-teleplint","8":"product_tag-stonehouse-produkt","9":"product_shipping_class-postnord-varubrev","10":"pa_brands-stonehouse-security","11":"tm-no-options","13":"first","14":"instock","15":"sale","16":"featured","17":"taxable","18":"shipping-taxable","19":"purchasable","20":"product-type-simple"},"acf":[],"_links":{"self":[{"href":"https:\/\/secureus.se\/fr\/wp-json\/wp\/v2\/product\/56549","targetHints":{"allow":["GET"]}}],"collection":[{"href":"https:\/\/secureus.se\/fr\/wp-json\/wp\/v2\/product"}],"about":[{"href":"https:\/\/secureus.se\/fr\/wp-json\/wp\/v2\/types\/product"}],"wp:featuredmedia":[{"embeddable":true,"href":"https:\/\/secureus.se\/fr\/wp-json\/wp\/v2\/media\/144852"}],"wp:attachment":[{"href":"https:\/\/secureus.se\/fr\/wp-json\/wp\/v2\/media?parent=56549"}],"wp:term":[{"taxonomy":"product_brand","embeddable":true,"href":"https:\/\/secureus.se\/fr\/wp-json\/wp\/v2\/product_brand?post=56549"},{"taxonomy":"product_cat","embeddable":true,"href":"https:\/\/secureus.se\/fr\/wp-json\/wp\/v2\/product_cat?post=56549"},{"taxonomy":"product_tag","embeddable":true,"href":"https:\/\/secureus.se\/fr\/wp-json\/wp\/v2\/product_tag?post=56549"}],"curies":[{"name":"wp","href":"https:\/\/api.w.org\/{rel}","templated":true}]}}