{"id":56716,"date":"2022-03-10T16:26:00","date_gmt":"2022-03-10T15:26:00","guid":{"rendered":"https:\/\/secureus.se\/produkt\/tagg-kombi-abs-pro-em4200-mifare4k-farg-svart\/"},"modified":"2026-03-27T14:28:35","modified_gmt":"2026-03-27T13:28:35","slug":"kombitagg-em-mifare4k-sv-pro","status":"publish","type":"product","link":"https:\/\/secureus.se\/fr\/kombitagg-em-mifare4k-sv-pro\/","title":{"rendered":"\u00c9tiquette combin\u00e9e EM4200 + Mifare4k\u00ae Noir \u2013 Pro"},"content":{"rendered":"<h1>Etiquette combin\u00e9e ABS Pro EM4200\/Mifare4k<\/h1>\n<h3><strong>Contr\u00f4le Pass Alarme - R\u00e9servation - Visite<\/strong><\/h3>\n<div>\n<p><strong>Choisissez vos propres num\u00e9ros de syst\u00e8me pour EM4200 (4305, 4102 et 4200) et Mifare4k<\/strong><\/p>\n<\/div>\n<p>Cette balise fonctionne dans tous les syst\u00e8mes qui utilisent la technologie EM et Mifare, notamment RCO, Bewator\/Vanderbilt, Aptus, ASSA ARX et d&#039;autres types de syst\u00e8mes,<\/p>\n<p>par exemple, syst\u00e8me de visiteurs ou connexion \u00e0 des ordinateurs\/imprimantes.<\/p>\n<p>Notre \u00ab ABS Pro \u00bb est cr\u00e9\u00e9 pour r\u00e9pondre aux besoins les plus exigeants en mati\u00e8re de s\u00e9curit\u00e9 et d\u2019identification.<\/p>\n<p>Avec sa construction robuste en mat\u00e9riau ABS et son profil fin de seulement 2,9 mm, il offre un \u00e9quilibre parfait entre durabilit\u00e9 et \u00e9l\u00e9gance.<\/p>\n<p>Sa finition \u00e9pur\u00e9e le rend id\u00e9al pour graver des num\u00e9ros standards ou inclure votre logo, que ce soit par une finition grav\u00e9e ou color\u00e9e.<\/p>\n<p>Que vous ayez besoin d&#039;un produit fiable pour les syst\u00e8mes d&#039;acc\u00e8s, les syst\u00e8mes de visiteurs, la r\u00e9servation, les alarmes, les chargeurs de voiture, la gestion d&#039;entrep\u00f4t ou d&#039;autres applications,<\/p>\n<p>alors notre \u00ab ABS Pro \u00bb est le choix parfait.<\/p>\n<p>Il est disponible dans de nombreuses variantes et nous pouvons \u00e9galement le fabriquer avec la puce de votre choix.<\/p>\n<p>Les tags d&#039;acc\u00e8s standard aujourd&#039;hui sont\u00a0: EM4200, Mifare1k, la combinaison de Mifare1k et EM4200, Mifare4k, la combinaison de Mifare4k et EM4200, ainsi que DESFire,<\/p>\n<p>vous pouvez adapter votre solution \u00e0 vos besoins sp\u00e9cifiques.<\/p>\n<p>Nous comprenons l&#039;importance de fournir des \u00e9tiquettes RFID de haute qualit\u00e9 qui r\u00e9pondent aux demandes et aux attentes d&#039;aujourd&#039;hui.<\/p>\n<p>C&#039;est pourquoi nous nous effor\u00e7ons d&#039;offrir la meilleure technologie et la meilleure compatibilit\u00e9 pour am\u00e9liorer la s\u00e9curit\u00e9 et l&#039;efficacit\u00e9 de vos syst\u00e8mes.<\/p>\n<h3><strong>Adapt\u00e9 pour des projets uniques - Tag Kombi<\/strong><\/h3>\n<p>Les avantages de nos \u00e9tiquettes RFID incluent la compatibilit\u00e9 avec diff\u00e9rents syst\u00e8mes\/technologies ainsi que la possibilit\u00e9 d&#039;adapter les \u00e9tiquettes pour s&#039;adapter \u00e0 des projets uniques.<\/p>\n<p>Nous pouvons programmer et int\u00e9grer diff\u00e9rentes puces pour r\u00e9pondre aux exigences sp\u00e9cifiques des applications et cr\u00e9er des solutions personnalis\u00e9es.<\/p>\n<p>Contactez-nous d\u00e8s aujourd&#039;hui pour discuter de vos id\u00e9es de projet et obtenir une solution d&#039;\u00e9tiquette RFID personnalis\u00e9e adapt\u00e9e \u00e0 vos besoins.<\/p>\n<h5><strong>Livraison rapide et toujours en stock - ABS Pro Kombitag\u00a0<\/strong><\/h5>\n<p>Le porte-cl\u00e9s RFID \u00ab ABS Pro \u00bb est toujours en stock avec plus de 80 000 unit\u00e9s en 6 couleurs (Rouge, Bleu, Blanc, Noir, Vert, Jaune) et avec diff\u00e9rentes puces.<\/p>\n<p>Avec l&#039;aide de nos machines laser et de nos logiciels, vous pouvez choisir un logo et un num\u00e9ro unique \u00e0 graver avec une livraison sous 1 \u00e0 3 jours.<\/p>\n<h3>Comme toujours! \u00c9tiquette combin\u00e9e avec puce originale de<a href=\"https:\/\/www.nxp.com\/\" rel=\"noopener\"> NXP<\/a> et <a href=\"https:\/\/www.emmicroelectronic.com\/\" rel=\"noopener\">EM Micro\u00e9lectronique.<\/a><\/h3>\n<p><strong>Convient \u00e0 tout et \u00e0 tous !<\/strong><\/p>\n<ul>\n<li>Syst\u00e8me de laissez-passer<\/li>\n<li>Syst\u00e8me de visiteur<\/li>\n<li>R\u00e9servation<\/li>\n<li>Syst\u00e8me d&#039;alarme et de s\u00e9curit\u00e9<\/li>\n<\/ul>\n<p><strong>Avantages de \u00ab ABS Pro \u00bb<\/strong><\/p>\n<ul>\n<li style=\"list-style-type: none\">\n<ul>\n<li>Construction robuste en mat\u00e9riau ABS<\/li>\n<li>Profil fin de seulement 2,9 mm<\/li>\n<li>Possibilit\u00e9 de graver un num\u00e9ro standard ou d&#039;inclure un logo<\/li>\n<li>Large gamme de variantes de puces pour r\u00e9pondre \u00e0 diff\u00e9rents besoins et toujours en stock.<\/li>\n<\/ul>\n<\/li>\n<\/ul>","protected":false},"excerpt":{"rendered":"<p>Notre \u00e9tiquette RFID la plus populaire \u00ab ABS Pro \u00bb \u2013 la solution parfaite pour les syst\u00e8mes de s\u00e9curit\u00e9 et d\u2019identification. Ici avec double puce en combinaison : puce EM4200+Mifare1k. Vous pouvez opter pour des num\u00e9ros grav\u00e9s pour vos syst\u00e8mes ou des num\u00e9ros de s\u00e9rie. L&#039;\u00e9tiquette mesure seulement 2,9 mm d&#039;\u00e9paisseur, est fabriqu\u00e9e en mat\u00e9riau ABS dur avec une surface \u00e9l\u00e9gante qui s&#039;adapte partout. Ce produit est dot\u00e9 d&#039;une puce certifi\u00e9e par NXP\u00ae, une entreprise technologique mondiale dont le si\u00e8ge est aux Pays-Bas. NXP\u00ae est sp\u00e9cialis\u00e9 dans la RFID et le NFC et propose une gamme de produits en mati\u00e8re de s\u00e9curit\u00e9, de connectivit\u00e9 et de solutions embarqu\u00e9es<\/p>","protected":false},"featured_media":163673,"template":"","meta":{"_acf_changed":false},"product_brand":[],"product_cat":[1340,4787],"product_tag":[2074,2435,2432,4146,2095,2958,2966],"class_list":{"0":"post-56716","1":"product","2":"type-product","3":"status-publish","4":"has-post-thumbnail","6":"product_cat-rfid-tagg-abs-pro","7":"product_cat-mifare4kem4200-tagg","8":"product_tag-ej-lagerfraga","9":"product_tag-kombi-emmif-standard-blank-alpha","10":"product_tag-kombi-emmif-standard-blank-dtc","11":"product_tag-nxp","12":"product_tag-rfid-500","13":"product_tag-stonehouse-produkt","14":"product_tag-utvalda-taggar-kombitaggar-med-dubbla-chip","15":"product_shipping_class-postnord-varubrev","16":"pa_brands-stonehouse-security","17":"pa_chip-teknik-kombi-em4200mifare4k","18":"pa_farg-svart","19":"pa_pro-larmsystem-aptus","20":"pa_pro-larmsystem-assa-abs-pro-system","21":"pa_pro-larmsystem-axema","22":"pa_pro-larmsystem-axema-vaka","23":"pa_pro-larmsystem-blank-inga-nummer","24":"pa_pro-larmsystem-cdvi","25":"pa_pro-larmsystem-decimala-nummer","26":"pa_pro-larmsystem-enstaka-siffror-valfria","27":"pa_pro-larmsystem-hexadecimal-nummer","28":"pa_pro-larmsystem-lopnummer-valfria","29":"pa_pro-larmsystem-paxton","30":"pa_pro-larmsystem-rco-abs-pro-system","31":"pa_pro-larmsystem-tidomat","32":"pa_pro-larmsystem-vanderbilt-bewator-entro-8-siffror","33":"pa_pro-larmsystem-vanderbilt-bewator-omnis-bewator-2010-13-siffror","34":"tm-has-options","36":"first","37":"instock","38":"sale","39":"featured","40":"taxable","41":"shipping-taxable","42":"purchasable","43":"product-type-simple"},"acf":[],"_links":{"self":[{"href":"https:\/\/secureus.se\/fr\/wp-json\/wp\/v2\/product\/56716","targetHints":{"allow":["GET"]}}],"collection":[{"href":"https:\/\/secureus.se\/fr\/wp-json\/wp\/v2\/product"}],"about":[{"href":"https:\/\/secureus.se\/fr\/wp-json\/wp\/v2\/types\/product"}],"wp:featuredmedia":[{"embeddable":true,"href":"https:\/\/secureus.se\/fr\/wp-json\/wp\/v2\/media\/163673"}],"wp:attachment":[{"href":"https:\/\/secureus.se\/fr\/wp-json\/wp\/v2\/media?parent=56716"}],"wp:term":[{"taxonomy":"product_brand","embeddable":true,"href":"https:\/\/secureus.se\/fr\/wp-json\/wp\/v2\/product_brand?post=56716"},{"taxonomy":"product_cat","embeddable":true,"href":"https:\/\/secureus.se\/fr\/wp-json\/wp\/v2\/product_cat?post=56716"},{"taxonomy":"product_tag","embeddable":true,"href":"https:\/\/secureus.se\/fr\/wp-json\/wp\/v2\/product_tag?post=56716"}],"curies":[{"name":"wp","href":"https:\/\/api.w.org\/{rel}","templated":true}]}}