{"id":56870,"date":"2022-03-10T16:24:00","date_gmt":"2022-03-10T15:24:00","guid":{"rendered":"https:\/\/secureus.se\/produkt\/armbagsbrytare-jck217-245mm\/"},"modified":"2026-02-26T13:34:12","modified_gmt":"2026-02-26T12:34:12","slug":"armbagskontakt-jck217-245mm","status":"publish","type":"product","link":"https:\/\/secureus.se\/fr\/armbagskontakt-jck217-245mm\/","title":{"rendered":"Connecteur coud\u00e9 JCK217 \u2013 245mm"},"content":{"rendered":"<div class=\"product-presentation__column no--margin is--large\">\n<h1>Connecteur coud\u00e9 JCK217 \u2013 245mm<\/h1>\n<section>Le JCK217 appartient \u00e0 une s\u00e9rie de contacts coud\u00e9s dot\u00e9s d&#039;une surface de pression plate avec quatre rainures tactiles.<\/section>\n<section><\/section>\n<section>Les rainures servent de guidage suppl\u00e9mentaire pour les personnes malvoyantes.<\/section>\n<section><\/section>\n<section>Vous pouvez facilement sentir o\u00f9 appuyer pour activer l&#039;ouverture de la porte. Le JCK217 est fabriqu\u00e9 en aluminium anodis\u00e9 noir et poss\u00e8de des embouts blancs.<\/p>\n<p>Il est livr\u00e9 avec 1 microswitch en IP67, mais peut \u00e9galement \u00eatre command\u00e9 avec plus.<\/p>\n<\/section>\n<section>\n<h4>Sp\u00e9cification technique<\/h4>\n<ul>\n<li>Fabriqu\u00e9 en Su\u00e8de.<\/li>\n<li>Mat\u00e9riau : Alu.6060-T6, plastique POM (plastique ac\u00e9tal).<\/li>\n<li>Dimensions version standard l\/l\/h : 245x80x23 mm.<\/li>\n<li>Micro-interrupteur\u00a0:\u00a0Standard 1pc NON IP67. Peut \u00eatre command\u00e9 avec 2, ainsi qu&#039;avec NO\/NC.<\/li>\n<\/ul>\n<\/section>\n<p>&nbsp;<\/p>\n<\/div>","protected":false},"excerpt":{"rendered":"<p>Dimensions du produit : 245 x 80 x 23 mm.<\/p>\n<p>Raccord coud\u00e9 en aluminium anodis\u00e9 noir avec embouts blancs.<\/p>\n<p>Plaque de pression plate avec rainures tactiles.<\/p>","protected":false},"featured_media":144802,"template":"","meta":{"_acf_changed":false},"product_brand":[],"product_cat":[1422,4825,4706],"product_tag":[2989],"class_list":{"0":"post-56870","1":"product","2":"type-product","3":"status-publish","4":"has-post-thumbnail","6":"product_cat-armbagskontakter-dorrautomatik","7":"product_cat-dorroppning","8":"product_cat-metall","9":"product_tag-egen-logo-ej-taggar-kort","10":"product_shipping_class-tunga-paket","11":"pa_brands-jc-kontakter","12":"pa_sakerhetssystem-produkter-online","13":"tm-has-options","15":"first","16":"onbackorder","17":"sale","18":"featured","19":"taxable","20":"shipping-taxable","21":"purchasable","22":"product-type-simple"},"acf":[],"_links":{"self":[{"href":"https:\/\/secureus.se\/fr\/wp-json\/wp\/v2\/product\/56870","targetHints":{"allow":["GET"]}}],"collection":[{"href":"https:\/\/secureus.se\/fr\/wp-json\/wp\/v2\/product"}],"about":[{"href":"https:\/\/secureus.se\/fr\/wp-json\/wp\/v2\/types\/product"}],"wp:featuredmedia":[{"embeddable":true,"href":"https:\/\/secureus.se\/fr\/wp-json\/wp\/v2\/media\/144802"}],"wp:attachment":[{"href":"https:\/\/secureus.se\/fr\/wp-json\/wp\/v2\/media?parent=56870"}],"wp:term":[{"taxonomy":"product_brand","embeddable":true,"href":"https:\/\/secureus.se\/fr\/wp-json\/wp\/v2\/product_brand?post=56870"},{"taxonomy":"product_cat","embeddable":true,"href":"https:\/\/secureus.se\/fr\/wp-json\/wp\/v2\/product_cat?post=56870"},{"taxonomy":"product_tag","embeddable":true,"href":"https:\/\/secureus.se\/fr\/wp-json\/wp\/v2\/product_tag?post=56870"}],"curies":[{"name":"wp","href":"https:\/\/api.w.org\/{rel}","templated":true}]}}