{"id":56873,"date":"2022-03-10T16:23:00","date_gmt":"2022-03-10T15:23:00","guid":{"rendered":"https:\/\/secureus.se\/produkt\/t-2-fjarrkontroll\/"},"modified":"2026-03-26T08:48:36","modified_gmt":"2026-03-26T07:48:36","slug":"t-2-fjarrkontroll","status":"publish","type":"product","link":"https:\/\/secureus.se\/fr\/t-2-fjarrkontroll\/","title":{"rendered":"Radio t\u00e9l\u00e9command\u00e9e T-2 adapt\u00e9e au r\u00e9cepteur radio RK-4, RK-2K, RK-1k"},"content":{"rendered":"<h1>T\u00e9l\u00e9commande T-2 \u2013 Communication \u00e0 deux canaux et s\u00e9curis\u00e9e pour r\u00e9cepteurs radio SATEL<\/h1>\n<p>T-2 est une t\u00e9l\u00e9commande avanc\u00e9e \u00e0 deux canaux qui permet un contr\u00f4le s\u00fbr et fiable des r\u00e9cepteurs radio SATEL RK-4, RK-2K et RK-1K.<\/p>\n<p>Il utilise la technologie de cryptage KEELOQ\u00ae, qui garantit que le signal ne peut pas \u00eatre copi\u00e9 ou exploit\u00e9 par des personnes non autoris\u00e9es.<\/p>\n<p><strong>Principales caract\u00e9ristiques\u00a0:<\/strong><\/p>\n<ul>\n<li><strong>Communication s\u00e9curis\u00e9e\u00a0:<\/strong> \u00c9quip\u00e9 du saut de code dynamique KEELOQ\u00ae qui prot\u00e8ge contre l&#039;interception du signal.<\/li>\n<li><strong>Port\u00e9e:<\/strong> Jusqu&#039;\u00e0 350 m\u00e8tres en plein air et 500 m\u00e8tres avec antenne SMA externe.<\/li>\n<li><strong>Contr\u00f4le \u00e0 deux canaux\u00a0:<\/strong> Deux boutons \u00e0 code couleur (rouge et vert) pour une manipulation facile et s\u00fbre.<\/li>\n<li><strong>Construction robuste\u00a0:<\/strong> Con\u00e7u pour r\u00e9sister \u00e0 l\u2019impact des conditions environnementales.<\/li>\n<li><strong>Efficacit\u00e9 \u00e9nerg\u00e9tique\u00a0:<\/strong> Aliment\u00e9 par une batterie 12 V.<\/li>\n<\/ul>\n<p>La t\u00e9l\u00e9commande T-2 allie technologie avanc\u00e9e et facilit\u00e9 d&#039;utilisation, ce qui en fait un choix id\u00e9al pour les applications de s\u00e9curit\u00e9, notamment les portails automatiques, les syst\u00e8mes d&#039;alarme et autres appareils t\u00e9l\u00e9command\u00e9s.<\/p>","protected":false},"excerpt":{"rendered":"<p>T-2 est une t\u00e9l\u00e9commande \u00e0 deux canaux pour le r\u00e9cepteur radio SATEL.<\/p>\n<p>\u00c9quip\u00e9 du cryptage KEELOQ\u00ae et d&#039;une conception robuste pour un fonctionnement s\u00fbr et fiable avec une port\u00e9e allant jusqu&#039;\u00e0 500 m\u00e8tres.<\/p>","protected":false},"featured_media":145098,"template":"","meta":{"_acf_changed":false},"product_brand":[],"product_cat":[1616],"product_tag":[2275,2424],"class_list":{"0":"post-56873","1":"product","2":"type-product","3":"status-publish","4":"has-post-thumbnail","6":"product_cat-radiosandare-mottagare","7":"product_tag-radio-mottagare-satel","8":"product_tag-rel-pulsarradio","9":"product_shipping_class-postnord-varubrev","10":"pa_brands-satel","11":"pa_sakerhetssystem-smart-home","12":"tm-has-options","14":"first","15":"instock","16":"sale","17":"featured","18":"taxable","19":"shipping-taxable","20":"purchasable","21":"product-type-simple"},"acf":[],"_links":{"self":[{"href":"https:\/\/secureus.se\/fr\/wp-json\/wp\/v2\/product\/56873","targetHints":{"allow":["GET"]}}],"collection":[{"href":"https:\/\/secureus.se\/fr\/wp-json\/wp\/v2\/product"}],"about":[{"href":"https:\/\/secureus.se\/fr\/wp-json\/wp\/v2\/types\/product"}],"wp:featuredmedia":[{"embeddable":true,"href":"https:\/\/secureus.se\/fr\/wp-json\/wp\/v2\/media\/145098"}],"wp:attachment":[{"href":"https:\/\/secureus.se\/fr\/wp-json\/wp\/v2\/media?parent=56873"}],"wp:term":[{"taxonomy":"product_brand","embeddable":true,"href":"https:\/\/secureus.se\/fr\/wp-json\/wp\/v2\/product_brand?post=56873"},{"taxonomy":"product_cat","embeddable":true,"href":"https:\/\/secureus.se\/fr\/wp-json\/wp\/v2\/product_cat?post=56873"},{"taxonomy":"product_tag","embeddable":true,"href":"https:\/\/secureus.se\/fr\/wp-json\/wp\/v2\/product_tag?post=56873"}],"curies":[{"name":"wp","href":"https:\/\/api.w.org\/{rel}","templated":true}]}}