{"id":56874,"date":"2022-03-10T16:23:00","date_gmt":"2022-03-10T15:23:00","guid":{"rendered":"https:\/\/secureus.se\/produkt\/t-4-fjarrkontroll\/"},"modified":"2026-04-17T14:44:40","modified_gmt":"2026-04-17T12:44:40","slug":"t-4-fjarrkontroll","status":"publish","type":"product","link":"https:\/\/secureus.se\/fr\/t-4-fjarrkontroll\/","title":{"rendered":"Radio t\u00e9l\u00e9command\u00e9e T-4 adapt\u00e9e au r\u00e9cepteur radio RK-4, RK-2K, RK-1k"},"content":{"rendered":"<h1>T\u00e9l\u00e9commande T-4 \u2013 Communication \u00e0 quatre canaux et s\u00e9curis\u00e9e avec r\u00e9cepteur radio SATEL<\/h1>\n<p>T-4 est une t\u00e9l\u00e9commande avanc\u00e9e \u00e0 quatre canaux con\u00e7ue pour fonctionner avec les r\u00e9cepteurs radio SATEL RK-4, RK-2K et RK-1K. Gr\u00e2ce \u00e0 la technologie de cryptage KEELOQ\u00ae et au r\u00e9sonateur SAW, le T-4 offre une transmission de donn\u00e9es fiable et s\u00e9curis\u00e9e qui prot\u00e8ge contre les acc\u00e8s non autoris\u00e9s et les interf\u00e9rences.<\/p>\n<p><strong>Principales caract\u00e9ristiques\u00a0:<\/strong><\/p>\n<ul>\n<li><strong>Cryptage\u00a0:<\/strong> Saut de code dynamique KEELOQ\u00ae pour une haute s\u00e9curit\u00e9.<\/li>\n<li><strong>Port\u00e9e:<\/strong> Jusqu&#039;\u00e0 350 m\u00e8tres en plein air et 500 m\u00e8tres avec antenne SMA externe.<\/li>\n<li><strong>Contr\u00f4le \u00e0 quatre canaux\u00a0:<\/strong> Quatre canaux s\u00e9par\u00e9s avec boutons \u00e0 code couleur pour une utilisation facile.<\/li>\n<li><strong>Conception robuste\u00a0:<\/strong> Prot\u00e8ge contre l&#039;influence des conditions environnementales.<\/li>\n<li><strong>Efficacit\u00e9 \u00e9nerg\u00e9tique\u00a0:<\/strong> Aliment\u00e9 par une batterie 12 V.<\/li>\n<\/ul>\n<p>Avec son design ergonomique et ses fonctionnalit\u00e9s de haute technologie, le T-4 est un choix id\u00e9al pour les applications exigeantes en mati\u00e8re de s\u00e9curit\u00e9, telles que les portails automatiques, les syst\u00e8mes de s\u00e9curit\u00e9 et les appareils t\u00e9l\u00e9command\u00e9s.<\/p>","protected":false},"excerpt":{"rendered":"<p>T-4 est une t\u00e9l\u00e9commande \u00e0 quatre canaux pour le r\u00e9cepteur radio de SATEL.<\/p>\n<p>Gr\u00e2ce au cryptage KEELOQ\u00ae et \u00e0 une conception robuste, il offre un fonctionnement fiable et s\u00e9curis\u00e9 avec une port\u00e9e allant jusqu&#039;\u00e0 500 m\u00e8tres.<\/p>\n<p>&nbsp;<\/p>","protected":false},"featured_media":145425,"template":"","meta":{"_acf_changed":false},"product_brand":[],"product_cat":[1616],"product_tag":[2275,2424],"class_list":{"0":"post-56874","1":"product","2":"type-product","3":"status-publish","4":"has-post-thumbnail","6":"product_cat-radiosandare-mottagare","7":"product_tag-radio-mottagare-satel","8":"product_tag-rel-pulsarradio","9":"product_shipping_class-postnord-varubrev","10":"pa_brands-satel","11":"pa_sakerhetssystem-smart-home","12":"tm-has-options","14":"first","15":"instock","16":"sale","17":"featured","18":"taxable","19":"shipping-taxable","20":"purchasable","21":"product-type-simple"},"acf":[],"_links":{"self":[{"href":"https:\/\/secureus.se\/fr\/wp-json\/wp\/v2\/product\/56874","targetHints":{"allow":["GET"]}}],"collection":[{"href":"https:\/\/secureus.se\/fr\/wp-json\/wp\/v2\/product"}],"about":[{"href":"https:\/\/secureus.se\/fr\/wp-json\/wp\/v2\/types\/product"}],"wp:featuredmedia":[{"embeddable":true,"href":"https:\/\/secureus.se\/fr\/wp-json\/wp\/v2\/media\/145425"}],"wp:attachment":[{"href":"https:\/\/secureus.se\/fr\/wp-json\/wp\/v2\/media?parent=56874"}],"wp:term":[{"taxonomy":"product_brand","embeddable":true,"href":"https:\/\/secureus.se\/fr\/wp-json\/wp\/v2\/product_brand?post=56874"},{"taxonomy":"product_cat","embeddable":true,"href":"https:\/\/secureus.se\/fr\/wp-json\/wp\/v2\/product_cat?post=56874"},{"taxonomy":"product_tag","embeddable":true,"href":"https:\/\/secureus.se\/fr\/wp-json\/wp\/v2\/product_tag?post=56874"}],"curies":[{"name":"wp","href":"https:\/\/api.w.org\/{rel}","templated":true}]}}