{"id":56875,"date":"2022-03-10T16:23:00","date_gmt":"2022-03-10T15:23:00","guid":{"rendered":"https:\/\/secureus.se\/produkt\/dokumentskap-for-ritningsparm-smal-rygg\/"},"modified":"2026-03-10T17:34:38","modified_gmt":"2026-03-10T16:34:38","slug":"dokumentskap-for-ritningsparm-smal-rygg","status":"publish","type":"product","link":"https:\/\/secureus.se\/fr\/dokumentskap-for-ritningsparm-smal-rygg\/","title":{"rendered":"Armoire \u00e0 documents antivol pour classeur \u00e0 dessins dos \u00e9troit"},"content":{"rendered":"<h1>Armoire \u00e0 documents antivol pour classeur \u00e0 dessins dos \u00e9troit<\/h1>\n<p>Armoire \u00e0 documents pour dessins et dessins de service pour syst\u00e8mes d&#039;alarme antivol.<\/p>\n<p>Le coffret est disponible dans un format pour classeurs A4 \u00e0 dos \u00e9pais et un coffret pour classeurs A4 \u00e0 dos fin. La trappe s&#039;ouvre avec un interrupteur \u00e0 cl\u00e9.<\/p>\n<p>Le meuble est r\u00e9versible si la porte doit \u00eatre ouverte \u00e0 droite ou \u00e0 gauche.<\/p>\n<p>Peut \u00eatre inviolable, un trou pr\u00e9par\u00e9 est disponible pour un contact inviolable \u00e0 l&#039;arri\u00e8re.<br \/>\nLes armoires sont en t\u00f4le d&#039;acier blanche.<br \/>\nDisponible avec serrure pompiers et pr\u00e9par\u00e9 pour cylindre de serrure ASSA.<\/p>\n<p>L&#039;armoire est destin\u00e9e aux classeurs A4 \u00e0 dos \u00e9troit, serrure \u00e0 deux cl\u00e9s.<\/p>\n<p><img decoding=\"async\" class=\"alignnone size-full wp-image-123513183\" src=\"https:\/\/securityonline.se\/wp-content\/uploads\/2023\/09\/Swanson-Or-skap.jpg\" alt=\"\" width=\"618\" height=\"292\" \/><\/p>\n<p>Les armoires sont en t\u00f4le d&#039;acier de couleur blanche. Gauche. Il y a un trou pour un contact anti-sabotage \u00e0 l&#039;arri\u00e8re.<\/p>\n<div>\n<p><label>Principales caract\u00e9ristiques<\/label><\/p>\n<ul>\n<li>Esp\u00e8ce de hauteur (mm): 360<\/li>\n<li>Esp\u00e8ce de largeur (mm): 310<\/li>\n<li>Esp\u00e8ce de profondeur (mm): 55<\/li>\n<\/ul>\n<\/div>\n<div>\n<p><label>Faits en bref<\/label><\/p>\n<ul>\n<li>Meuble r\u00e9versible<\/li>\n<li>Porte-documents<\/li>\n<\/ul>\n<\/div>\n<div>\n<div><\/div>\n<div><\/div>\n<\/div>\n<div class=\"col-md-6\">\n<div id=\"collapsePIM\" class=\"d-md-block collapse show\"><\/div>\n<\/div>","protected":false},"excerpt":{"rendered":"<p>Stockage de vos documents OU plans\/dessins ou documents relatifs aux alarmes et aux alarmes incendie.<\/p>\n<p>Ces armoires sont livr\u00e9es sans cl\u00e9 et si vous en avez besoin, vous devez l&#039;acheter s\u00e9par\u00e9ment.<\/p>","protected":false},"featured_media":145429,"template":"","meta":{"_acf_changed":false},"product_brand":[],"product_cat":[1837,2950],"product_tag":[],"class_list":{"0":"post-56875","1":"product","2":"type-product","3":"status-publish","4":"has-post-thumbnail","6":"product_cat-dokumentskap","7":"product_cat-or-skap-sakerhet","8":"product_shipping_class-tunga-paket","9":"pa_brands-swansons","10":"pa_sakerhetssystem-larmtillbehor-elektronik","11":"tm-no-options","13":"first","14":"instock","15":"sale","16":"taxable","17":"shipping-taxable","18":"purchasable","19":"product-type-simple"},"acf":[],"_links":{"self":[{"href":"https:\/\/secureus.se\/fr\/wp-json\/wp\/v2\/product\/56875","targetHints":{"allow":["GET"]}}],"collection":[{"href":"https:\/\/secureus.se\/fr\/wp-json\/wp\/v2\/product"}],"about":[{"href":"https:\/\/secureus.se\/fr\/wp-json\/wp\/v2\/types\/product"}],"wp:featuredmedia":[{"embeddable":true,"href":"https:\/\/secureus.se\/fr\/wp-json\/wp\/v2\/media\/145429"}],"wp:attachment":[{"href":"https:\/\/secureus.se\/fr\/wp-json\/wp\/v2\/media?parent=56875"}],"wp:term":[{"taxonomy":"product_brand","embeddable":true,"href":"https:\/\/secureus.se\/fr\/wp-json\/wp\/v2\/product_brand?post=56875"},{"taxonomy":"product_cat","embeddable":true,"href":"https:\/\/secureus.se\/fr\/wp-json\/wp\/v2\/product_cat?post=56875"},{"taxonomy":"product_tag","embeddable":true,"href":"https:\/\/secureus.se\/fr\/wp-json\/wp\/v2\/product_tag?post=56875"}],"curies":[{"name":"wp","href":"https:\/\/api.w.org\/{rel}","templated":true}]}}