{"id":56879,"date":"2022-03-10T16:23:00","date_gmt":"2022-03-10T15:23:00","guid":{"rendered":"https:\/\/secureus.se\/produkt\/a4-skap-for-or-ritningar-vit-rod-skylt\/"},"modified":"2026-03-10T17:37:03","modified_gmt":"2026-03-10T16:37:03","slug":"a4-skap-for-or-ritningar-vit-rod-skylt","status":"publish","type":"product","link":"https:\/\/secureus.se\/fr\/a4-skap-for-or-ritningar-vit-rod-skylt\/","title":{"rendered":"Alarme incendie pour armoire A4, pour dessins de salle d&#039;op\u00e9ration, panneau blanc\/rouge"},"content":{"rendered":"<h1>Alarme incendie pour armoire A4, pour dessins de salle d&#039;op\u00e9ration, panneau blanc\/rouge<\/h1>\n<h1>OU ARMOIRES Alarme incendie<\/h1>\n<p>Armoire \u00e0 documents pour les dessins d&#039;orientation et de service pour les syst\u00e8mes d&#039;alarme incendie.<br \/>\nLa trappe s&#039;ouvre avec une cl\u00e9 des pompiers.<\/p>\n<p>OR-3-BLACK a un couvercle renforc\u00e9 afin de pouvoir \u00eatre utilis\u00e9 comme table pour un ordinateur portable ou des dessins.<br \/>\nOR-3 \u2013 ASSA a un dos ouvert \u00e0 monter sur les boutons d&#039;alarme, etc.<\/p>\n<p>Les armoires sont en t\u00f4le d&#039;acier et dans les couleurs selon le tableau ci-dessous.<\/p>\n<p><img decoding=\"async\" class=\"alignnone size-full wp-image-123513183\" title=\"OU ARMOIRE Alarme incendie A3 BLANC POUR SERRURE ASSA 6308235\" src=\"https:\/\/securityonline.se\/wp-content\/uploads\/2023\/09\/Swanson-Or-skap.jpg\" alt=\"OU ARMOIRE Alarme incendie A3 BLANC POUR SERRURE ASSA 6308235\" width=\"618\" height=\"292\" \/><\/p>\n<p>Armoire pour dessins d&#039;orientation et de service. Pour classeurs A4. La trappe s&#039;ouvre avec une cl\u00e9 des pompiers. Fabriqu\u00e9 en t\u00f4le d&#039;acier.<\/p>\n<div>\n<div>\n<p>Esp\u00e8ce de hauteur (mm): 350<br \/>\nEsp\u00e8ce de largeur (mm): 360<br \/>\nEsp\u00e8ce de profondeur (mm): 90<\/p>\n<\/div>\n<\/div>","protected":false},"excerpt":{"rendered":"<p>Stockage de vos documents OU plans\/dessins ou documents pour alarmes et alarmes incendie<\/p>\n<p><span data-teams=\"true\">Ces armoires sont livr\u00e9es sans cl\u00e9 et si vous en avez besoin, vous devez l&#039;acheter s\u00e9par\u00e9ment.<\/span><\/p>","protected":false},"featured_media":144721,"template":"","meta":{"_acf_changed":false},"product_brand":[],"product_cat":[1837,3977,2950],"product_tag":[],"class_list":{"0":"post-56879","1":"product","2":"type-product","3":"status-publish","4":"has-post-thumbnail","6":"product_cat-dokumentskap","7":"product_cat-or-skap-brand-brandskydd","8":"product_cat-or-skap-sakerhet","9":"product_shipping_class-tunga-paket","10":"pa_brands-swansons","11":"pa_sakerhetssystem-larmtillbehor-elektronik","12":"tm-no-options","14":"first","15":"instock","16":"sale","17":"taxable","18":"shipping-taxable","19":"purchasable","20":"product-type-simple"},"acf":[],"_links":{"self":[{"href":"https:\/\/secureus.se\/fr\/wp-json\/wp\/v2\/product\/56879","targetHints":{"allow":["GET"]}}],"collection":[{"href":"https:\/\/secureus.se\/fr\/wp-json\/wp\/v2\/product"}],"about":[{"href":"https:\/\/secureus.se\/fr\/wp-json\/wp\/v2\/types\/product"}],"wp:featuredmedia":[{"embeddable":true,"href":"https:\/\/secureus.se\/fr\/wp-json\/wp\/v2\/media\/144721"}],"wp:attachment":[{"href":"https:\/\/secureus.se\/fr\/wp-json\/wp\/v2\/media?parent=56879"}],"wp:term":[{"taxonomy":"product_brand","embeddable":true,"href":"https:\/\/secureus.se\/fr\/wp-json\/wp\/v2\/product_brand?post=56879"},{"taxonomy":"product_cat","embeddable":true,"href":"https:\/\/secureus.se\/fr\/wp-json\/wp\/v2\/product_cat?post=56879"},{"taxonomy":"product_tag","embeddable":true,"href":"https:\/\/secureus.se\/fr\/wp-json\/wp\/v2\/product_tag?post=56879"}],"curies":[{"name":"wp","href":"https:\/\/api.w.org\/{rel}","templated":true}]}}