{"id":56886,"date":"2022-03-10T16:23:00","date_gmt":"2022-03-10T15:23:00","guid":{"rendered":"https:\/\/secureus.se\/produkt\/rk-1k-1-kanal-med-2-stycken-fjarrkontroller-rullande-kod\/"},"modified":"2026-03-20T11:22:41","modified_gmt":"2026-03-20T10:22:41","slug":"radiomottagare-rk-1k-1-kanal","status":"publish","type":"product","link":"https:\/\/secureus.se\/fr\/radiomottagare-rk-1k-1-kanal\/","title":{"rendered":"R\u00e9cepteur radio RK-1K 1 canal + 2 t\u00e9l\u00e9commandes Kit"},"content":{"rendered":"<h1>R\u00e9cepteur radio RK-1K : des solutions simples et s\u00e9curis\u00e9es pour vos besoins<\/h1>\n<p>Le r\u00e9cepteur radio RK-1K est une solution conviviale et s\u00e9curis\u00e9e pour le contr\u00f4le \u00e0 distance de portails, d&#039;alarmes et de volets roulants.<\/p>\n<p>Il est livr\u00e9 avec deux t\u00e9l\u00e9commandes et utilise une technologie avanc\u00e9e de saut de code crypt\u00e9 pour garantir une s\u00e9curit\u00e9 maximale contre les acc\u00e8s non autoris\u00e9s.<\/p>\n<p>Avec une port\u00e9e allant jusqu&#039;\u00e0 350 m\u00e8tres en air libre, le RK-1K offre \u00e0 la fois flexibilit\u00e9 et fiabilit\u00e9.<\/p>\n<p>Ce r\u00e9cepteur radio est id\u00e9al pour les applications r\u00e9sidentielles et commerciales.<\/p>\n<p>Sa conception compacte et son installation facile le rendent parfait pour n&#039;importe quel environnement.<\/p>\n<p>Vous pouvez facilement contr\u00f4ler les appareils avec l&#039;une des t\u00e9l\u00e9commandes incluses et b\u00e9n\u00e9ficier de fonctionnalit\u00e9s conviviales qui facilitent votre vie quotidienne.<\/p>\n<p><strong>Caract\u00e9ristiques et avantages\u00a0:<\/strong><\/p>\n<ul>\n<li><strong>S\u00e9curit\u00e9 crypt\u00e9e :<\/strong> La technologie de saut de code emp\u00eache tout acc\u00e8s non autoris\u00e9.<\/li>\n<li><strong>Longue port\u00e9e :<\/strong> Jusqu&#039;\u00e0 350 m\u00e8tres pour une flexibilit\u00e9 maximale.<\/li>\n<li><strong>Installation facile\u00a0:<\/strong> Conception compacte et compatible avec la plupart des appareils.<\/li>\n<li><strong>Utilisation universelle\u00a0:<\/strong> Id\u00e9al pour portails, volets roulants et syst\u00e8mes de s\u00e9curit\u00e9.<\/li>\n<\/ul>\n<p>Investissez dans le r\u00e9cepteur radio RK-1K pour une solution s\u00e9curis\u00e9e et efficace qui facilite le contr\u00f4le de vos appareils.<\/p>","protected":false},"excerpt":{"rendered":"<p>Le r\u00e9cepteur radio RK-1K est livr\u00e9 avec deux t\u00e9l\u00e9commandes pour un contr\u00f4le s\u00fbr et pratique des portails, des alarmes ou des volets roulants.<\/p>\n<p>Gr\u00e2ce \u00e0 une technologie de saut de code crypt\u00e9, il garantit une s\u00e9curit\u00e9 et une fiabilit\u00e9 \u00e9lev\u00e9es.<\/p>","protected":false},"featured_media":145421,"template":"","meta":{"_acf_changed":false},"product_brand":[],"product_cat":[1616],"product_tag":[2275,2424],"class_list":{"0":"post-56886","1":"product","2":"type-product","3":"status-publish","4":"has-post-thumbnail","6":"product_cat-radiosandare-mottagare","7":"product_tag-radio-mottagare-satel","8":"product_tag-rel-pulsarradio","9":"product_shipping_class-postnord-varubrev","10":"pa_brands-satel","11":"pa_sakerhetssystem-smart-home","12":"tm-no-options","14":"first","15":"instock","16":"sale","17":"featured","18":"taxable","19":"shipping-taxable","20":"purchasable","21":"product-type-simple"},"acf":[],"_links":{"self":[{"href":"https:\/\/secureus.se\/fr\/wp-json\/wp\/v2\/product\/56886","targetHints":{"allow":["GET"]}}],"collection":[{"href":"https:\/\/secureus.se\/fr\/wp-json\/wp\/v2\/product"}],"about":[{"href":"https:\/\/secureus.se\/fr\/wp-json\/wp\/v2\/types\/product"}],"wp:featuredmedia":[{"embeddable":true,"href":"https:\/\/secureus.se\/fr\/wp-json\/wp\/v2\/media\/145421"}],"wp:attachment":[{"href":"https:\/\/secureus.se\/fr\/wp-json\/wp\/v2\/media?parent=56886"}],"wp:term":[{"taxonomy":"product_brand","embeddable":true,"href":"https:\/\/secureus.se\/fr\/wp-json\/wp\/v2\/product_brand?post=56886"},{"taxonomy":"product_cat","embeddable":true,"href":"https:\/\/secureus.se\/fr\/wp-json\/wp\/v2\/product_cat?post=56886"},{"taxonomy":"product_tag","embeddable":true,"href":"https:\/\/secureus.se\/fr\/wp-json\/wp\/v2\/product_tag?post=56886"}],"curies":[{"name":"wp","href":"https:\/\/api.w.org\/{rel}","templated":true}]}}