{"id":56888,"date":"2022-03-10T16:23:00","date_gmt":"2022-03-10T15:23:00","guid":{"rendered":"https:\/\/secureus.se\/produkt\/rk-4k-4-kanal-med-2-stycken-fjarrkontroller-rullande-kod\/"},"modified":"2025-12-31T19:53:13","modified_gmt":"2025-12-31T18:53:13","slug":"radiomottagare-rk-4k-4-kanal","status":"publish","type":"product","link":"https:\/\/secureus.se\/fr\/radiomottagare-rk-4k-4-kanal\/","title":{"rendered":"R\u00e9cepteur radio RK-4K Kit de t\u00e9l\u00e9commande 4 canaux 2 pi\u00e8ces"},"content":{"rendered":"<h1>Kit r\u00e9cepteur radio RK-4K 4 canaux + 2 t\u00e9l\u00e9commandes<\/h1>\n<p>Le RK-4K est la solution ultime pour le contr\u00f4le \u00e0 distance des appareils \u00e9lectriques et des syst\u00e8mes de s\u00e9curit\u00e9.<\/p>\n<p>Avec quatre canaux et deux t\u00e9l\u00e9commandes T-4 incluses, vous pouvez facilement contr\u00f4ler portails, volets roulants et autres appareils.<\/p>\n<p>La technologie s\u00e9curis\u00e9e \u00e0 code tournant garantit que seules les t\u00e9l\u00e9commandes autoris\u00e9es peuvent \u00eatre utilis\u00e9es, offrant ainsi tranquillit\u00e9 d&#039;esprit et s\u00e9curit\u00e9.<\/p>\n<p>Les fonctionnalit\u00e9s incluent la prise en charge de jusqu&#039;\u00e0 1024 t\u00e9l\u00e9commandes, une protection anti-sabotage lors de l&#039;ouverture du bo\u00eetier et une alimentation flexible (CC ou CA).<\/p>\n<p>Sa port\u00e9e impressionnante allant jusqu&#039;\u00e0 500 m en visibilit\u00e9 directe le rend id\u00e9al pour les applications r\u00e9sidentielles et commerciales.<\/p>\n<p>RK-4K est compatible avec le programme RK Soft de SATEL, ce qui facilite la configuration et la gestion des t\u00e9l\u00e9commandes.<\/p>\n<p>Avec une construction robuste et des fonctionnalit\u00e9s conviviales, ce kit est un incontournable pour tous ceux qui recherchent une t\u00e9l\u00e9commande fiable.<\/p>","protected":false},"excerpt":{"rendered":"<p>Le r\u00e9cepteur radio RK-4K offre une t\u00e9l\u00e9commande s\u00e9curis\u00e9e pour portails, volets roulants et alarmes.<\/p>\n<p>Avec quatre canaux et deux t\u00e9l\u00e9commandes incluses, c&#039;est une solution polyvalente pour les maisons et les entreprises.<\/p>\n<p>Le cryptage avanc\u00e9 assure la s\u00e9curit\u00e9 et la port\u00e9e allant jusqu&#039;\u00e0 500 m le rend tr\u00e8s utile.<\/p>","protected":false},"featured_media":145084,"template":"","meta":{"_acf_changed":false},"product_brand":[],"product_cat":[1616],"product_tag":[2275,2424],"class_list":{"0":"post-56888","1":"product","2":"type-product","3":"status-publish","4":"has-post-thumbnail","6":"product_cat-radiosandare-mottagare","7":"product_tag-radio-mottagare-satel","8":"product_tag-rel-pulsarradio","9":"product_shipping_class-postnord-varubrev","10":"pa_brands-satel","11":"pa_sakerhetssystem-smart-home","12":"tm-no-options","14":"first","15":"onbackorder","16":"sale","17":"featured","18":"taxable","19":"shipping-taxable","20":"purchasable","21":"product-type-simple"},"acf":[],"_links":{"self":[{"href":"https:\/\/secureus.se\/fr\/wp-json\/wp\/v2\/product\/56888","targetHints":{"allow":["GET"]}}],"collection":[{"href":"https:\/\/secureus.se\/fr\/wp-json\/wp\/v2\/product"}],"about":[{"href":"https:\/\/secureus.se\/fr\/wp-json\/wp\/v2\/types\/product"}],"wp:featuredmedia":[{"embeddable":true,"href":"https:\/\/secureus.se\/fr\/wp-json\/wp\/v2\/media\/145084"}],"wp:attachment":[{"href":"https:\/\/secureus.se\/fr\/wp-json\/wp\/v2\/media?parent=56888"}],"wp:term":[{"taxonomy":"product_brand","embeddable":true,"href":"https:\/\/secureus.se\/fr\/wp-json\/wp\/v2\/product_brand?post=56888"},{"taxonomy":"product_cat","embeddable":true,"href":"https:\/\/secureus.se\/fr\/wp-json\/wp\/v2\/product_cat?post=56888"},{"taxonomy":"product_tag","embeddable":true,"href":"https:\/\/secureus.se\/fr\/wp-json\/wp\/v2\/product_tag?post=56888"}],"curies":[{"name":"wp","href":"https:\/\/api.w.org\/{rel}","templated":true}]}}