{"id":56890,"date":"2022-03-10T16:23:00","date_gmt":"2022-03-10T15:23:00","guid":{"rendered":"https:\/\/secureus.se\/produkt\/t-1-fjarrkontroll\/"},"modified":"2026-04-17T14:44:32","modified_gmt":"2026-04-17T12:44:32","slug":"t-1-fjarrkontroll","status":"publish","type":"product","link":"https:\/\/secureus.se\/fr\/t-1-fjarrkontroll\/","title":{"rendered":"Radio t\u00e9l\u00e9command\u00e9e T-1 adapt\u00e9e au r\u00e9cepteur radio RK-4, RK-2K, RK-1k"},"content":{"rendered":"<h1>T\u00e9l\u00e9commande T-1 \u2013 Communication s\u00fbre et fiable avec le r\u00e9cepteur radio SATEL<\/h1>\n<p>T-1 est une t\u00e9l\u00e9commande haute technologie \u00e0 1 canal con\u00e7ue pour fonctionner avec les r\u00e9cepteurs radio SATEL RK-4, RK-2K et RK-1K. Gr\u00e2ce \u00e0 la technologie de saut de code dynamique KEELOQ\u00ae, il garantit une communication s\u00e9curis\u00e9e en emp\u00eachant la copie du signal par des personnes non autoris\u00e9es.<\/p>\n<p><strong>Principales caract\u00e9ristiques\u00a0:<\/strong><\/p>\n<ul>\n<li><strong>Cryptage\u00a0:<\/strong> Saut de code dynamique KEELOQ\u00ae pour une s\u00e9curit\u00e9 maximale.<\/li>\n<li><strong>Port\u00e9e:<\/strong> Jusqu&#039;\u00e0 350 m\u00e8tres en plein air et 500 m\u00e8tres avec une antenne externe.<\/li>\n<li><strong>Haute immunit\u00e9\u00a0:<\/strong> R\u00e9siste aux signaux parasites et aux changements environnementaux gr\u00e2ce au r\u00e9sonateur SAW.<\/li>\n<li><strong>Aliment\u00e9 par batterie\u00a0:<\/strong> Fonctionnement simple avec une batterie 12 V.<\/li>\n<li><strong>Utilisation universelle\u00a0:<\/strong> Convient aux applications exigeantes en mati\u00e8re de s\u00e9curit\u00e9 telles que les portails, les syst\u00e8mes d&#039;alarme et les appareils automatis\u00e9s.<\/li>\n<\/ul>\n<p>Avec sa conception compacte et ses fonctionnalit\u00e9s robustes, le T-1 est une solution fiable pour les installations commerciales et priv\u00e9es o\u00f9 la s\u00e9curit\u00e9 et la commodit\u00e9 sont des priorit\u00e9s.<\/p>","protected":false},"excerpt":{"rendered":"<p>T-1 est une t\u00e9l\u00e9commande s\u00e9curis\u00e9e pour le r\u00e9cepteur radio de SATEL.<\/p>\n<p>Avec le saut de code dynamique KEELOQ\u00ae, il prot\u00e8ge contre la copie non autoris\u00e9e.<\/p>\n<p>Port\u00e9e jusqu&#039;\u00e0 500 m\u00e8tres avec antenne.<\/p>","protected":false},"featured_media":144709,"template":"","meta":{"_acf_changed":false},"product_brand":[],"product_cat":[1616],"product_tag":[2275,2424],"class_list":{"0":"post-56890","1":"product","2":"type-product","3":"status-publish","4":"has-post-thumbnail","6":"product_cat-radiosandare-mottagare","7":"product_tag-radio-mottagare-satel","8":"product_tag-rel-pulsarradio","9":"product_shipping_class-postnord-varubrev","10":"pa_brands-satel","11":"pa_sakerhetssystem-smart-home","12":"tm-has-options","14":"first","15":"instock","16":"sale","17":"featured","18":"taxable","19":"shipping-taxable","20":"purchasable","21":"product-type-simple"},"acf":[],"_links":{"self":[{"href":"https:\/\/secureus.se\/fr\/wp-json\/wp\/v2\/product\/56890","targetHints":{"allow":["GET"]}}],"collection":[{"href":"https:\/\/secureus.se\/fr\/wp-json\/wp\/v2\/product"}],"about":[{"href":"https:\/\/secureus.se\/fr\/wp-json\/wp\/v2\/types\/product"}],"wp:featuredmedia":[{"embeddable":true,"href":"https:\/\/secureus.se\/fr\/wp-json\/wp\/v2\/media\/144709"}],"wp:attachment":[{"href":"https:\/\/secureus.se\/fr\/wp-json\/wp\/v2\/media?parent=56890"}],"wp:term":[{"taxonomy":"product_brand","embeddable":true,"href":"https:\/\/secureus.se\/fr\/wp-json\/wp\/v2\/product_brand?post=56890"},{"taxonomy":"product_cat","embeddable":true,"href":"https:\/\/secureus.se\/fr\/wp-json\/wp\/v2\/product_cat?post=56890"},{"taxonomy":"product_tag","embeddable":true,"href":"https:\/\/secureus.se\/fr\/wp-json\/wp\/v2\/product_tag?post=56890"}],"curies":[{"name":"wp","href":"https:\/\/api.w.org\/{rel}","templated":true}]}}