{"id":56894,"date":"2022-03-10T16:21:00","date_gmt":"2022-03-10T15:21:00","guid":{"rendered":"https:\/\/secureus.se\/produkt\/salto-tagg-nyckelbricka-abs-plus-mifare1k-saltokod-farg-svart\/"},"modified":"2026-04-07T16:11:12","modified_gmt":"2026-04-07T14:11:12","slug":"salto-tagg-mifare1k-svart-plus","status":"publish","type":"product","link":"https:\/\/secureus.se\/fr\/salto-tagg-mifare1k-svart-plus\/","title":{"rendered":"\u00c9tiquette Salto Mifare1k\u00ae avec code Salto \u2013 Noir Plus"},"content":{"rendered":"<h1>Salto Tag Mifare1k avec Saltokod - ABS Plus<\/h1>\n<p>Notre \u00e9tiquette RFID \u00ab ABS Plus \u00bb est cr\u00e9\u00e9e pour r\u00e9pondre aux besoins les plus exigeants en mati\u00e8re de s\u00e9curit\u00e9 et d&#039;identification.<\/p>\n<p>Avec sa construction robuste en mat\u00e9riau ABS extra stable de 3,9 mm, il offre un \u00e9quilibre parfait entre durabilit\u00e9 et \u00e9l\u00e9gance.<\/p>\n<p>Sa finition \u00e9pur\u00e9e le rend id\u00e9al pour graver des num\u00e9ros standards ou inclure votre logo, que ce soit par une finition grav\u00e9e ou color\u00e9e.<\/p>\n<p>Que vous ayez besoin d&#039;une \u00e9tiquette RFID fiable pour les syst\u00e8mes d&#039;acc\u00e8s, les syst\u00e8mes de visiteurs, la r\u00e9servation, les alarmes ou d&#039;autres applications, notre \u00e9tiquette RFID \u00ab ABS Plus \u00bb est le choix parfait.<\/p>\n<p>Avec une large gamme de variantes de puces, EM4200, Mifare1k, la combinaison de Mifare1k et EM4200, Mifare4k, la combinaison de Mifare4k et EM4200,<\/p>\n<p>ainsi que DESFire, vous pouvez adapter votre solution \u00e0 vos besoins sp\u00e9cifiques.<\/p>\n<p>Nous comprenons l&#039;importance de fournir des \u00e9tiquettes RFID de haute qualit\u00e9 qui r\u00e9pondent aux exigences et attentes actuelles.<\/p>\n<p>C&#039;est pourquoi nous nous effor\u00e7ons d&#039;offrir la meilleure technologie et la meilleure compatibilit\u00e9 pour am\u00e9liorer la s\u00e9curit\u00e9 et l&#039;efficacit\u00e9 de vos syst\u00e8mes.<\/p>\n<h4><strong>\u00c9tiquette RFID personnalis\u00e9e pour une \u00e9tiquette de saut p\u00e9rilleux de projet unique<\/strong><\/h4>\n<p>Les avantages de nos \u00e9tiquettes RFID incluent la compatibilit\u00e9 avec diff\u00e9rents syst\u00e8mes\/technologies ainsi que la possibilit\u00e9 d&#039;adapter les \u00e9tiquettes pour s&#039;adapter \u00e0 des projets uniques.<\/p>\n<p>Nous pouvons programmer et int\u00e9grer diff\u00e9rentes puces pour r\u00e9pondre aux exigences sp\u00e9cifiques des applications et cr\u00e9er des solutions personnalis\u00e9es.<\/p>\n<p>Contactez-nous d\u00e8s aujourd&#039;hui pour discuter de vos id\u00e9es de projet et obtenir une solution d&#039;\u00e9tiquette RFID personnalis\u00e9e adapt\u00e9e \u00e0 vos besoins.<\/p>\n<h5><strong>Livraison rapide et toujours en stock - \u00e9tiquette de saut p\u00e9rilleux<\/strong><\/h5>\n<p>Les \u00e9tiquettes RFID \u00ab ABS Plus \u00bb sont toujours en stock avec plus de 25 000 unit\u00e9s en 6 couleurs et avec diff\u00e9rentes solutions de puces.<\/p>\n<p>Avec l&#039;aide de nos machines laser et de nos logiciels, vous pouvez choisir un logo et un num\u00e9ro unique \u00e0 graver avec une livraison sous 1 \u00e0 3 jours.<\/p>\n<p>D\u00e9couvrez les avantages de notre \u00e9tiquette RFID \u00ab ABS Plus \u00bb et portez votre s\u00e9curit\u00e9 et votre identification \u00e0 un nouveau niveau. Comme toujours chez nous,<\/p>\n<p>puce originale de NXP et EM Microelectronic.<\/p>\n<p>Tout cela pour que nos tags RFID fonctionnent en toute s\u00e9curit\u00e9 et pendant longtemps, avec une garantie.<\/p>\n<ul>\n<li><strong>La RFID peut \u00eatre utilis\u00e9e pour\u00a0:<\/strong>\n<ul>\n<li>Syst\u00e8me de laissez-passer<\/li>\n<li>Syst\u00e8me de visiteur<\/li>\n<li>R\u00e9servation<\/li>\n<li>Alarme et s\u00e9curit\u00e9<\/li>\n<\/ul>\n<\/li>\n<li><strong>Avantages de \u00ab\u00a0ABS\u00a0Plus\u00a0\u00bb\u00a0:<\/strong>\n<ul>\n<li>Construction robuste en mat\u00e9riau ABS<\/li>\n<li>Extra r\u00e9sistant en ABS 3,9 mm<\/li>\n<li>Possibilit\u00e9 de graver un num\u00e9ro standard ou d&#039;inclure un logo<\/li>\n<li>Large gamme de variantes de puces pour r\u00e9pondre \u00e0 diff\u00e9rents besoins et toujours en stock.<\/li>\n<\/ul>\n<\/li>\n<\/ul>","protected":false},"excerpt":{"rendered":"<p>Notre \u00e9tiquette RFID classique \u00ab ABS Plus \u00bb \u2013 la solution parfaite pour les syst\u00e8mes de s\u00e9curit\u00e9 et d\u2019identification. Puce Mifare1k programm\u00e9e pour le syst\u00e8me d&#039;acc\u00e8s SALTO. L&#039;\u00e9tiquette est fabriqu\u00e9e dans un mat\u00e9riau ABS dur de 3,9 mm d&#039;\u00e9paisseur avec une surface \u00e9l\u00e9gante qui s&#039;adapte partout. Ce produit est dot\u00e9 d&#039;une puce certifi\u00e9e par NXP\u00ae, une entreprise technologique mondiale dont le si\u00e8ge est aux Pays-Bas. NXP\u00ae est sp\u00e9cialis\u00e9 dans la RFID et le NFC et propose une gamme de produits en mati\u00e8re de s\u00e9curit\u00e9, de connectivit\u00e9 et de solutions embarqu\u00e9es<\/p>","protected":false},"featured_media":163673,"template":"","meta":{"_acf_changed":false},"product_brand":[],"product_cat":[2354,1337,4791],"product_tag":[2437,2074,4146,2151,2150,2958,5128],"class_list":{"0":"post-56894","1":"product","2":"type-product","3":"status-publish","4":"has-post-thumbnail","6":"product_cat-rfid-taggar","7":"product_cat-rfid-tagg-abs-plus","8":"product_cat-salto-tagg","9":"product_tag-200-moq-plus-4k-och-salto","10":"product_tag-ej-lagerfraga","11":"product_tag-nxp","12":"product_tag-rfid-salto","13":"product_tag-stonehouse-iloq-salto","14":"product_tag-stonehouse-produkt","15":"product_tag-varumarkesspecifik-tagg","16":"product_shipping_class-postnord-varubrev","17":"pa_brands-stonehouse-security","18":"pa_chip-teknik-salto","19":"pa_color-svart","20":"pa_farg-svart","21":"pa_rfid-ovriga-system-salto","22":"pa_sakerhetssystem-ovriga-sakerhets-besokssystem","23":"tm-has-options","25":"first","26":"instock","27":"sale","28":"featured","29":"taxable","30":"shipping-taxable","31":"purchasable","32":"product-type-simple"},"acf":[],"_links":{"self":[{"href":"https:\/\/secureus.se\/fr\/wp-json\/wp\/v2\/product\/56894","targetHints":{"allow":["GET"]}}],"collection":[{"href":"https:\/\/secureus.se\/fr\/wp-json\/wp\/v2\/product"}],"about":[{"href":"https:\/\/secureus.se\/fr\/wp-json\/wp\/v2\/types\/product"}],"wp:featuredmedia":[{"embeddable":true,"href":"https:\/\/secureus.se\/fr\/wp-json\/wp\/v2\/media\/163673"}],"wp:attachment":[{"href":"https:\/\/secureus.se\/fr\/wp-json\/wp\/v2\/media?parent=56894"}],"wp:term":[{"taxonomy":"product_brand","embeddable":true,"href":"https:\/\/secureus.se\/fr\/wp-json\/wp\/v2\/product_brand?post=56894"},{"taxonomy":"product_cat","embeddable":true,"href":"https:\/\/secureus.se\/fr\/wp-json\/wp\/v2\/product_cat?post=56894"},{"taxonomy":"product_tag","embeddable":true,"href":"https:\/\/secureus.se\/fr\/wp-json\/wp\/v2\/product_tag?post=56894"}],"curies":[{"name":"wp","href":"https:\/\/api.w.org\/{rel}","templated":true}]}}