{"id":56902,"date":"2022-03-10T16:20:00","date_gmt":"2022-03-10T15:20:00","guid":{"rendered":"https:\/\/secureus.se\/produkt\/indikering-orange-programmerbar-funktion\/"},"modified":"2025-12-31T19:47:32","modified_gmt":"2025-12-31T18:47:32","slug":"indikering-led-lampa-orange","status":"publish","type":"product","link":"https:\/\/secureus.se\/fr\/indikering-led-lampa-orange\/","title":{"rendered":"Voyant LED d&#039;indication Orange \u2013 Fonction programmable"},"content":{"rendered":"<h1>Lampe LED d&#039;indication Orange SOW-300 Orange \u2013 Lampe LED pour applications de s\u00e9curit\u00e9<\/h1>\n<p>La SOW-300 Orange de SATEL est une lampe LED de haute qualit\u00e9 con\u00e7ue pour une utilisation en int\u00e9rieur dans les syst\u00e8mes de s\u00e9curit\u00e9 et d&#039;alerte.<\/p>\n<p>Avec quatre modes de signalisation diff\u00e9rents, il offre flexibilit\u00e9 et clart\u00e9 pour diff\u00e9rentes applications.<\/p>\n<p>La conception robuste et compacte rend le SOW-300 parfait pour l&#039;indication d&#039;alarme, les alarmes de panique, les toilettes pour handicap\u00e9s et d&#039;autres exigences de s\u00e9curit\u00e9.<\/p>\n<p>Gr\u00e2ce au contact anti-sabotage, vous pouvez \u00eatre s\u00fbr que l&#039;installation est prot\u00e9g\u00e9e contre tout acc\u00e8s non autoris\u00e9.<\/p>\n<p><strong>Caract\u00e9ristiques et avantages<\/strong><\/p>\n<ul>\n<li><strong>Signaux programmables :<\/strong> Choisissez entre une lumi\u00e8re continue, un clignotement rapide, un clignotement lent ou deux clignotements suivis d&#039;une pause.<\/li>\n<li><strong>Haute visibilit\u00e9\u00a0:<\/strong> Des LED ultra-lumineuses garantissent des avertissements clairs.<\/li>\n<li><strong>Protection contre les alt\u00e9rations\u00a0:<\/strong> Un interrupteur anti-effraction int\u00e9gr\u00e9 offre une s\u00e9curit\u00e9 suppl\u00e9mentaire.<\/li>\n<li><strong>Efficacit\u00e9 \u00e9nerg\u00e9tique\u00a0:<\/strong> Fonctionnement \u00e0 faible consommation d&#039;\u00e9nergie (44 mA).<\/li>\n<li><strong>Convivial:<\/strong> Installation et connexion au syst\u00e8me d&#039;alarme faciles.<\/li>\n<\/ul>\n<p><strong>Sp\u00e9cifications d&#039;indication lampe LED Orange :<\/strong><\/p>\n<ul>\n<li>Tension : 12 V CC \u00b1 151 TP3T<\/li>\n<li>Consommation de courant maximale : 44 mA<\/li>\n<li>Temp\u00e9rature de fonctionnement : -10 \u00e0 +55 \u00b0C<\/li>\n<li>Dimensions : \u00d8 97 x 37 mm<\/li>\n<li>Poids : 50g<\/li>\n<\/ul>\n<p><strong>Domaines d&#039;utilisation :<\/strong><br \/>\nLe SOW-300 est id\u00e9al pour les applications o\u00f9 l&#039;indication visuelle est cruciale, y compris les alarmes, les urgences et les avertissements de s\u00e9curit\u00e9.<\/p>\n<p>Assurez-vous que vos installations de s\u00e9curit\u00e9 sont \u00e0 la fois fiables et efficaces avec le SOW-300 Orange de SATEL.<\/p>","protected":false},"excerpt":{"rendered":"<p><strong>SOW-300 Orange \u2013 Lampe LED avec fonction programmable<\/strong><\/p>\n<p>Obtenez des indications d&#039;alarme claires et flexibles avec le SOW-300.<\/p>\n<p>Il offre quatre modes de signalisation, un interrupteur anti-sabotage et une conception compacte pour une utilisation en int\u00e9rieur.<\/p>\n<p>Parfait pour les applications de s\u00e9curit\u00e9 !<\/p>","protected":false},"featured_media":145131,"template":"","meta":{"_acf_changed":false},"product_brand":[],"product_cat":[1562],"product_tag":[2266,2261,2420],"class_list":{"0":"post-56902","1":"product","2":"type-product","3":"status-publish","4":"has-post-thumbnail","6":"product_cat-larmdon-blixtljus","7":"product_tag-larmdon-blixtljus-blixtljus-i-samma-enhet","8":"product_tag-larmdon-indikering-summer","9":"product_tag-rel-larmdonblixt","10":"product_shipping_class-postnord-varubrev","11":"pa_brands-satel","12":"pa_farg-gul","13":"pa_sakerhetssystem-larmtillbehor-elektronik","14":"tm-no-options","16":"first","17":"instock","18":"sale","19":"featured","20":"taxable","21":"shipping-taxable","22":"purchasable","23":"product-type-simple"},"acf":[],"_links":{"self":[{"href":"https:\/\/secureus.se\/fr\/wp-json\/wp\/v2\/product\/56902","targetHints":{"allow":["GET"]}}],"collection":[{"href":"https:\/\/secureus.se\/fr\/wp-json\/wp\/v2\/product"}],"about":[{"href":"https:\/\/secureus.se\/fr\/wp-json\/wp\/v2\/types\/product"}],"wp:featuredmedia":[{"embeddable":true,"href":"https:\/\/secureus.se\/fr\/wp-json\/wp\/v2\/media\/145131"}],"wp:attachment":[{"href":"https:\/\/secureus.se\/fr\/wp-json\/wp\/v2\/media?parent=56902"}],"wp:term":[{"taxonomy":"product_brand","embeddable":true,"href":"https:\/\/secureus.se\/fr\/wp-json\/wp\/v2\/product_brand?post=56902"},{"taxonomy":"product_cat","embeddable":true,"href":"https:\/\/secureus.se\/fr\/wp-json\/wp\/v2\/product_cat?post=56902"},{"taxonomy":"product_tag","embeddable":true,"href":"https:\/\/secureus.se\/fr\/wp-json\/wp\/v2\/product_tag?post=56902"}],"curies":[{"name":"wp","href":"https:\/\/api.w.org\/{rel}","templated":true}]}}