{"id":56906,"date":"2022-03-10T16:20:00","date_gmt":"2022-03-10T15:20:00","guid":{"rendered":"https:\/\/secureus.se\/produkt\/oppnaknapp-12-24-v-beroringsfri-std\/"},"modified":"2026-03-29T09:37:13","modified_gmt":"2026-03-29T07:37:13","slug":"oppnaknapp-12-24-v-beroringsfri-std","status":"publish","type":"product","link":"https:\/\/secureus.se\/fr\/oppnaknapp-12-24-v-beroringsfri-std\/","title":{"rendered":"Bouton d&#039;ouverture facile 12\u201324 V \u2013 Sans contact K4, IP67, dur\u00e9e et distance r\u00e9glables"},"content":{"rendered":"<p data-start=\"915\" data-end=\"1156\"><strong data-start=\"915\" data-end=\"964\">Bouton d&#039;ouverture Facile 12\u201324 V Sans contact (Std) K4<\/strong> est une solution hygi\u00e9nique et durable pour le contr\u00f4le des portes et des acc\u00e8s.<br data-start=\"1037\" data-end=\"1040\" \/>Le bouton est activ\u00e9 sans aucun contact physique : un mouvement de la main de 3 \u00e0 15 cm devant le capteur suffit \u00e0 d\u00e9clencher le relais.<\/p>\n<p data-start=\"1158\" data-end=\"1309\">Con\u00e7us pour minimiser l&#039;usure et la propagation des infections, ils sont particuli\u00e8rement adapt\u00e9s aux environnements \u00e0 fort trafic tels que les h\u00f4pitaux, les bureaux, les \u00e9coles et les immeubles d&#039;habitation.<\/p>\n<p data-start=\"1311\" data-end=\"1526\">Le <strong data-start=\"1315\" data-end=\"1352\">sensibilit\u00e9 r\u00e9glable (3\u201315 cm)<\/strong> et <strong data-start=\"1357\" data-end=\"1389\">Temps de relais r\u00e9glable (0\u201330 s)<\/strong> ce qui le rend adaptable \u00e0 diff\u00e9rentes installations.<br data-start=\"1432\" data-end=\"1435\" \/>Le bouton poss\u00e8de une indication LED claire\u00a0: <strong data-start=\"1473\" data-end=\"1495\">rouge en mode veille<\/strong> et <strong data-start=\"1500\" data-end=\"1523\">vert lorsqu&#039;il est activ\u00e9<\/strong>.<\/p>\n<p data-start=\"1528\" data-end=\"1666\">Le bo\u00eetier est fabriqu\u00e9 en mat\u00e9riau robuste <strong data-start=\"1562\" data-end=\"1580\">Plastique PC + ABS<\/strong>, avec <strong data-start=\"1586\" data-end=\"1609\">\u00e9lectronique moul\u00e9e<\/strong> pour une longue dur\u00e9e de vie et une protection contre l&#039;humidit\u00e9 et la poussi\u00e8re (IP67).<\/p>\n<h3 data-start=\"1668\" data-end=\"1703\"><strong data-start=\"1675\" data-end=\"1703\">Sp\u00e9cifications techniques<\/strong><\/h3>\n<div class=\"_tableContainer_1rjym_1\">\n<div class=\"group _tableWrapper_1rjym_13 flex w-fit flex-col-reverse\">\n<table class=\"w-fit min-w-(--thread-content-width)\" data-start=\"1704\" data-end=\"2237\">\n<thead data-start=\"1704\" data-end=\"1724\">\n<tr data-start=\"1704\" data-end=\"1724\">\n<th data-start=\"1704\" data-end=\"1715\" data-col-size=\"sm\">Propri\u00e9t\u00e9<\/th>\n<th data-start=\"1715\" data-end=\"1724\" data-col-size=\"sm\">Valeur<\/th>\n<\/tr>\n<\/thead>\n<tbody data-start=\"1748\" data-end=\"2237\">\n<tr data-start=\"1748\" data-end=\"1773\">\n<td data-start=\"1748\" data-end=\"1759\" data-col-size=\"sm\">Tension<\/td>\n<td data-start=\"1759\" data-end=\"1773\" data-col-size=\"sm\">12-24 V CC<\/td>\n<\/tr>\n<tr data-start=\"1774\" data-end=\"1804\">\n<td data-start=\"1774\" data-end=\"1787\" data-col-size=\"sm\">Sortie relais<\/td>\n<td data-start=\"1787\" data-end=\"1804\" data-col-size=\"sm\">NON \/ NC \/ COM<\/td>\n<\/tr>\n<tr data-start=\"1805\" data-end=\"1831\">\n<td data-start=\"1805\" data-end=\"1824\" data-col-size=\"sm\">Consommation d&#039;\u00e9nergie<\/td>\n<td data-start=\"1824\" data-end=\"1831\" data-col-size=\"sm\">Faible<\/td>\n<\/tr>\n<tr data-start=\"1832\" data-end=\"1877\">\n<td data-start=\"1832\" data-end=\"1853\" data-col-size=\"sm\">Distance de sensibilit\u00e9<\/td>\n<td data-start=\"1853\" data-end=\"1877\" data-col-size=\"sm\">3\u201315 cm (r\u00e9glable)<\/td>\n<\/tr>\n<tr data-start=\"1878\" data-end=\"1918\">\n<td data-start=\"1878\" data-end=\"1896\" data-col-size=\"sm\">D\u00e9lai<\/td>\n<td data-start=\"1896\" data-end=\"1918\" data-col-size=\"sm\">0\u201330 s (r\u00e9glable)<\/td>\n<\/tr>\n<tr data-start=\"1919\" data-end=\"1958\">\n<td data-start=\"1919\" data-end=\"1931\" data-col-size=\"sm\">Vie<\/td>\n<td data-start=\"1931\" data-end=\"1958\" data-col-size=\"sm\">environ 500 000 activations<\/td>\n<\/tr>\n<tr data-start=\"1959\" data-end=\"2003\">\n<td data-start=\"1959\" data-end=\"1970\" data-col-size=\"sm\">Mat\u00e9riel<\/td>\n<td data-start=\"1970\" data-end=\"2003\" data-col-size=\"sm\">PC + ABS, \u00e9lectronique moul\u00e9e<\/td>\n<\/tr>\n<tr data-start=\"2004\" data-end=\"2030\">\n<td data-start=\"2004\" data-end=\"2011\" data-col-size=\"sm\">Mesure<\/td>\n<td data-start=\"2011\" data-end=\"2030\" data-col-size=\"sm\">86 \u00d7 86 \u00d7 20 mm<\/td>\n<\/tr>\n<tr data-start=\"2031\" data-end=\"2047\">\n<td data-start=\"2031\" data-end=\"2038\" data-col-size=\"sm\">Poids<\/td>\n<td data-start=\"2038\" data-end=\"2047\" data-col-size=\"sm\">122 g<\/td>\n<\/tr>\n<tr data-start=\"2048\" data-end=\"2070\">\n<td data-start=\"2048\" data-end=\"2062\" data-col-size=\"sm\">Classe de protection<\/td>\n<td data-start=\"2062\" data-end=\"2070\" data-col-size=\"sm\">IP67<\/td>\n<\/tr>\n<tr data-start=\"2071\" data-end=\"2123\">\n<td data-start=\"2071\" data-end=\"2088\" data-col-size=\"sm\">Indication LED<\/td>\n<td data-col-size=\"sm\" data-start=\"2088\" data-end=\"2123\">Rouge = en veille, Vert = activ\u00e9<\/td>\n<\/tr>\n<tr data-start=\"2124\" data-end=\"2165\">\n<td data-start=\"2124\" data-end=\"2143\" data-col-size=\"sm\">Temp\u00e9rature de fonctionnement<\/td>\n<td data-col-size=\"sm\" data-start=\"2143\" data-end=\"2165\">\u221220\u00b0C \u00e0 +55\u00b0C<\/td>\n<\/tr>\n<tr data-start=\"2166\" data-end=\"2210\">\n<td data-start=\"2166\" data-end=\"2182\" data-col-size=\"sm\">Humidit\u00e9<\/td>\n<td data-col-size=\"sm\" data-start=\"2182\" data-end=\"2210\">0\u201395 % HR (sans condensation)<\/td>\n<\/tr>\n<tr data-start=\"2211\" data-end=\"2237\">\n<td data-start=\"2211\" data-end=\"2224\" data-col-size=\"sm\">Certificat<\/td>\n<td data-col-size=\"sm\" data-start=\"2224\" data-end=\"2237\">CE\/RoHS<\/td>\n<\/tr>\n<\/tbody>\n<\/table>\n<\/div>\n<\/div>\n<h3 data-start=\"2239\" data-end=\"2258\"><strong data-start=\"2246\" data-end=\"2258\">Avantages<\/strong><\/h3>\n<ul data-start=\"2259\" data-end=\"2603\">\n<li data-start=\"2259\" data-end=\"2318\">\n<p data-start=\"2261\" data-end=\"2318\">Compl\u00e8tement <strong data-start=\"2266\" data-end=\"2293\">activation sans contact<\/strong> \u2013 minimise le risque d\u2019infection<\/p>\n<\/li>\n<li data-start=\"2319\" data-end=\"2381\">\n<p data-start=\"2321\" data-end=\"2381\"><strong data-start=\"2321\" data-end=\"2353\">Sensibilit\u00e9 et temps r\u00e9glables<\/strong> pour une installation flexible<\/p>\n<\/li>\n<li data-start=\"2382\" data-end=\"2414\">\n<p data-start=\"2384\" data-end=\"2414\"><strong data-start=\"2384\" data-end=\"2392\">IP67<\/strong> \u2013 r\u00e9sistant \u00e0 la poussi\u00e8re et \u00e0 l&#039;humidit\u00e9<\/p>\n<\/li>\n<li data-start=\"2415\" data-end=\"2465\">\n<p data-start=\"2417\" data-end=\"2465\">Longue dur\u00e9e de vie (jusqu&#039;\u00e0 500 000 activations)<\/p>\n<\/li>\n<li data-start=\"2466\" data-end=\"2503\">\n<p data-start=\"2468\" data-end=\"2503\">Installation facile avec une alimentation 12\u201324 V CC<\/p>\n<\/li>\n<li data-start=\"2504\" data-end=\"2543\">\n<p data-start=\"2506\" data-end=\"2543\">Retour visuel via LED (rouge\/vert)<\/p>\n<\/li>\n<li data-start=\"2544\" data-end=\"2603\">\n<p data-start=\"2546\" data-end=\"2603\">Compatible avec la plupart des syst\u00e8mes de contr\u00f4le d&#039;acc\u00e8s et de verrouillage.<\/p>\n<\/li>\n<\/ul>\n<h3 data-start=\"2605\" data-end=\"2634\"><strong data-start=\"2612\" data-end=\"2634\">Domaines d&#039;utilisation<\/strong><\/h3>\n<ul data-start=\"2635\" data-end=\"2776\">\n<li data-start=\"2635\" data-end=\"2669\">\n<p data-start=\"2637\" data-end=\"2669\">Contr\u00f4le d&#039;acc\u00e8s et ouvre-porte<\/p>\n<\/li>\n<li data-start=\"2670\" data-end=\"2705\">\n<p data-start=\"2672\" data-end=\"2705\">b\u00e2timents et bureaux publics<\/p>\n<\/li>\n<li data-start=\"2706\" data-end=\"2737\">\n<p data-start=\"2708\" data-end=\"2737\">Ascenseurs, entr\u00e9es, couloirs<\/p>\n<\/li>\n<li data-start=\"2738\" data-end=\"2776\">\n<p data-start=\"2740\" data-end=\"2776\">Environnements o\u00f9 l&#039;hygi\u00e8ne est particuli\u00e8rement importante<\/p>\n<\/li>\n<\/ul>","protected":false},"excerpt":{"rendered":"<p>Bouton d&#039;ouverture sans contact au format compact (86\u00d786\u00d720 mm) avec distance r\u00e9glable de 3 \u00e0 15 cm et d\u00e9lai de 0 \u00e0 30 s.<br data-start=\"704\" data-end=\"707\" \/>Indice de protection IP67 et con\u00e7u pour les syst\u00e8mes de contr\u00f4le d&#039;acc\u00e8s et de portes professionnels.<br data-start=\"780\" data-end=\"783\" \/>Fonctionne sur une tension continue de 12 \u00e0 24 V et est \u00e9quip\u00e9 d&#039;un relais NO\/NC\/COM. L&#039;indication par LED alterne entre le rouge et le vert.<\/p>","protected":false},"featured_media":159132,"template":"","meta":{"_acf_changed":false},"product_brand":[],"product_cat":[4867],"product_tag":[3068,2937,2958],"class_list":{"0":"post-56906","1":"product","2":"type-product","3":"status-publish","4":"has-post-thumbnail","6":"product_cat-oppnaknappar-kategorier","7":"product_tag-oppnaknapp-beroringsfria","8":"product_tag-oppnaknappar","9":"product_tag-stonehouse-produkt","10":"product_shipping_class-postnord-varubrev","11":"pa_brands-stonehouse-security","12":"pa_sakerhetssystem-larmtillbehor-elektronik","13":"tm-no-options","15":"first","16":"instock","17":"sale","18":"featured","19":"taxable","20":"shipping-taxable","21":"purchasable","22":"product-type-simple"},"acf":[],"_links":{"self":[{"href":"https:\/\/secureus.se\/fr\/wp-json\/wp\/v2\/product\/56906","targetHints":{"allow":["GET"]}}],"collection":[{"href":"https:\/\/secureus.se\/fr\/wp-json\/wp\/v2\/product"}],"about":[{"href":"https:\/\/secureus.se\/fr\/wp-json\/wp\/v2\/types\/product"}],"wp:featuredmedia":[{"embeddable":true,"href":"https:\/\/secureus.se\/fr\/wp-json\/wp\/v2\/media\/159132"}],"wp:attachment":[{"href":"https:\/\/secureus.se\/fr\/wp-json\/wp\/v2\/media?parent=56906"}],"wp:term":[{"taxonomy":"product_brand","embeddable":true,"href":"https:\/\/secureus.se\/fr\/wp-json\/wp\/v2\/product_brand?post=56906"},{"taxonomy":"product_cat","embeddable":true,"href":"https:\/\/secureus.se\/fr\/wp-json\/wp\/v2\/product_cat?post=56906"},{"taxonomy":"product_tag","embeddable":true,"href":"https:\/\/secureus.se\/fr\/wp-json\/wp\/v2\/product_tag?post=56906"}],"curies":[{"name":"wp","href":"https:\/\/api.w.org\/{rel}","templated":true}]}}