{"id":56907,"date":"2022-03-10T16:20:00","date_gmt":"2022-03-10T15:20:00","guid":{"rendered":"https:\/\/secureus.se\/produkt\/oppnaknapp-12-24-v-beroringsfri-sp\/"},"modified":"2026-04-17T11:53:26","modified_gmt":"2026-04-17T09:53:26","slug":"oppnaknapp-12-24-v-beroringsfri-sp","status":"publish","type":"product","link":"https:\/\/secureus.se\/fr\/oppnaknapp-12-24-v-beroringsfri-sp\/","title":{"rendered":"Bouton d&#039;ouverture Easy 12-24 V sans contact (Slim) K3"},"content":{"rendered":"<h1>Bouton d&#039;ouverture Easy 12-24 V Sans contact (Slim)<\/h1>\n<p>Ce bouton sans contact est une solution flexible et efficace pour r\u00e9duire le contact avec les surfaces et ainsi r\u00e9duire le risque de propagation d&#039;infection. D&#039;une taille de 86L55<em>W<\/em>20H mm, il est compact et facile \u00e0 placer dans diff\u00e9rents environnements.<\/p>\n<p>Avec une alimentation de DC12-24V, il est polyvalent et peut \u00eatre connect\u00e9 \u00e0 diverses sources d&#039;alimentation.<\/p>\n<p>Son contact de sortie peut \u00eatre configur\u00e9 comme NO (normalement ouvert), NC (normalement ferm\u00e9) ou COM (commun) pour r\u00e9pondre aux diff\u00e9rents besoins d&#039;utilisation.<\/p>\n<p>La distance tactile est r\u00e9glable entre 5 et 20 cm, ce qui permet de l&#039;adapter aux besoins des diff\u00e9rents utilisateurs. Le d\u00e9lai peut \u00e9galement \u00eatre ajust\u00e9 de 0 \u00e0 30 secondes pour s&#039;adapter \u00e0 diff\u00e9rentes situations.<\/p>\n<p>Un indicateur LED indique clairement l&#039;\u00e9tat de l&#039;appareil, avec un voyant de veille rouge et un voyant de r\u00e9ponse vert. Les couleurs des lumi\u00e8res LED peuvent \u00eatre personnalis\u00e9es \u00e0 volont\u00e9.<\/p>\n<p>Fabriqu\u00e9 en mat\u00e9riau ABS durable, ce bouton est \u00e0 la fois robuste et fiable pour une utilisation \u00e0 long terme. Son logo de panneau est \u00e9galement personnalisable pour s&#039;adapter \u00e0 diff\u00e9rents besoins et environnements de marque.<\/p>\n<p><u>Maintenant avec \u00e9lectronique int\u00e9gr\u00e9e et heure r\u00e9glable.<\/u><\/p>\n<p>Dimensions : 86 x 55 x 20 (mm)<\/p>\n<p>Environnement : IP67<\/p>\n<p>Mat\u00e9riel: PC + ABS<\/p>\n<p>Alimentation : 12\/24 V CC.<\/p>\n<p>Relais de commutation : NO \/ NC \/ COM<\/p>\n<p>Dur\u00e9e de vie m\u00e9canique : 500 000 fois<\/p>\n<p>Temp\u00e9rature de fonctionnement : -20 \/ + 55 C<\/p>\n<p>Humidit\u00e9 : 0-95% (humidit\u00e9 relative)<\/p>\n<p>Distance de sensibilit\u00e9 : 3-15 cm (r\u00e9glable)<\/p>\n<p>Temps d&#039;ouverture du relais\u00a0: 0 ~ 30 s (r\u00e9glable)<\/p>\n<p>Indicateur LED\u00a0: LED rouge (non affect\u00e9e) et verte au toucher.<\/p>\n<p>Poids : 83g<\/p>","protected":false},"excerpt":{"rendered":"<p>Boutons poussoirs \/ Boutons d&#039;ouverture de portes ou autres fonctions - Sans contact donc aucun contact n&#039;est n\u00e9cessaire en surface<\/p>","protected":false},"featured_media":144968,"template":"","meta":{"_acf_changed":false},"product_brand":[],"product_cat":[4867],"product_tag":[3068,2937,2958],"class_list":{"0":"post-56907","1":"product","2":"type-product","3":"status-publish","4":"has-post-thumbnail","6":"product_cat-oppnaknappar-kategorier","7":"product_tag-oppnaknapp-beroringsfria","8":"product_tag-oppnaknappar","9":"product_tag-stonehouse-produkt","10":"product_shipping_class-postnord-varubrev","11":"pa_brands-stonehouse-security","12":"pa_sakerhetssystem-larmtillbehor-elektronik","13":"tm-no-options","15":"first","16":"instock","17":"sale","18":"featured","19":"taxable","20":"shipping-taxable","21":"purchasable","22":"product-type-simple"},"acf":[],"_links":{"self":[{"href":"https:\/\/secureus.se\/fr\/wp-json\/wp\/v2\/product\/56907","targetHints":{"allow":["GET"]}}],"collection":[{"href":"https:\/\/secureus.se\/fr\/wp-json\/wp\/v2\/product"}],"about":[{"href":"https:\/\/secureus.se\/fr\/wp-json\/wp\/v2\/types\/product"}],"wp:featuredmedia":[{"embeddable":true,"href":"https:\/\/secureus.se\/fr\/wp-json\/wp\/v2\/media\/144968"}],"wp:attachment":[{"href":"https:\/\/secureus.se\/fr\/wp-json\/wp\/v2\/media?parent=56907"}],"wp:term":[{"taxonomy":"product_brand","embeddable":true,"href":"https:\/\/secureus.se\/fr\/wp-json\/wp\/v2\/product_brand?post=56907"},{"taxonomy":"product_cat","embeddable":true,"href":"https:\/\/secureus.se\/fr\/wp-json\/wp\/v2\/product_cat?post=56907"},{"taxonomy":"product_tag","embeddable":true,"href":"https:\/\/secureus.se\/fr\/wp-json\/wp\/v2\/product_tag?post=56907"}],"curies":[{"name":"wp","href":"https:\/\/api.w.org\/{rel}","templated":true}]}}