{"id":56927,"date":"2022-03-10T16:16:00","date_gmt":"2022-03-10T15:16:00","guid":{"rendered":"https:\/\/secureus.se\/produkt\/tagg-abs-pro-mifare-desfire-ev2-farg-rod-minnestorlek-8k\/"},"modified":"2026-03-27T15:36:57","modified_gmt":"2026-03-27T14:36:57","slug":"tagg-desfire-ev2-rod-8k-pro","status":"publish","type":"product","link":"https:\/\/secureus.se\/fr\/tagg-desfire-ev2-rod-8k-pro\/","title":{"rendered":"Balise DESFire\u00ae EV2 8K Rouge \u2013 Pro"},"content":{"rendered":"<h1><strong>Tag Mifare DESFire \u2013 Plus de s\u00e9curit\u00e9\u00a0<\/strong><\/h1>\n<h3>Cette balise fonctionne dans les syst\u00e8mes utilisant la technologie DESFire.<\/h3>\n<p><span style=\"text-decoration: underline\"><strong>RCO, Bewator\/Vanderbilt, Aptus, ASSA ARX, syst\u00e8me de visiteur et connexion.<\/strong><\/span><\/p>\n<p>A noter que le tag n&#039;est pas programm\u00e9 avec RAID pour RCO mais est livr\u00e9 avec une puce standard.<\/p>\n<p>Notre Tag \u00ab ABS Pro \u00bb Mifare DESFire est cr\u00e9\u00e9 pour r\u00e9pondre aux besoins les plus exigeants en mati\u00e8re de s\u00e9curit\u00e9 et d&#039;identification.<\/p>\n<p>Avec sa construction robuste en mat\u00e9riau ABS et son profil fin de seulement 2,9 mm, il offre un \u00e9quilibre parfait entre durabilit\u00e9 et \u00e9l\u00e9gance.<\/p>\n<p>Sa finition \u00e9pur\u00e9e le rend id\u00e9al pour graver des num\u00e9ros standards ou inclure votre logo, que ce soit par une finition grav\u00e9e ou color\u00e9e.<\/p>\n<p>Nos tags conviennent aux syst\u00e8mes d&#039;acc\u00e8s, aux syst\u00e8mes de visiteurs, aux r\u00e9servations, aux alarmes, aux chargeurs de voiture, \u00e0 la gestion d&#039;entrep\u00f4t ou \u00e0 d&#039;autres applications.<\/p>\n<p>Tagg &quot;ABS Pro&quot; avec la puce Tagg Mifare DESFire offre une s\u00e9curit\u00e9 sup\u00e9rieure \u00e0 celle de Mifare Classic.<\/p>\n<p>Il est disponible dans de nombreuses variantes de Tagg Mifare DESFire et nous pouvons \u00e9galement le fabriquer avec la puce de votre choix.<\/p>\n<p>Les normes actuelles pour les balises de passage sont\u00a0: EM4200, Mifare1k, les balises combin\u00e9es et DESFire. Quoi qu&#039;il en soit, nous pouvons personnaliser la balise pour vous.<\/p>\n<p>Nous comprenons l&#039;importance de fournir des \u00e9tiquettes RFID de haute qualit\u00e9 qui r\u00e9pondent aux demandes et aux attentes d&#039;aujourd&#039;hui.<\/p>\n<p>C&#039;est pourquoi nous nous effor\u00e7ons d&#039;offrir la meilleure technologie et la meilleure compatibilit\u00e9 pour am\u00e9liorer la s\u00e9curit\u00e9 et l&#039;efficacit\u00e9 de vos syst\u00e8mes.<\/p>\n<p><strong><span style=\"text-decoration: underline\">Con\u00e7u pour des projets uniques \u2013 Tagg Mifare DESFire ABS Pro<\/span><\/strong><\/p>\n<p>Les avantages de nos \u00e9tiquettes RFID incluent la compatibilit\u00e9 avec diff\u00e9rents syst\u00e8mes\/technologies ainsi que la possibilit\u00e9 de personnaliser les \u00e9tiquettes pour des projets uniques.<\/p>\n<p>Nous pouvons programmer et int\u00e9grer diff\u00e9rentes puces pour r\u00e9pondre aux exigences sp\u00e9cifiques des applications et cr\u00e9er des solutions personnalis\u00e9es.<\/p>\n<p>Contactez-nous d\u00e8s aujourd&#039;hui pour discuter de vos id\u00e9es de projet et obtenir une solution d&#039;\u00e9tiquette RFID personnalis\u00e9e adapt\u00e9e \u00e0 vos besoins.<\/p>\n<p><strong>Livraison rapide et toujours en stock \u2013 Tagg Mifare DESFire est disponible en diff\u00e9rentes versions\u00a0<\/strong><\/p>\n<p>Le porte-cl\u00e9s RFID \u00ab ABS Pro \u00bb est toujours en stock avec plus de 80 000 unit\u00e9s en 6 couleurs (Rouge, Bleu, Blanc, Noir, Vert, Jaune) et avec diff\u00e9rentes puces.<\/p>\n<p>Avec l&#039;aide de nos machines laser et de nos logiciels, vous pouvez choisir un logo et un num\u00e9ro unique \u00e0 graver avec une livraison sous 1 \u00e0 3 jours.<\/p>\n<p>Comme toujours! Tag Mifare DESFire avec puce originale de<a href=\"https:\/\/www.nxp.com\/\" rel=\"noopener\"> NXP<\/a><\/p>\n<p><strong>Convient \u00e0 tout et \u00e0 tous - Tagg Mifare DESFire<\/strong><\/p>\n<ul>\n<li>Syst\u00e8me de laissez-passer<\/li>\n<li>Syst\u00e8me de visiteur<\/li>\n<li>R\u00e9servation<\/li>\n<li>Syst\u00e8me d&#039;alarme et de s\u00e9curit\u00e9<\/li>\n<\/ul>\n<p><strong>Avantages de &quot;ABS Pro&quot; - Tag Mifare DESFire<\/strong><\/p>\n<ul>\n<li>Construction robuste en mat\u00e9riau ABS<\/li>\n<li>Profil fin de seulement 2,9 mm<\/li>\n<li>Possibilit\u00e9 de graver un num\u00e9ro standard ou d&#039;inclure un logo<\/li>\n<li>Large gamme de variantes de puces pour r\u00e9pondre \u00e0 diff\u00e9rents besoins et toujours en stock.<\/li>\n<\/ul>\n<ul>\n<li>Large gamme de variantes de puces pour r\u00e9pondre \u00e0 diff\u00e9rents besoins et toujours en stock.<\/li>\n<\/ul>","protected":false},"excerpt":{"rendered":"<p>Ce produit est \u00e9quip\u00e9 d'une puce certifi\u00e9e de NXP\u00ae, une entreprise technologique mondiale dont le si\u00e8ge se trouve aux Pays-Bas. NXP\u00ae est sp\u00e9cialis\u00e9e dans la RFID et la NFC et propose une gamme de produits dans les domaines de la s\u00e9curit\u00e9, de la connectivit\u00e9 et des solutions int\u00e9gr\u00e9es. Veuillez noter que ce produit ne fonctionnera pas avec les syst\u00e8mes Yale, par exemple, ou si votre syst\u00e8me comporte des codes roulants.<\/p>","protected":false},"featured_media":163687,"template":"","meta":{"_acf_changed":false},"product_brand":[],"product_cat":[1340,4790],"product_tag":[2314,3139,3136,2074,4806,4146,2405,2095,2958],"class_list":{"0":"post-56927","1":"product","2":"type-product","3":"status-publish","4":"has-post-thumbnail","6":"product_cat-rfid-tagg-abs-pro","7":"product_cat-desfire-8k-tagg","8":"product_tag-desfire-lop-logo","9":"product_tag-desfire-ev2-8k","10":"product_tag-desfire-taggar-kort","11":"product_tag-ej-lagerfraga","12":"product_tag-fungerar-ej-till-yale","13":"product_tag-nxp","14":"product_tag-rel-rfid","15":"product_tag-rfid-500","16":"product_tag-stonehouse-produkt","17":"product_shipping_class-postnord-varubrev","18":"pa_brands-stonehouse-security","19":"pa_chip-teknik-mifare-desfire-8k-minne","20":"pa_farg-rod","21":"pa_sakerhetssystem-rfid-taggar","22":"tm-has-options","24":"first","25":"instock","26":"sale","27":"featured","28":"taxable","29":"shipping-taxable","30":"purchasable","31":"product-type-simple"},"acf":[],"_links":{"self":[{"href":"https:\/\/secureus.se\/fr\/wp-json\/wp\/v2\/product\/56927","targetHints":{"allow":["GET"]}}],"collection":[{"href":"https:\/\/secureus.se\/fr\/wp-json\/wp\/v2\/product"}],"about":[{"href":"https:\/\/secureus.se\/fr\/wp-json\/wp\/v2\/types\/product"}],"wp:featuredmedia":[{"embeddable":true,"href":"https:\/\/secureus.se\/fr\/wp-json\/wp\/v2\/media\/163687"}],"wp:attachment":[{"href":"https:\/\/secureus.se\/fr\/wp-json\/wp\/v2\/media?parent=56927"}],"wp:term":[{"taxonomy":"product_brand","embeddable":true,"href":"https:\/\/secureus.se\/fr\/wp-json\/wp\/v2\/product_brand?post=56927"},{"taxonomy":"product_cat","embeddable":true,"href":"https:\/\/secureus.se\/fr\/wp-json\/wp\/v2\/product_cat?post=56927"},{"taxonomy":"product_tag","embeddable":true,"href":"https:\/\/secureus.se\/fr\/wp-json\/wp\/v2\/product_tag?post=56927"}],"curies":[{"name":"wp","href":"https:\/\/api.w.org\/{rel}","templated":true}]}}