{"id":56946,"date":"2022-03-10T16:02:00","date_gmt":"2022-03-10T15:02:00","guid":{"rendered":"https:\/\/secureus.se\/produkt\/armband-silikon-fast-mifare1k-storlek-74-mm-large\/"},"modified":"2026-02-17T09:29:39","modified_gmt":"2026-02-17T08:29:39","slug":"rfid-armband-silikon-fast-mifare1k-storlek-74-mm-large","status":"publish","type":"product","link":"https:\/\/secureus.se\/fr\/rfid-armband-silikon-fast-mifare1k-storlek-74-mm-large\/","title":{"rendered":"Bracelet RFID Mifare 1K \u2013 Grand, Bleu, 74 mm"},"content":{"rendered":"<p>Nos bracelets RFID sont disponibles en diff\u00e9rentes tailles et couleurs. Vous choisissez \u00e9galement la technologie que vous souhaitez monter dans le bracelet. Si vous souhaitez que des num\u00e9ros soient grav\u00e9s, contactez-nous avant de commander. Nous disposons de nombreuses autres versions de bracelets afin que vous puissiez toujours nous contacter pour obtenir le meilleur prix quel que soit le mod\u00e8le.<\/p>","protected":false},"excerpt":{"rendered":"<p>Les bracelets peuvent \u00eatre command\u00e9s dans n&#039;importe quelle couleur avec une valeur de commande minimum de 100 unit\u00e9s. Veuillez nous contacter pour le meilleur prix.<\/p>","protected":false},"featured_media":144792,"template":"","meta":{"_acf_changed":false},"product_brand":[],"product_cat":[1849,4808],"product_tag":[2958],"class_list":{"0":"post-56946","1":"product","2":"type-product","3":"status-publish","4":"has-post-thumbnail","6":"product_cat-rfid-armband","7":"product_cat-rfid-armband-sticker","8":"product_tag-stonehouse-produkt","9":"product_shipping_class-postnord-varubrev","10":"pa_brands-stonehouse-security","11":"pa_rfid-armband-farg-bla","12":"pa_rfid-armband-modell-fast-storlek-small-55-mm","13":"pa_rfid-armband-teknik-mifare1k","14":"tm-has-options","16":"first","17":"instock","18":"sale","19":"featured","20":"taxable","21":"shipping-taxable","22":"purchasable","23":"product-type-simple"},"acf":[],"_links":{"self":[{"href":"https:\/\/secureus.se\/fr\/wp-json\/wp\/v2\/product\/56946","targetHints":{"allow":["GET"]}}],"collection":[{"href":"https:\/\/secureus.se\/fr\/wp-json\/wp\/v2\/product"}],"about":[{"href":"https:\/\/secureus.se\/fr\/wp-json\/wp\/v2\/types\/product"}],"wp:featuredmedia":[{"embeddable":true,"href":"https:\/\/secureus.se\/fr\/wp-json\/wp\/v2\/media\/144792"}],"wp:attachment":[{"href":"https:\/\/secureus.se\/fr\/wp-json\/wp\/v2\/media?parent=56946"}],"wp:term":[{"taxonomy":"product_brand","embeddable":true,"href":"https:\/\/secureus.se\/fr\/wp-json\/wp\/v2\/product_brand?post=56946"},{"taxonomy":"product_cat","embeddable":true,"href":"https:\/\/secureus.se\/fr\/wp-json\/wp\/v2\/product_cat?post=56946"},{"taxonomy":"product_tag","embeddable":true,"href":"https:\/\/secureus.se\/fr\/wp-json\/wp\/v2\/product_tag?post=56946"}],"curies":[{"name":"wp","href":"https:\/\/api.w.org\/{rel}","templated":true}]}}