{"id":56987,"date":"2022-03-10T15:57:00","date_gmt":"2022-03-10T14:57:00","guid":{"rendered":"https:\/\/secureus.se\/produkt\/ackumulator-batteri-12v-2-3-ah\/"},"modified":"2026-04-19T14:21:50","modified_gmt":"2026-04-19T12:21:50","slug":"agm-batteri-12v-23ah","status":"publish","type":"product","link":"https:\/\/secureus.se\/fr\/agm-batteri-12v-23ah\/","title":{"rendered":"Batterie 12V 2,3Ah Version Pro"},"content":{"rendered":"<h1>Batterie AGM 12V 2,3ah \/ Accumulateur 12V \u2013 2,3 Ah<\/h1>\n<p>Batterie d&#039;alarme sans entretien pour alimentation de secours dans les syst\u00e8mes d&#039;alarme, 12 volts, 2,3 Ah<\/p>\n<p>178 mm x 35 mm x 61 mm<\/p>\n<p>Poids 0,91 kg<\/p>\n<p>Les batteries jouent un r\u00f4le crucial dans les syst\u00e8mes de s\u00e9curit\u00e9 et d\u2019alarme, o\u00f9 une alimentation \u00e9lectrique fiable est de la plus haute importance. Parmi les diff\u00e9rentes options disponibles sur le march\u00e9, les batteries AGM (Absorbent Glass Mat) se sont impos\u00e9es comme une solution fiable et de haute qualit\u00e9 pour de telles applications.<\/p>\n<p>Les batteries AGM utilisent un s\u00e9parateur en tapis de verre pour absorber et maintenir l&#039;\u00e9lectrolyte en place, ce qui les rend id\u00e9ales pour une utilisation dans des environnements o\u00f9 il est important de minimiser le risque de fuite. Cette conception offre \u00e9galement un haut degr\u00e9 de fiabilit\u00e9 et de performances m\u00eame dans des conditions exigeantes, ce qui est essentiel pour les applications de s\u00e9curit\u00e9 et d&#039;alarme o\u00f9 les batteries doivent fonctionner sans interruption.<\/p>\n<p>L\u2019une des caract\u00e9ristiques les plus appr\u00e9ci\u00e9es des batteries AGM est leur faible besoin d\u2019entretien. Ils n\u00e9cessitent un entretien minimal et ont une longue dur\u00e9e de vie, ce qui les rend rentables dans le temps. De plus, la technologie AGM s\u2019est av\u00e9r\u00e9e r\u00e9sistante aux d\u00e9charges profondes, cause fr\u00e9quente de panne de batterie dans les syst\u00e8mes de s\u00e9curit\u00e9.<\/p>\n<p>En mati\u00e8re de qualit\u00e9, il est important de choisir des batteries AGM provenant de fabricants fiables qui utilisent des mat\u00e9riaux et des processus de fabrication de haute qualit\u00e9. Investir dans des batteries de bonne qualit\u00e9 est une mesure pr\u00e9ventive pour garantir le bon fonctionnement des syst\u00e8mes de s\u00e9curit\u00e9 et d\u2019alarme lorsqu\u2019ils sont r\u00e9ellement n\u00e9cessaires.<\/p>\n<p>En conclusion, les batteries AGM offrent une source d&#039;alimentation fiable et de haute qualit\u00e9 pour les applications de s\u00e9curit\u00e9 et d&#039;alarme. Leurs faibles besoins de maintenance, leur longue dur\u00e9e de vie et leur r\u00e9sistance aux d\u00e9charges profondes en font un excellent choix pour tous ceux qui privil\u00e9gient la fiabilit\u00e9 et les performances de leurs syst\u00e8mes.<\/p>\n<p>Batterie AGM 12V 2,3ah<\/p>","protected":false},"excerpt":{"rendered":"<p>Batterie AGM 2,3 AH pour syst\u00e8mes de t\u00e9l\u00e9communications, d&#039;alarmes et de s\u00e9curit\u00e9.<\/p>","protected":false},"featured_media":144904,"template":"","meta":{"_acf_changed":false},"product_brand":[],"product_cat":[1596],"product_tag":[2179,2419],"class_list":{"0":"post-56987","1":"product","2":"type-product","3":"status-publish","4":"has-post-thumbnail","6":"product_cat-ackumulatorer-12v-agm-batterier","7":"product_tag-batteri-1-6-ah-2","8":"product_tag-rel-batteri","9":"product_shipping_class-tunga-paket","10":"pa_brands-stonehouse-security","11":"tm-no-options","13":"first","14":"instock","15":"sale","16":"featured","17":"taxable","18":"shipping-taxable","19":"purchasable","20":"product-type-simple"},"acf":[],"_links":{"self":[{"href":"https:\/\/secureus.se\/fr\/wp-json\/wp\/v2\/product\/56987","targetHints":{"allow":["GET"]}}],"collection":[{"href":"https:\/\/secureus.se\/fr\/wp-json\/wp\/v2\/product"}],"about":[{"href":"https:\/\/secureus.se\/fr\/wp-json\/wp\/v2\/types\/product"}],"wp:featuredmedia":[{"embeddable":true,"href":"https:\/\/secureus.se\/fr\/wp-json\/wp\/v2\/media\/144904"}],"wp:attachment":[{"href":"https:\/\/secureus.se\/fr\/wp-json\/wp\/v2\/media?parent=56987"}],"wp:term":[{"taxonomy":"product_brand","embeddable":true,"href":"https:\/\/secureus.se\/fr\/wp-json\/wp\/v2\/product_brand?post=56987"},{"taxonomy":"product_cat","embeddable":true,"href":"https:\/\/secureus.se\/fr\/wp-json\/wp\/v2\/product_cat?post=56987"},{"taxonomy":"product_tag","embeddable":true,"href":"https:\/\/secureus.se\/fr\/wp-json\/wp\/v2\/product_tag?post=56987"}],"curies":[{"name":"wp","href":"https:\/\/api.w.org\/{rel}","templated":true}]}}