{"id":56988,"date":"2022-03-10T15:57:00","date_gmt":"2022-03-10T14:57:00","guid":{"rendered":"https:\/\/secureus.se\/produkt\/ackumulator-batteri-agm-12v-12ah\/"},"modified":"2026-04-02T11:13:13","modified_gmt":"2026-04-02T09:13:13","slug":"12v-12ah-agm-batteri-helios-vrla","status":"publish","type":"product","link":"https:\/\/secureus.se\/fr\/12v-12ah-agm-batteri-helios-vrla\/","title":{"rendered":"Batterie 12V 12Ah HELIOS Version Pro 5 ans"},"content":{"rendered":"<p data-start=\"674\" data-end=\"970\">La batterie HELIOS 12V 12Ah AGM (VRLA) est une batterie au plomb-acide fiable, r\u00e9gul\u00e9e par soupape et sans entretien, offrant des performances stables et une longue dur\u00e9e de vie.<br data-start=\"813\" data-end=\"816\" \/>Il est id\u00e9al pour une utilisation en veille et cyclique dans tout, des syst\u00e8mes d&#039;alarme et UPS aux syst\u00e8mes de t\u00e9l\u00e9communications, \u00e0 l&#039;\u00e9clairage, aux cl\u00f4tures \u00e9lectriques et autres \u00e9quipements 12V.<\/p>\n<p data-start=\"972\" data-end=\"1136\">Avec une dur\u00e9e de vie nominale allant jusqu&#039;\u00e0 <strong data-start=\"1007\" data-end=\"1015\">5 ans<\/strong> et un taux d&#039;erreur tr\u00e8s faible (&lt; 0,03 %), la s\u00e9rie HELIOS est un choix de qualit\u00e9 pour les utilisateurs professionnels et priv\u00e9s.<\/p>\n<hr data-start=\"1138\" data-end=\"1141\" \/>\n<h3 data-start=\"1143\" data-end=\"1171\"><strong data-start=\"1147\" data-end=\"1171\">Pourquoi choisir HELIOS ?<\/strong><\/h3>\n<ul data-start=\"1173\" data-end=\"1561\">\n<li data-start=\"1173\" data-end=\"1255\">\n<p data-start=\"1175\" data-end=\"1255\">Batterie AGM sans entretien (VRLA) \u2013 \u00e9tanche, r\u00e9sistante aux vibrations et aux fuites.<\/p>\n<\/li>\n<li data-start=\"1256\" data-end=\"1335\">\n<p data-start=\"1258\" data-end=\"1335\">Dur\u00e9e de vie pr\u00e9vue de 5 ans \u2013 \u00e9conomique pour une utilisation en veille et de secours.<\/p>\n<\/li>\n<li data-start=\"1336\" data-end=\"1403\">\n<p data-start=\"1338\" data-end=\"1403\">Courbe de tension stable \u2013 fiabilit\u00e9 op\u00e9rationnelle \u00e9lev\u00e9e pour les \u00e9quipements sensibles.<\/p>\n<\/li>\n<li data-start=\"1404\" data-end=\"1478\">\n<p data-start=\"1406\" data-end=\"1478\">Faible taux de d\u00e9faillance (&lt;0,03 %) en usine \u2013 fabriqu\u00e9 selon les normes ISO.<\/p>\n<\/li>\n<li data-start=\"1479\" data-end=\"1561\">\n<p data-start=\"1481\" data-end=\"1561\">Format standard \u2013 remplace facilement la plupart des batteries 12V 12Ah de m\u00eame taille.<\/p>\n<\/li>\n<\/ul>\n<hr data-start=\"1563\" data-end=\"1566\" \/>\n<h3 data-start=\"1568\" data-end=\"1602\"><strong data-start=\"1572\" data-end=\"1602\">Utilisations typiques<\/strong><\/h3>\n<ul data-start=\"1604\" data-end=\"1833\">\n<li data-start=\"1604\" data-end=\"1648\">\n<p data-start=\"1606\" data-end=\"1648\">Panneaux d&#039;alarme, sir\u00e8nes et syst\u00e8mes de contr\u00f4le d&#039;acc\u00e8s<\/p>\n<\/li>\n<li data-start=\"1649\" data-end=\"1679\">\n<p data-start=\"1651\" data-end=\"1679\">Solutions d&#039;alimentation sans coupure et d&#039;alimentation de secours<\/p>\n<\/li>\n<li data-start=\"1680\" data-end=\"1713\">\n<p data-start=\"1682\" data-end=\"1713\">\u00c9clairage de secours et panneaux d&#039;\u00e9vacuation<\/p>\n<\/li>\n<li data-start=\"1714\" data-end=\"1754\">\n<p data-start=\"1716\" data-end=\"1754\">\u00c9quipements de t\u00e9l\u00e9communications\/donn\u00e9es, modems, routeurs<\/p>\n<\/li>\n<li data-start=\"1755\" data-end=\"1792\">\n<p data-start=\"1757\" data-end=\"1792\">Cl\u00f4ture \u00e9lectrique et stockage d&#039;\u00e9nergie de plus petite taille<\/p>\n<\/li>\n<li data-start=\"1793\" data-end=\"1833\">\n<p data-start=\"1795\" data-end=\"1833\">syst\u00e8mes de soutien automobile et industriel<\/p>\n<\/li>\n<\/ul>\n<hr data-start=\"1835\" data-end=\"1838\" \/>\n<h3 data-start=\"1840\" data-end=\"1861\"><strong data-start=\"1844\" data-end=\"1861\">Donn\u00e9es techniques<\/strong><\/h3>\n<div class=\"_tableContainer_1rjym_1\">\n<div class=\"group _tableWrapper_1rjym_13 flex w-fit flex-col-reverse\">\n<table class=\"w-fit min-w-(--thread-content-width)\" data-start=\"1863\" data-end=\"2412\">\n<thead data-start=\"1863\" data-end=\"1883\">\n<tr data-start=\"1863\" data-end=\"1883\">\n<th data-start=\"1863\" data-end=\"1874\" data-col-size=\"sm\">Propri\u00e9t\u00e9<\/th>\n<th data-start=\"1874\" data-end=\"1883\" data-col-size=\"md\">Valeur<\/th>\n<\/tr>\n<\/thead>\n<tbody data-start=\"1907\" data-end=\"2412\">\n<tr data-start=\"1907\" data-end=\"1931\">\n<td data-start=\"1907\" data-end=\"1923\" data-col-size=\"sm\"><strong data-start=\"1909\" data-end=\"1922\">tension:<\/strong><\/td>\n<td data-col-size=\"md\" data-start=\"1923\" data-end=\"1931\">12V<\/td>\n<\/tr>\n<tr data-start=\"1932\" data-end=\"1958\">\n<td data-start=\"1932\" data-end=\"1949\" data-col-size=\"sm\"><strong data-start=\"1934\" data-end=\"1948\">Capacit\u00e9:<\/strong><\/td>\n<td data-start=\"1949\" data-end=\"1958\" data-col-size=\"md\">12 Ah<\/td>\n<\/tr>\n<tr data-start=\"1959\" data-end=\"2041\">\n<td data-start=\"1959\" data-end=\"1977\" data-col-size=\"sm\"><strong data-start=\"1961\" data-end=\"1976\">Type de batterie\u00a0:<\/strong><\/td>\n<td data-start=\"1977\" data-end=\"2041\" data-col-size=\"md\">Batterie AGM (batterie au plomb-acide r\u00e9gul\u00e9e par soupape, scell\u00e9e \/ sans entretien)<\/td>\n<\/tr>\n<tr data-start=\"2042\" data-end=\"2083\">\n<td data-start=\"2042\" data-end=\"2065\" data-col-size=\"sm\"><strong data-start=\"2044\" data-end=\"2064\">Concevoir sa vie :<\/strong><\/td>\n<td data-start=\"2065\" data-end=\"2083\" data-col-size=\"md\">5 ans (en veille)<\/td>\n<\/tr>\n<tr data-start=\"2084\" data-end=\"2124\">\n<td data-start=\"2084\" data-end=\"2104\" data-col-size=\"sm\"><strong data-start=\"2086\" data-end=\"2103\">Dimensions (L\u00d7l\u00d7H) :<\/strong><\/td>\n<td data-start=\"2104\" data-end=\"2124\" data-col-size=\"md\">151 \u00d7 98 \u00d7 93 mm<\/td>\n<\/tr>\n<tr data-start=\"2125\" data-end=\"2151\">\n<td data-start=\"2125\" data-end=\"2137\" data-col-size=\"sm\"><strong data-start=\"2127\" data-end=\"2136\">Poids:<\/strong><\/td>\n<td data-start=\"2137\" data-end=\"2151\" data-col-size=\"md\">environ 3,24 kg<\/td>\n<\/tr>\n<tr data-start=\"2152\" data-end=\"2191\">\n<td data-start=\"2152\" data-end=\"2166\" data-col-size=\"sm\"><strong data-start=\"2154\" data-end=\"2165\">Type de poteau :<\/strong><\/td>\n<td data-start=\"2166\" data-end=\"2191\" data-col-size=\"md\">Broche plate F2 (6,3 mm)<\/td>\n<\/tr>\n<tr data-start=\"2192\" data-end=\"2224\">\n<td data-start=\"2192\" data-end=\"2205\" data-col-size=\"sm\"><strong data-start=\"2194\" data-end=\"2204\">Couverture:<\/strong><\/td>\n<td data-start=\"2205\" data-end=\"2224\" data-col-size=\"md\">plastique ABS noir<\/td>\n<\/tr>\n<tr data-start=\"2225\" data-end=\"2294\">\n<td data-start=\"2225\" data-end=\"2247\" data-col-size=\"sm\"><strong data-start=\"2227\" data-end=\"2246\">Certifications:<\/strong><\/td>\n<td data-start=\"2247\" data-end=\"2294\" data-col-size=\"md\">Certifications CE, UL, RoHS, ISO 9000 \/ ISO 14000 \/ ISO 18000<\/td>\n<\/tr>\n<tr data-start=\"2295\" data-end=\"2339\">\n<td data-start=\"2295\" data-end=\"2315\" data-col-size=\"sm\"><strong data-start=\"2297\" data-end=\"2314\">Taux d&#039;\u00e9chec :<\/strong><\/td>\n<td data-start=\"2315\" data-end=\"2339\" data-col-size=\"md\">&lt; 0,03 % d\u00e9part usine<\/td>\n<\/tr>\n<tr data-start=\"2340\" data-end=\"2376\">\n<td data-start=\"2340\" data-end=\"2367\" data-col-size=\"sm\"><strong data-start=\"2342\" data-end=\"2366\">Num\u00e9ro d&#039;article (SKU) :<\/strong><\/td>\n<td data-col-size=\"md\" data-start=\"2367\" data-end=\"2376\">50012<\/td>\n<\/tr>\n<tr data-start=\"2377\" data-end=\"2412\">\n<td data-start=\"2377\" data-end=\"2402\" data-col-size=\"sm\"><strong data-start=\"2379\" data-end=\"2401\">Marque \/ S\u00e9rie :<\/strong><\/td>\n<td data-col-size=\"md\" data-start=\"2402\" data-end=\"2412\">H\u00c9LIOS<\/td>\n<\/tr>\n<\/tbody>\n<\/table>\n<\/div>\n<\/div>\n<hr data-start=\"2414\" data-end=\"2417\" \/>\n<h3 data-start=\"2419\" data-end=\"2452\"><strong data-start=\"2423\" data-end=\"2452\">Recommandations de recharge<\/strong><\/h3>\n<ul data-start=\"2454\" data-end=\"2563\">\n<li data-start=\"2454\" data-end=\"2493\">\n<p data-start=\"2456\" data-end=\"2493\"><strong data-start=\"2456\" data-end=\"2477\">Charge en veille\u00a0:<\/strong> 13,5 \u2013 13,8 V<\/p>\n<\/li>\n<li data-start=\"2494\" data-end=\"2533\">\n<p data-start=\"2496\" data-end=\"2533\"><strong data-start=\"2496\" data-end=\"2517\">Recharge cyclique\u00a0:<\/strong> 14,4 \u2013 15,0 V<\/p>\n<\/li>\n<li data-start=\"2534\" data-end=\"2563\">\n<p data-start=\"2536\" data-end=\"2563\"><strong data-start=\"2536\" data-end=\"2555\">Courant de charge maximal\u00a0:<\/strong> 3,6A<\/p>\n<\/li>\n<\/ul>\n<p data-start=\"2565\" data-end=\"2763\">En fonctionnement cyclique, le courant de charge ne doit pas d\u00e9passer 30 % de la capacit\u00e9 de la batterie (Ah).<br data-start=\"2649\" data-end=\"2652\" \/>Pour la charge d&#039;entretien, environ 5 % sont recommand\u00e9s.<br data-start=\"2699\" data-end=\"2702\" \/>Suivez toujours les instructions du manuel du chargeur et les sp\u00e9cifications de l&#039;\u00e9quipement.<\/p>\n<hr data-start=\"2765\" data-end=\"2768\" \/>\n<h3 data-start=\"2770\" data-end=\"2790\"><strong data-start=\"2774\" data-end=\"2790\">Installation<\/strong><\/h3>\n<ol data-start=\"2792\" data-end=\"3060\">\n<li data-start=\"2792\" data-end=\"2839\">\n<p data-start=\"2795\" data-end=\"2839\">D\u00e9branchez l&#039;appareil du secteur.<\/p>\n<\/li>\n<li data-start=\"2840\" data-end=\"2912\">\n<p data-start=\"2843\" data-end=\"2912\">Ouvrez le compartiment de la pile et v\u00e9rifiez la polarit\u00e9 (rouge = +, noir = \u2013).<\/p>\n<\/li>\n<li data-start=\"2913\" data-end=\"2989\">\n<p data-start=\"2916\" data-end=\"2989\">Connectez les broches plates au bon endroit \u2013 la batterie est fournie avec F2 (6,3 mm).<\/p>\n<\/li>\n<li data-start=\"2990\" data-end=\"3060\">\n<p data-start=\"2993\" data-end=\"3060\">Fixez la batterie dans son compartiment et testez son fonctionnement apr\u00e8s reconnexion.<\/p>\n<\/li>\n<\/ol>\n<hr data-start=\"3062\" data-end=\"3065\" \/>\n<h3 data-start=\"3067\" data-end=\"3080\"><strong data-start=\"3071\" data-end=\"3080\">Environnement<\/strong><\/h3>\n<p data-start=\"3082\" data-end=\"3247\">Ce produit est recyclable. Veuillez apporter vos piles au plomb usag\u00e9es au centre de recyclage le plus proche.<br data-start=\"3174\" data-end=\"3177\" \/>La gamme HELIOS est fabriqu\u00e9e dans le respect de l&#039;environnement, de la qualit\u00e9 et de la s\u00e9curit\u00e9.<\/p>\n<hr data-start=\"3249\" data-end=\"3252\" \/>\n<h3 data-start=\"3254\" data-end=\"3265\"><strong data-start=\"3258\" data-end=\"3265\">FAQ<\/strong><\/h3>\n<p data-start=\"3267\" data-end=\"3387\"><strong data-start=\"3267\" data-end=\"3302\">Cette batterie est-elle de type AGM ou GEL\u00a0?<\/strong><br data-start=\"3302\" data-end=\"3305\" \/>Il s&#039;agit d&#039;une batterie AGM (VRLA), c&#039;est-\u00e0-dire r\u00e9gul\u00e9e par soupape et totalement sans entretien.<\/p>\n<p data-start=\"3389\" data-end=\"3570\"><strong data-start=\"3389\" data-end=\"3441\">Est-ce compatible avec mon onduleur, mon syst\u00e8me d&#039;alarme ou mon syst\u00e8me t\u00e9l\u00e9phonique\u00a0?<\/strong><br data-start=\"3441\" data-end=\"3444\" \/>Oui, si votre batterie actuelle est une 12V 12Ah de taille 151\u00d798\u00d793 mm et poss\u00e8de des bornes \u00e0 broches plates (F2), il s&#039;agit d&#039;un remplacement direct.<\/p>\n<p data-start=\"3572\" data-end=\"3669\"><strong data-start=\"3572\" data-end=\"3604\">Dois-je faire l&#039;appoint de liquide ?<\/strong><br data-start=\"3604\" data-end=\"3607\" \/>Non, la batterie est totalement scell\u00e9e et ne n\u00e9cessite aucun entretien.<\/p>\n<hr data-start=\"3671\" data-end=\"3674\" \/>\n<h3 data-start=\"3676\" data-end=\"3698\"><strong data-start=\"3680\" data-end=\"3698\">R\u00e9sum\u00e9<\/strong><\/h3>\n<p data-start=\"3700\" data-end=\"3976\">La batterie HELIOS 12V 12Ah AGM (VRLA) est une batterie fiable et \u00e9conomique pour les alarmes, les onduleurs et autres \u00e9quipements 12V.<br data-start=\"3823\" data-end=\"3826\" \/>Gr\u00e2ce \u00e0 sa construction \u00e9tanche, sa faible autod\u00e9charge et sa dur\u00e9e de vie de 5 ans, elle offre des performances stables et un fonctionnement s\u00fbr dans les syst\u00e8mes professionnels.<\/p>\n<p data-start=\"3700\" data-end=\"3976\"><strong>Compatible avec, entre autres\u00a0:<\/strong><\/p>\n<p data-start=\"3700\" data-end=\"3976\"><!--more--><\/p>\n<ul>\n<li>Amstron AP-12120F2<\/li>\n<li>Amstron AP-12140F2<\/li>\n<li>BB BP12-12<\/li>\n<li>BB BPL12-12<\/li>\n<li>BB EB12-12<\/li>\n<li>BB EP12-12<\/li>\n<li>BB EVP12-12<\/li>\n<li>BB HR15-12<\/li>\n<li>CSB EVX12110<\/li>\n<li>CSB EVX12120<\/li>\n<li>CSB GH12100<\/li>\n<li>CSB GP12100A<\/li>\n<li>CSB GP12110<\/li>\n<li>CSB GP12110 F2<\/li>\n<li>CSB GP12110F1<\/li>\n<li>CSB GP12110F2<\/li>\n<li>CSB GP12120<\/li>\n<li>CSB GP12120 F2<\/li>\n<li>CSB GP12120F2<\/li>\n<li>CSB GPL12120<\/li>\n<li>Casil CA12120<\/li>\n<li>Douglas Guardian DBG12-12G<\/li>\n<li>Douglas Guardian DBG1212A<\/li>\n<li>Douglas Guardian DG12-12G<\/li>\n<li>Douglas Guardian DG1212A<\/li>\n<li>Eagle Pichet CF12V15<\/li>\n<li>\u00c9lan ELK-12100<\/li>\n<li>\u00c9lan ELK-12120<\/li>\n<li>EnerSys NP12-12<\/li>\n<li>EnerSys NP12-12FR<\/li>\n<li>EnerSys NP12-12T<\/li>\n<li>Exide EP12-12<\/li>\n<li>Stockage GS PE12V12F2<\/li>\n<li>Brume HZS12-12<\/li>\n<li>Hitachi HP12-12<\/li>\n<li>IBT BT10-12<\/li>\n<li>IBT BT12-12<\/li>\n<li>IBT BT15-12<\/li>\n<li>Inter\u00e9tatique ABSL1104<\/li>\n<li>Inter\u00e9tatique ABSL1105<\/li>\n<li>Interstate BSL1104<\/li>\n<li>Interstate BSL1105<\/li>\n<li>Interstate PC12120<\/li>\n<li>Autoroute inter\u00e9tatique PC1220<\/li>\n<li>Autoroute inter\u00e9tatique SLA1104<\/li>\n<li>Autoroute inter\u00e9tatique SLA1105<\/li>\n<li>Interstate SLA3060<\/li>\n<li>Johnson Controls JC12120<\/li>\n<li>Jolt SA12120F1<\/li>\n<li>Jolt SA12120F2<\/li>\n<li>King Long WP10-12<\/li>\n<li>King Long WP11-12<\/li>\n<li>King Long WP12-12<\/li>\n<li>Leoch LP12-12<\/li>\n<li>MK ES12-12<\/li>\n<li>OD 6-DW-12<\/li>\n<li>Panasonic LC-PB1210PU<\/li>\n<li>Panasonic LC-R1211P<\/li>\n<li>Panasonic LC-R1212P<\/li>\n<li>Panasonic LC-R12V10PF<\/li>\n<li>Panasonic LC-R12V12P<\/li>\n<li>Panasonic LC-R12V12PF<\/li>\n<li>Panasonic LC-R8512P<\/li>\n<li>Panasonic LC-R8512PF<\/li>\n<li>Panasonic LC-R8512PS<\/li>\n<li>Panasonic LC-RA1212CH<\/li>\n<li>Panasonic LC-RA1212P<\/li>\n<li>Panasonic LC-RA1212P1<\/li>\n<li>Panasonic LC-RA1212PG1<\/li>\n<li>Panasonic LC-RA1212PU<\/li>\n<li>Panasonic LC-RB1210PU<\/li>\n<li>Power Patrol SLA1104<\/li>\n<li>Power Patrol SLA3060<\/li>\n<li>Power Sonic PS-12100<\/li>\n<li>Power Sonic PS-12120<\/li>\n<li>Power Sonic PS-12140<\/li>\n<li>Rhino SLA10-12\/T25<\/li>\n<li>Consommation : 12 V, 12 Ah<\/li>\n<li>Soleil 2145139800<\/li>\n<li>Soleil 789552500<\/li>\n<li>Soleil 95525<\/li>\n<li>Soleil A212\/10S<\/li>\n<li>Sunshine A212\/12G<\/li>\n<li>Sonnenschein A212\/9.5S<\/li>\n<li>Sonnenschein A412\/8.5 SR<\/li>\n<li>Soleil A512100S<\/li>\n<li>Sunshine A51210S<\/li>\n<li>Soleil CR1212<\/li>\n<li>Sonnenschein NGA5120010HSOSA<\/li>\n<li>Temp\u00eate TR12-12<\/li>\n<li>Union MX-12120<\/li>\n<li>Union MX-12120 F2<\/li>\n<li>Universel (UPG) D5775<\/li>\n<li>Universel (UPG) UB12120<\/li>\n<li>Vision 6FM12<\/li>\n<li>Vision CP12100<\/li>\n<li>Vision CP12120<\/li>\n<li>Volcan KB12120<\/li>\n<li>Yuasa NP12-12<\/li>\n<li>Yuasa NP12-12FR<\/li>\n<li>Yuasa NP12-12T<\/li>\n<\/ul>","protected":false},"excerpt":{"rendered":"<p>Batterie AGM 12V 12Ah sans entretien (VRLA) pour alarmes, UPS, syst\u00e8mes de t\u00e9l\u00e9communications et autres \u00e9quipements 12V.<br data-start=\"522\" data-end=\"525\" \/>Dimensions standard 151 \u00d7 98 \u00d7 93 mm avec bobines \u00e0 broches plates F2 (6,3 mm). Dur\u00e9e de vie\u00a0: 5 ans. Livraison rapide depuis un entrep\u00f4t su\u00e9dois.<\/p>","protected":false},"featured_media":159335,"template":"","meta":{"_acf_changed":false},"product_brand":[],"product_cat":[1596,2428],"product_tag":[4519,2419],"class_list":{"0":"post-56988","1":"product","2":"type-product","3":"status-publish","4":"has-post-thumbnail","6":"product_cat-ackumulatorer-12v-agm-batterier","7":"product_cat-stromforsorjning-batterier","8":"product_tag-batteri-7-12-ah","9":"product_tag-rel-batteri","10":"product_shipping_class-tunga-paket","11":"pa_brands-stonehouse-security","12":"tm-no-options","14":"first","15":"instock","16":"sale","17":"featured","18":"taxable","19":"shipping-taxable","20":"purchasable","21":"product-type-simple"},"acf":[],"_links":{"self":[{"href":"https:\/\/secureus.se\/fr\/wp-json\/wp\/v2\/product\/56988","targetHints":{"allow":["GET"]}}],"collection":[{"href":"https:\/\/secureus.se\/fr\/wp-json\/wp\/v2\/product"}],"about":[{"href":"https:\/\/secureus.se\/fr\/wp-json\/wp\/v2\/types\/product"}],"wp:featuredmedia":[{"embeddable":true,"href":"https:\/\/secureus.se\/fr\/wp-json\/wp\/v2\/media\/159335"}],"wp:attachment":[{"href":"https:\/\/secureus.se\/fr\/wp-json\/wp\/v2\/media?parent=56988"}],"wp:term":[{"taxonomy":"product_brand","embeddable":true,"href":"https:\/\/secureus.se\/fr\/wp-json\/wp\/v2\/product_brand?post=56988"},{"taxonomy":"product_cat","embeddable":true,"href":"https:\/\/secureus.se\/fr\/wp-json\/wp\/v2\/product_cat?post=56988"},{"taxonomy":"product_tag","embeddable":true,"href":"https:\/\/secureus.se\/fr\/wp-json\/wp\/v2\/product_tag?post=56988"}],"curies":[{"name":"wp","href":"https:\/\/api.w.org\/{rel}","templated":true}]}}