{"id":56992,"date":"2022-03-10T15:57:00","date_gmt":"2022-03-10T14:57:00","guid":{"rendered":"https:\/\/secureus.se\/produkt\/ackumulator-batteri-agm-helios-12v-18ah-med-flatstiftanslutning\/"},"modified":"2026-04-02T11:13:00","modified_gmt":"2026-04-02T09:13:00","slug":"agm-batteri-12v18ah","status":"publish","type":"product","link":"https:\/\/secureus.se\/fr\/agm-batteri-12v18ah\/","title":{"rendered":"Batterie 12 V 18 Ah HELIOS, connexion \u00e0 broches plates, dur\u00e9e de vie de 5 \u00e0 8 ans, version Pro"},"content":{"rendered":"<h2 data-start=\"191\" data-end=\"275\"><strong data-start=\"194\" data-end=\"275\">Batterie AGM 12V 18Ah \u2013 HELIOS AGM avec connexion \u00e0 broches plates (dur\u00e9e de vie de 5 \u00e0 8 ans)<\/strong><\/h2>\n<p data-start=\"277\" data-end=\"346\"><strong data-start=\"277\" data-end=\"346\">Alimentation \u00e9lectrique fiable pour les syst\u00e8mes d&#039;alarme, les syst\u00e8mes d&#039;alimentation sans coupure et les syst\u00e8mes de t\u00e9l\u00e9communications<\/strong><\/p>\n<p data-start=\"348\" data-end=\"592\">Helios AGM 12V 18Ah est une <strong data-start=\"375\" data-end=\"429\">batterie au plomb sans entretien avec connexion \u00e0 broche plate<\/strong> (sans vis) qui offre un effet stable et durable. Parfait pour <strong data-start=\"496\" data-end=\"540\">syst\u00e8mes de s\u00e9curit\u00e9, alimentation de secours (UPS)<\/strong> et d&#039;autres syst\u00e8mes o\u00f9 la fiabilit\u00e9 est cruciale.<\/p>\n<hr data-start=\"594\" data-end=\"597\" \/>\n<h3 data-start=\"599\" data-end=\"620\"><strong data-start=\"606\" data-end=\"620\">Caract\u00e9ristiques<\/strong><\/h3>\n<ul data-start=\"621\" data-end=\"788\">\n<li data-start=\"621\" data-end=\"640\">\n<p data-start=\"623\" data-end=\"640\">tension: <strong data-start=\"633\" data-end=\"640\">12V<\/strong><\/p>\n<\/li>\n<li data-start=\"641\" data-end=\"662\">\n<p data-start=\"643\" data-end=\"662\">Capacit\u00e9: <strong data-start=\"654\" data-end=\"662\">18 Ah<\/strong><\/p>\n<\/li>\n<li data-start=\"663\" data-end=\"704\">\n<p data-start=\"665\" data-end=\"704\">Connexion: <strong data-start=\"677\" data-end=\"704\">Broche plate (F2 \/ 6,3 mm)<\/strong><\/p>\n<\/li>\n<li data-start=\"705\" data-end=\"728\">\n<p data-start=\"707\" data-end=\"728\">Vie: <strong data-start=\"718\" data-end=\"728\">5 \u00e0 8 ans<\/strong><\/p>\n<\/li>\n<li data-start=\"729\" data-end=\"769\">\n<p data-start=\"731\" data-end=\"769\">Taille: <strong data-start=\"740\" data-end=\"769\">181 \u00d7 77 \u00d7 167 mm (L\u00d7l\u00d7H)<\/strong><\/p>\n<\/li>\n<li data-start=\"770\" data-end=\"788\">\n<p data-start=\"772\" data-end=\"788\">Poids: <strong data-start=\"778\" data-end=\"788\">5,1 kg<\/strong><\/p>\n<\/li>\n<\/ul>\n<hr data-start=\"790\" data-end=\"793\" \/>\n<h3 data-start=\"795\" data-end=\"835\"><strong data-start=\"802\" data-end=\"835\">Qualit\u00e9 et fiabilit\u00e9<\/strong><\/h3>\n<p data-start=\"836\" data-end=\"1072\">Les batteries Helios AGM sont fabriqu\u00e9es avec une grande pr\u00e9cision et <strong data-start=\"890\" data-end=\"921\">faible taux d&#039;erreur inf\u00e9rieur \u00e0 0,03 %<\/strong> Directement de l&#039;usine.<br data-start=\"934\" data-end=\"937\" \/>Chaque batterie r\u00e9pond <strong data-start=\"961\" data-end=\"1009\">Certifications CE, UL, RoHS, ISO 9000, ISO 14000 et ISO 18000<\/strong> \u2013 ce qui garantit une qualit\u00e9, des performances et un fonctionnement s\u00fbrs.<\/p>\n<hr data-start=\"1074\" data-end=\"1077\" \/>\n<h3 data-start=\"1079\" data-end=\"1098\"><strong data-start=\"1086\" data-end=\"1098\">Avantages<\/strong><\/h3>\n<ul data-start=\"1099\" data-end=\"1307\">\n<li data-start=\"1099\" data-end=\"1140\">\n<p data-start=\"1101\" data-end=\"1140\">Hautes performances et faible autod\u00e9charge<\/p>\n<\/li>\n<li data-start=\"1141\" data-end=\"1171\">\n<p data-start=\"1143\" data-end=\"1171\">Construction sans entretien<\/p>\n<\/li>\n<li data-start=\"1172\" data-end=\"1216\">\n<p data-start=\"1174\" data-end=\"1216\">Optimis\u00e9 pour <strong data-start=\"1188\" data-end=\"1214\">op\u00e9rations de secours et d&#039;urgence<\/strong><\/p>\n<\/li>\n<li data-start=\"1217\" data-end=\"1257\">\n<p data-start=\"1219\" data-end=\"1257\">R\u00e9siste aux cycles de charge et de d\u00e9charge fr\u00e9quents.<\/p>\n<\/li>\n<li data-start=\"1258\" data-end=\"1307\">\n<p data-start=\"1260\" data-end=\"1307\">Fonctionnement stable m\u00eame \u00e0 des temp\u00e9ratures variables<\/p>\n<\/li>\n<\/ul>\n<hr data-start=\"1309\" data-end=\"1312\" \/>\n<h3 data-start=\"1314\" data-end=\"1342\"><strong data-start=\"1320\" data-end=\"1342\">Domaines d&#039;utilisation<\/strong><\/h3>\n<ul data-start=\"1343\" data-end=\"1459\">\n<li data-start=\"1343\" data-end=\"1383\">\n<p data-start=\"1345\" data-end=\"1383\">Syst\u00e8mes d&#039;alarme et installations de s\u00e9curit\u00e9<\/p>\n<\/li>\n<li data-start=\"1384\" data-end=\"1407\">\n<p data-start=\"1386\" data-end=\"1407\">Alimentation de secours et onduleur<\/p>\n<\/li>\n<li data-start=\"1408\" data-end=\"1428\">\n<p data-start=\"1410\" data-end=\"1428\">installations de t\u00e9l\u00e9communications<\/p>\n<\/li>\n<li data-start=\"1429\" data-end=\"1459\">\n<p data-start=\"1431\" data-end=\"1459\">\u00c9clairage de secours et alarmes op\u00e9rationnelles<\/p>\n<\/li>\n<\/ul>\n<hr data-start=\"1461\" data-end=\"1464\" \/>\n<p data-start=\"1466\" data-end=\"1697\"><strong data-start=\"1466\" data-end=\"1487\">S\u00e9rie Helios AGM<\/strong> Disponible en plusieurs capacit\u00e9s (7\u201345Ah) pour r\u00e9pondre \u00e0 diff\u00e9rents besoins.<br data-start=\"1549\" data-end=\"1552\" \/>Que vous dirigiez une entreprise de s\u00e9curit\u00e9 ou installiez des syst\u00e8mes UPS, vous pouvez avoir confiance en cela. <strong data-start=\"1642\" data-end=\"1656\">Assembl\u00e9e g\u00e9n\u00e9rale annuelle d&#039;Helios<\/strong> Fournit de l&#039;\u00e9nergie au moment o\u00f9 on en a le plus besoin.<\/p>","protected":false},"excerpt":{"rendered":"<p>Batterie AGM 18 AH dur\u00e9e de vie de 5 ans pour syst\u00e8mes de t\u00e9l\u00e9communication, d&#039;alarme et de s\u00e9curit\u00e9. Equip\u00e9 d&#039;un poteau pour goupille plate (pas de vis)<\/p>\n<p>Bienvenue dans notre gamme de batteries Helios AGM, \u00e9galement appel\u00e9es batteries, con\u00e7ues pour r\u00e9pondre aux besoins des alarmes, des syst\u00e8mes d&#039;alimentation sans coupure (UPS), des syst\u00e8mes de t\u00e9l\u00e9communications et bien plus encore.<\/p>\n<p>Avec une capacit\u00e9 de 18 Ah et une tension de 12 V, nos batteries offrent une alimentation \u00e9lectrique fiable et durable pour diverses applications, y compris les solutions de secours.<\/p>","protected":false},"featured_media":159064,"template":"","meta":{"_acf_changed":false},"product_brand":[],"product_cat":[1596,2428],"product_tag":[4406,2423,2419,2422],"class_list":{"0":"post-56992","1":"product","2":"type-product","3":"status-publish","4":"has-post-thumbnail","6":"product_cat-ackumulatorer-12v-agm-batterier","7":"product_cat-stromforsorjning-batterier","8":"product_tag-batteri-13-45-ah","9":"product_tag-rel-larm-allman","10":"product_tag-rel-batteri","11":"product_tag-rel-brand","12":"product_shipping_class-tunga-paket","13":"pa_brands-stonehouse-security","14":"tm-no-options","16":"first","17":"onbackorder","18":"sale","19":"featured","20":"taxable","21":"shipping-taxable","22":"purchasable","23":"product-type-simple"},"acf":[],"_links":{"self":[{"href":"https:\/\/secureus.se\/fr\/wp-json\/wp\/v2\/product\/56992","targetHints":{"allow":["GET"]}}],"collection":[{"href":"https:\/\/secureus.se\/fr\/wp-json\/wp\/v2\/product"}],"about":[{"href":"https:\/\/secureus.se\/fr\/wp-json\/wp\/v2\/types\/product"}],"wp:featuredmedia":[{"embeddable":true,"href":"https:\/\/secureus.se\/fr\/wp-json\/wp\/v2\/media\/159064"}],"wp:attachment":[{"href":"https:\/\/secureus.se\/fr\/wp-json\/wp\/v2\/media?parent=56992"}],"wp:term":[{"taxonomy":"product_brand","embeddable":true,"href":"https:\/\/secureus.se\/fr\/wp-json\/wp\/v2\/product_brand?post=56992"},{"taxonomy":"product_cat","embeddable":true,"href":"https:\/\/secureus.se\/fr\/wp-json\/wp\/v2\/product_cat?post=56992"},{"taxonomy":"product_tag","embeddable":true,"href":"https:\/\/secureus.se\/fr\/wp-json\/wp\/v2\/product_tag?post=56992"}],"curies":[{"name":"wp","href":"https:\/\/api.w.org\/{rel}","templated":true}]}}