{"id":56997,"date":"2022-03-10T15:57:00","date_gmt":"2022-03-10T14:57:00","guid":{"rendered":"https:\/\/secureus.se\/produkt\/batteri-lithium-cr2-850-mah-3-volt-fran-pk-cell-ej-uppladningsbart\/"},"modified":"2026-04-16T16:22:11","modified_gmt":"2026-04-16T14:22:11","slug":"batteri-lithium-cr2-850-mah-3-volt-fran-pk-cell-ej-uppladningsbart","status":"publish","type":"product","link":"https:\/\/secureus.se\/fr\/batteri-lithium-cr2-850-mah-3-volt-fran-pk-cell-ej-uppladningsbart\/","title":{"rendered":"Batterie Lithium CR2 850 mAh 3 volts de PK-cell"},"content":{"rendered":"<h1>Batterie Lithium CR2 850 mAh 3 volts de PK-cell<\/h1>\n<p data-start=\"528\" data-end=\"909\">La batterie Lithium CR2 850mAh 3V de PK-Cell est une batterie puissante et fiable qui offre des performances durables pour une vari\u00e9t\u00e9 d&#039;appareils.<\/p>\n<p data-start=\"528\" data-end=\"909\">Cette batterie au lithium non rechargeable est con\u00e7ue pour fournir une alimentation constante et fiable dans les applications qui n\u00e9cessitent une capacit\u00e9 \u00e9lev\u00e9e et une longue dur\u00e9e de vie, telles que les appareils photo num\u00e9riques, les produits de s\u00e9curit\u00e9 et autres appareils \u00e9lectroniques.<\/p>\n<p data-start=\"911\" data-end=\"1391\">Avec une tension nominale de 3,0 V et une capacit\u00e9 de 850 mAh, la batterie CR2 fournit une alimentation \u00e9lectrique durable et stable.<\/p>\n<p data-start=\"911\" data-end=\"1391\">La d\u00e9charge continue de la batterie \u00e0 5 mA produit une tension de 2,0 V \u00e0 20 \u00b1 3 \u2103, ce qui en fait un excellent choix pour les appareils qui n\u00e9cessitent une alimentation constante sur une p\u00e9riode prolong\u00e9e.<\/p>\n<p data-start=\"911\" data-end=\"1391\">\u00c0 des charges plus \u00e9lev\u00e9es, la batterie est capable de g\u00e9rer un courant constant allant jusqu&#039;\u00e0 1 000 mA et un courant d&#039;impulsion de 2 000 mA, offrant une flexibilit\u00e9 pour prendre en charge des appareils plus puissants en cas de besoin.<\/p>\n<p data-start=\"1393\" data-end=\"1716\">La pile CR2 est particuli\u00e8rement utile dans une vari\u00e9t\u00e9 d&#039;applications, y compris les produits de s\u00e9curit\u00e9 o\u00f9 une fiabilit\u00e9 \u00e9lev\u00e9e et une longue dur\u00e9e de fonctionnement sont essentielles.<\/p>\n<p data-start=\"1393\" data-end=\"1716\">Sa construction robuste lui permet de fonctionner efficacement \u00e0 des temp\u00e9ratures comprises entre -40\u00b0C et +80\u00b0C, offrant une flexibilit\u00e9 et une s\u00e9curit\u00e9 suppl\u00e9mentaires pour une utilisation dans des conditions difficiles.<\/p>\n<p data-start=\"1718\" data-end=\"2045\">La batterie est con\u00e7ue pour une longue dur\u00e9e de vie et une longue dur\u00e9e de stockage.<\/p>\n<p data-start=\"1718\" data-end=\"2045\">Lors de l&#039;achat, la batterie affiche une tension de 3,10 V \u00e0 3,30 V et maintient une tension stable de \u2265 3,00 V apr\u00e8s 12 mois de stockage.<\/p>\n<p data-start=\"1718\" data-end=\"2045\">Cela vous permet de stocker la batterie pendant de plus longues p\u00e9riodes sans vous soucier de la d\u00e9t\u00e9rioration de ses performances.<\/p>\n<p data-start=\"2047\" data-end=\"2371\">La pile CR2 est \u00e9galement facile \u00e0 utiliser. Il ne n\u00e9cessite aucune charge, ce qui le rend facile \u00e0 remplacer lorsqu&#039;il est temps de changer la batterie de vos appareils.<\/p>\n<p data-start=\"2047\" data-end=\"2371\">Il est \u00e9galement important de noter que la pile CR2 n&#039;est pas rechargeable et doit \u00eatre manipul\u00e9e et stock\u00e9e avec pr\u00e9caution pour \u00e9viter tout dommage tel qu&#039;une fuite ou une explosion.<\/p>\n<p data-start=\"2373\" data-end=\"2643\">En conclusion, la batterie PK-Cell CR2 850mAh 3V offre une solution fiable et durable pour une vari\u00e9t\u00e9 d&#039;applications qui n\u00e9cessitent des performances et une s\u00e9curit\u00e9 \u00e9lev\u00e9es.<\/p>\n<p data-start=\"2373\" data-end=\"2643\">Avec sa conception robuste et sa capacit\u00e9 fiable, cette batterie est un composant indispensable pour de nombreux appareils.<\/p>","protected":false},"excerpt":{"rendered":"<p>La batterie Lithium CR2 850mAh 3V de PK-Cell est une batterie au lithium non rechargeable, id\u00e9ale pour une utilisation dans les appareils photo num\u00e9riques, les produits de s\u00e9curit\u00e9 et autres appareils n\u00e9cessitant des performances \u00e9lev\u00e9es.<\/p>\n<p>Avec une capacit\u00e9 de 850 mAh et un courant maximum constant de 1000 mA, cette batterie offre un fonctionnement durable et fiable.<\/p>","protected":false},"featured_media":145546,"template":"","meta":{"_acf_changed":false},"product_brand":[],"product_cat":[1862],"product_tag":[2419],"class_list":{"0":"post-56997","1":"product","2":"type-product","3":"status-publish","4":"has-post-thumbnail","6":"product_cat-batterier-knappcell","7":"product_tag-rel-batteri","8":"product_shipping_class-postnord-varubrev","9":"pa_brands-pk-cell","10":"tm-no-options","12":"first","13":"instock","14":"sale","15":"featured","16":"taxable","17":"shipping-taxable","18":"purchasable","19":"product-type-simple"},"acf":[],"_links":{"self":[{"href":"https:\/\/secureus.se\/fr\/wp-json\/wp\/v2\/product\/56997","targetHints":{"allow":["GET"]}}],"collection":[{"href":"https:\/\/secureus.se\/fr\/wp-json\/wp\/v2\/product"}],"about":[{"href":"https:\/\/secureus.se\/fr\/wp-json\/wp\/v2\/types\/product"}],"wp:featuredmedia":[{"embeddable":true,"href":"https:\/\/secureus.se\/fr\/wp-json\/wp\/v2\/media\/145546"}],"wp:attachment":[{"href":"https:\/\/secureus.se\/fr\/wp-json\/wp\/v2\/media?parent=56997"}],"wp:term":[{"taxonomy":"product_brand","embeddable":true,"href":"https:\/\/secureus.se\/fr\/wp-json\/wp\/v2\/product_brand?post=56997"},{"taxonomy":"product_cat","embeddable":true,"href":"https:\/\/secureus.se\/fr\/wp-json\/wp\/v2\/product_cat?post=56997"},{"taxonomy":"product_tag","embeddable":true,"href":"https:\/\/secureus.se\/fr\/wp-json\/wp\/v2\/product_tag?post=56997"}],"curies":[{"name":"wp","href":"https:\/\/api.w.org\/{rel}","templated":true}]}}